{"id":760,"date":"2019-04-25T00:20:14","date_gmt":"2019-04-24T22:20:14","guid":{"rendered":"https:\/\/www.brustkrebs-selbsthilfe-mc.de\/?page_id=760"},"modified":"2022-01-05T22:31:30","modified_gmt":"2022-01-05T21:31:30","slug":"spenden","status":"publish","type":"page","link":"https:\/\/www.brustkrebs-selbsthilfe-mc.de\/index.php\/spenden\/","title":{"rendered":"Spenden"},"content":{"rendered":"<div class=\"wpb-content-wrapper\"><p>[vc_row][vc_column][vc_empty_space height=&#8220;50&#8243;][vc_column_text]\u00dcber Spenden, zur Unterst\u00fctzung des<\/p>\n<h3><span style=\"color: #00ad8a;\"><strong>F\u00f6rderverein mC f\u00fcr <\/strong><strong>Brustkrebshilfe <span style=\"color: #ff33ff;\"><em>e.V.<\/em><\/span><\/strong><\/span><\/h3>\n<p>freuen wir uns sehr:<\/p>\n<p>&nbsp;<\/p>\n<p><strong>Bitte <a href=\"https:\/\/www.brustkrebs-selbsthilfe-mc.de\/index.php\/kontakt\/\">kontaktieren<\/a> Sie uns gerne, falls Sie etwas spenden m\u00f6chten. Vielen Dank.<\/strong><\/p>\n<blockquote>\n<p><span style=\"color: #ff0000;\"><em><strong>Unsere Bankverbindung f\u00fcr unser Spendenkonto mussten wir leider von unserer Website entfernen, da jemand versucht hat, uns zu hacken!<\/strong><\/em><\/span><\/p>\n<\/blockquote>\n<p>&nbsp;<\/p>\n<p>&nbsp;<\/p>\n<p>Der<\/p>\n<h4><span style=\"color: #00ad8a;\"><strong>F\u00f6rderverein mC f\u00fcr <\/strong><strong>Brustkrebshilfe <span style=\"color: #ff33ff;\"><em>e.V.<\/em><\/span><\/strong><\/span><\/h4>\n<p>ist vom Finanzamt Gummersbach befugt, steuerlich abzugsf\u00e4hige Spendenquittungen auszustellen.[\/vc_column_text][vc_empty_space height=&#8220;150&#8243;][\/vc_column][\/vc_row]<\/p>\n<\/div>","protected":false},"excerpt":{"rendered":"<p>[vc_row][vc_column][vc_empty_space height=&#8220;50&#8243;][vc_column_text]\u00dcber Spenden, zur Unterst\u00fctzung des F\u00f6rderverein mC f\u00fcr Brustkrebshilfe e.V. freuen wir uns sehr: &nbsp; Bitte kontaktieren Sie uns gerne, falls Sie etwas spenden m\u00f6chten. Vielen Dank. Unsere Bankverbindung f\u00fcr unser Spendenkonto mussten wir leider von unserer Website entfernen, da jemand versucht hat, uns zu hacken! &nbsp; &nbsp; Der F\u00f6rderverein mC f\u00fcr Brustkrebshilfe e.V. [&hellip;]<\/p>\n","protected":false},"author":3,"featured_media":0,"parent":0,"menu_order":0,"comment_status":"closed","ping_status":"closed","template":"","meta":{"site-sidebar-layout":"default","site-content-layout":"default","ast-site-content-layout":"default","site-content-style":"default","site-sidebar-style":"default","ast-global-header-display":"","ast-banner-title-visibility":"","ast-main-header-display":"","ast-hfb-above-header-display":"","ast-hfb-below-header-display":"","ast-hfb-mobile-header-display":"","site-post-title":"","ast-breadcrumbs-content":"","ast-featured-img":"","footer-sml-layout":"","ast-disable-related-posts":"","theme-transparent-header-meta":"default","adv-header-id-meta":"","stick-header-meta":"","header-above-stick-meta":"","header-main-stick-meta":"","header-below-stick-meta":"","astra-migrate-meta-layouts":"default","ast-page-background-enabled":"default","ast-page-background-meta":{"desktop":{"background-color":"","background-image":"","background-repeat":"repeat","background-position":"center center","background-size":"auto","background-attachment":"scroll","background-type":"","background-media":"","overlay-type":"","overlay-color":"","overlay-opacity":"","overlay-gradient":""},"tablet":{"background-color":"","background-image":"","background-repeat":"repeat","background-position":"center center","background-size":"auto","background-attachment":"scroll","background-type":"","background-media":"","overlay-type":"","overlay-color":"","overlay-opacity":"","overlay-gradient":""},"mobile":{"background-color":"","background-image":"","background-repeat":"repeat","background-position":"center center","background-size":"auto","background-attachment":"scroll","background-type":"","background-media":"","overlay-type":"","overlay-color":"","overlay-opacity":"","overlay-gradient":""}},"ast-content-background-meta":{"desktop":{"background-color":"var(--ast-global-color-5)","background-image":"","background-repeat":"repeat","background-position":"center center","background-size":"auto","background-attachment":"scroll","background-type":"","background-media":"","overlay-type":"","overlay-color":"","overlay-opacity":"","overlay-gradient":""},"tablet":{"background-color":"var(--ast-global-color-5)","background-image":"","background-repeat":"repeat","background-position":"center center","background-size":"auto","background-attachment":"scroll","background-type":"","background-media":"","overlay-type":"","overlay-color":"","overlay-opacity":"","overlay-gradient":""},"mobile":{"background-color":"var(--ast-global-color-5)","background-image":"","background-repeat":"repeat","background-position":"center center","background-size":"auto","background-attachment":"scroll","background-type":"","background-media":"","overlay-type":"","overlay-color":"","overlay-opacity":"","overlay-gradient":""}},"footnotes":""},"class_list":["post-760","page","type-page","status-publish","hentry"],"aioseo_notices":[],"_links":{"self":[{"href":"https:\/\/www.brustkrebs-selbsthilfe-mc.de\/index.php\/wp-json\/wp\/v2\/pages\/760","targetHints":{"allow":["GET"]}}],"collection":[{"href":"https:\/\/www.brustkrebs-selbsthilfe-mc.de\/index.php\/wp-json\/wp\/v2\/pages"}],"about":[{"href":"https:\/\/www.brustkrebs-selbsthilfe-mc.de\/index.php\/wp-json\/wp\/v2\/types\/page"}],"author":[{"embeddable":true,"href":"https:\/\/www.brustkrebs-selbsthilfe-mc.de\/index.php\/wp-json\/wp\/v2\/users\/3"}],"replies":[{"embeddable":true,"href":"https:\/\/www.brustkrebs-selbsthilfe-mc.de\/index.php\/wp-json\/wp\/v2\/comments?post=760"}],"version-history":[{"count":17,"href":"https:\/\/www.brustkrebs-selbsthilfe-mc.de\/index.php\/wp-json\/wp\/v2\/pages\/760\/revisions"}],"predecessor-version":[{"id":2332,"href":"https:\/\/www.brustkrebs-selbsthilfe-mc.de\/index.php\/wp-json\/wp\/v2\/pages\/760\/revisions\/2332"}],"wp:attachment":[{"href":"https:\/\/www.brustkrebs-selbsthilfe-mc.de\/index.php\/wp-json\/wp\/v2\/media?parent=760"}],"curies":[{"name":"wp","href":"https:\/\/api.w.org\/{rel}","templated":true}]}}