{"id":7,"date":"2018-08-31T07:47:40","date_gmt":"2018-08-31T07:47:40","guid":{"rendered":"https:\/\/www.brustkrebs-selbsthilfe-mc.de\/?page_id=7"},"modified":"2026-04-10T23:15:48","modified_gmt":"2026-04-10T21:15:48","slug":"startseite","status":"publish","type":"page","link":"https:\/\/www.brustkrebs-selbsthilfe-mc.de\/","title":{"rendered":"Startseite"},"content":{"rendered":"<div class=\"wpb-content-wrapper\"><p>[vc_row full_width=&#8220;stretch_row&#8220; css=&#8220;.vc_custom_1738495831813{background-position: center !important;background-repeat: no-repeat !important;background-size: cover !important;}&#8220;][vc_column][\/vc_column][\/vc_row][vc_row gap=&#8220;10&#8243; content_placement=&#8220;middle&#8220; css=&#8220;.vc_custom_1661212242321{background-color: #e0a8c6 !important;}&#8220;][vc_column][vc_empty_space height=&#8220;100&#8243;][vc_column_text]<\/p>\n<h1 style=\"text-align: center;\"><span style=\"color: #c9346b;\"><strong>Herzlich willkommen bei mamma CAMPY !<\/strong><\/span><\/h1>\n<p>[\/vc_column_text][vc_empty_space height=&#8220;50&#8243;][vc_single_image image=&#8220;1104&#8243; img_size=&#8220;medium&#8220; alignment=&#8220;center&#8220;][vc_empty_space height=&#8220;100&#8243;][vc_separator color=&#8220;purple&#8220; style=&#8220;shadow&#8220;][\/vc_column][\/vc_row][vc_row gap=&#8220;10&#8243; content_placement=&#8220;middle&#8220; css=&#8220;.vc_custom_1661212242321{background-color: #e0a8c6 !important;}&#8220;][vc_column width=&#8220;1\/2&#8243;][vc_empty_space height=&#8220;80&#8243;][vc_empty_space height=&#8220;20&#8243;][vc_column_text css=&#8220;.vc_custom_1698866642676{border-radius: 5px !important;}&#8220;]<\/p>\n<p style=\"text-align: center;\"><span style=\"font-size: large;\"><span style=\"color: #333333;\">Wir treffen uns<\/span><strong><a href=\"https:\/\/www.brustkrebs-selbsthilfe-mc.de\/index.php\/kontakt\/\"> jeden 1. Montag im Monat<\/a><\/strong><\/span><\/p>\n<p style=\"text-align: center;\"><span style=\"font-size: large;\"><strong><br \/>\n<span style=\"color: #333333;\">um 18:30 Uhr<\/span><\/strong><\/span><\/p>\n<p>&nbsp;<\/p>\n<p>&nbsp;<\/p>\n<div dir=\"auto\">\n<p style=\"text-align: center;\"><span style=\"font-size: large; color: #333333;\">im<\/span><\/p>\n<\/div>\n<p style=\"text-align: center;\"><span style=\"color: #333333;\"><span style=\"font-size: large;\"><strong>Katholischen Pfarrheim<\/strong><\/span><span style=\"font-size: large;\"><br \/>\nFriedhofstr. 2<br \/>\n<\/span><span style=\"font-size: large;\">51588 N\u00fcmbrecht.<\/span><\/span>[\/vc_column_text][vc_empty_space height=&#8220;50&#8243;][vc_column_text css=&#8220;.vc_custom_1713189907083{border-radius: 5px !important;}&#8220;]<\/p>\n<div class=\"entry-content clear\">\n<p style=\"padding-left: 40px;\"><span style=\"color: #333333;\">Der Abend besteht in der Regel aus zwei Teilen:<\/span><\/p>\n<p style=\"padding-left: 40px;\"><span style=\"color: #333333;\">Der <strong>erste Teil<\/strong> ist unsere &#8218;Kraftquelle&#8216;.<\/span><br \/>\n<span style=\"color: #333333;\">Hier wollen wir uns gegenseitig aufbauen durch positive und sch\u00f6ne Aktivit\u00e4ten<\/span><br \/>\n<span style=\"color: #333333;\">wie Workshops, Tanzabende, Fachvortr\u00e4ge u.v.m.<\/span><\/p>\n<\/div>\n<p style=\"padding-left: 40px;\"><span style=\"color: #333333;\">Im\u00a0<strong>zweiten Abschnitt<\/strong> findet eine Gespr\u00e4chsrunde statt, bei der jede, die m\u00f6chte,<\/span><br \/>\n<span style=\"color: #333333;\">\u00fcber ihre Krankheit und ihre Probleme und N\u00f6te, die damit einher gehen, berichtet.<\/span><\/p>\n<h5 style=\"padding-left: 40px;\"><strong style=\"font-size: 1.2em;\"><span style=\"color: #c9346b;\">Beide Teile k\u00f6nnen nach Belieben v\u00f6llig unabh\u00e4ngig voneinander besucht werden.<\/span><\/strong><\/h5>\n<h1 class=\"entry-title\" style=\"padding-left: 40px;\"><\/h1>\n<p>[\/vc_column_text][vc_empty_space height=&#8220;50&#8243;][vc_column_text css=&#8220;.vc_custom_1775855725853{border-radius: 5px !important;}&#8220;]<\/p>\n<h3 style=\"text-align: center;\"><span style=\"color: #333333;\"><strong>Unser n\u00e4chstes Treffen findet <\/strong><\/span><strong><span style=\"color: #333333;\">am<\/span> <\/strong><\/h3>\n<h3 style=\"text-align: center;\"><strong><a title=\"01. Dezember 2025\" href=\"https:\/\/www.brustkrebs-selbsthilfe-mc.de\/index.php\/04-mai-2026\/\">04. Mai 2026<\/a>\u00a0<span style=\"color: #333333;\">statt<\/span><\/strong><span style=\"color: #333333;\"><strong>.<\/strong><\/span><\/h3>\n<p>[\/vc_column_text][\/vc_column][vc_column width=&#8220;1\/2&#8243;][vc_single_image image=&#8220;2683&#8243; img_size=&#8220;400&#215;260&#8243; alignment=&#8220;center&#8220; style=&#8220;vc_box_shadow_3d&#8220;][vc_empty_space height=&#8220;100px&#8220;][vc_column_text css=&#8220;.vc_custom_1698866801105{border-radius: 10px !important;}&#8220;]<\/p>\n<p style=\"padding-left: 40px;\"><span style=\"color: #c9346b;\"><a style=\"font-size: large; color: #c9346b;\" href=\"https:\/\/www.brustkrebs-selbsthilfe-mc.de\/index.php\/kontakt\/\"><strong>Wir bitten um eine Anmeldung:<\/strong><\/a><\/span><\/p>\n<p style=\"font-size: large; padding-left: 40px;\"><span style=\"color: #333333;\"><strong>Telefon<\/strong>\u00a0 \u00a0 \u00a0 \u00a0 \u00a0 \u00a0 \u00a0 \u00a00170 \u2013 289 02 97<\/span><br \/>\n<span style=\"color: #333333;\"><strong>E-Mail<\/strong>\u00a0 \u00a0 \u00a0 \u00a0 \u00a0 \u00a0 \u00a0 \u00a0 \u00a0mamma.campy@gmail.com<\/span><\/p>\n<p style=\"font-size: large; padding-left: 40px;\"><span style=\"color: #333333;\">Gerne auch \u00fcber das Kontaktformular unten auf der Seite<\/span><br \/>\n<span style=\"color: #333333;\">oder in unserem<\/span> <strong><a href=\"https:\/\/www.brustkrebs-selbsthilfe-mc.de\/index.php\/gaestebuch\/\">G\u00e4stebuch<\/a><\/strong><span style=\"color: #333333;\">.<\/span>[\/vc_column_text][vc_empty_space height=&#8220;50&#8243;][\/vc_column][\/vc_row][vc_row gap=&#8220;10&#8243; content_placement=&#8220;middle&#8220; css=&#8220;.vc_custom_1661212207895{background-color: #e0a8c6 !important;}&#8220;][vc_column width=&#8220;1\/2&#8243;][vc_single_image image=&#8220;4531&#8243; img_size=&#8220;350&#215;400&#8243; alignment=&#8220;center&#8220; style=&#8220;vc_box_outline_circle&#8220;][vc_column_text]<\/p>\n<h4 style=\"text-align: center;\"><\/h4>\n<p>[\/vc_column_text][vc_column_text]<\/p>\n<h4><\/h4>\n<h3 style=\"text-align: center;\"><span style=\"color: #ffffff;\"><strong>Das mamma CAMPY-Team<\/strong><\/span><\/h3>\n<p>[\/vc_column_text][vc_empty_space][vc_single_image image=&#8220;4259&#8243; img_size=&#8220;200&#215;150&#8243; alignment=&#8220;center&#8220; style=&#8220;vc_box_outline_circle&#8220; onclick=&#8220;custom_link&#8220; link=&#8220;https:\/\/www.brustkrebs-selbsthilfe-mc.de\/wp-content\/uploads\/2024\/01\/nani-vollmer-splete-Flyer-148-x-105-mm.pdf&#8220;][vc_empty_space height=&#8220;50px&#8220;][vc_column_text]<\/p>\n<div class=\"entry-content clear\"><\/div>\n<h3 style=\"text-align: center;\"><span style=\"color: #c9346b;\"><strong>Zahlreiche Interessenten und Interessentinnen<br \/>\nsind herzlich willkommen!<\/strong><\/span><\/h3>\n<p>[\/vc_column_text][vc_empty_space height=&#8220;50px&#8220;][\/vc_column][vc_column width=&#8220;1\/2&#8243;][vc_empty_space][vc_empty_space][vc_column_text]<\/p>\n<p dir=\"auto\" style=\"text-align: center;\"><span style=\"font-size: large; color: #ffffff;\">Das mamma CAMPY-Team freut sich sehr auf<\/span><\/p>\n<p dir=\"auto\" style=\"text-align: center;\"><span style=\"font-size: large; color: #808080;\"><span style=\"color: #ffffff;\">unser n\u00e4chstes Treffen.<\/span>\u00a0<\/span><\/p>\n<h3 dir=\"auto\" style=\"text-align: center;\"><\/h3>\n<p>[\/vc_column_text][vc_empty_space][vc_empty_space][vc_column_text]<\/p>\n<h3 style=\"text-align: center;\"><strong><span style=\"color: #ffffff;\">Hierzu sind auch &#8218;Neue&#8216; herzlich eingeladen!<\/span><\/strong><\/h3>\n<h3><\/h3>\n<h3 style=\"text-align: center;\"><span style=\"color: #ffffff;\"><strong>Bitte nehmt vorher mit uns <a style=\"color: #ffffff;\" href=\"https:\/\/www.brustkrebs-selbsthilfe-mc.de\/index.php\/kontakt\/\">Kontakt<\/a> auf.<\/strong><\/span><\/h3>\n<p>[\/vc_column_text][vc_empty_space height=&#8220;50px&#8220;][vc_column_text]<\/p>\n<div dir=\"auto\">\n<p style=\"padding-left: 40px;\"><span style=\"color: #ffffff;\"><span style=\"font-size: large;\">Au\u00dferdem bieten wir Folgendes an:<\/span><\/span><\/p>\n<p>&nbsp;<\/p>\n<\/div>\n<h3 dir=\"auto\" style=\"padding-left: 40px;\"><span style=\"color: #ffffff;\"><a style=\"color: #ffffff;\" href=\"https:\/\/www.brustkrebs-selbsthilfe-mc.de\/index.php\/kontakt\/\"><b>Telefonieren:<\/b><\/a><\/span><\/h3>\n<div dir=\"auto\" style=\"padding-left: 40px;\"><span style=\"color: #ffffff;\"> <span style=\"font-size: large;\">Wenn es mal &#8218;brennt&#8216; oder auch wenn Ihr einfach &#8217;nur mal so&#8216; reden wollt, lasst uns telefonieren!<\/span><\/span><\/div>\n<div dir=\"auto\" style=\"padding-left: 40px;\">\n<p><span style=\"color: #ffffff;\"><span style=\"font-size: large;\">Am besten schreibt Ihr uns \u00fcber E-Mail oder WhatsApp, mit wem Ihr reden m\u00f6chtet und wann es Euch passen w\u00fcrde.<\/span><\/span><\/p>\n<\/div>\n<p>&nbsp;<\/p>\n<h3 dir=\"auto\" style=\"padding-left: 40px;\"><span style=\"color: #ffffff;\"><a style=\"color: #ffffff;\" href=\"https:\/\/www.brustkrebs-selbsthilfe-mc.de\/index.php\/gaestebuch\/\"><b>Schreiben:<\/b><\/a><\/span><\/h3>\n<div dir=\"auto\" style=\"padding-left: 40px;\">\n<p><span style=\"color: #ffffff;\"><span style=\"font-size: large;\">Schreibt uns doch einfach mal eine E-Mail oder eine WhatsApp-Nachricht, wie es Euch so ergeht.<\/span><\/span><\/p>\n<p><span style=\"color: #ffffff;\"><span style=\"font-size: large;\">Auch Kritik und Anregungen &#8211; ob positiv oder negativ, Hauptsache konstruktiv &#8211; k\u00f6nnt Ihr gerne loswerden.<\/span><\/span><\/p>\n<p><span style=\"color: #ffffff;\"><span style=\"font-size: large;\">Ihr k\u00f6nnt auch gerne das Kontaktformular unten benutzen:<\/span><\/span><\/p>\n<p>&nbsp;<\/p>\n<\/div>\n<div dir=\"auto\"><\/div>\n<div dir=\"auto\" style=\"padding-left: 40px;\"><span style=\"color: #ffffff;\"><span style=\"font-size: large;\">Wenn Ihr m\u00f6chtet, ver\u00f6ffentlichen wir Eure Nachrichten gerne hier auf unserer Homepage.<\/span><\/span><\/div>\n<div dir=\"auto\" style=\"padding-left: 40px;\"><span style=\"color: #ffffff;\"><span style=\"font-size: large;\">(Schreibt bitte dazu, ob oder ob nicht.)<\/span><\/span><\/div>\n<p>[\/vc_column_text][vc_empty_space][vc_btn title=&#8220;Hier geht es zu unserem G\u00e4stebuch &#8230;&#8220; style=&#8220;gradient-custom&#8220; gradient_custom_color_1=&#8220;#fc74b4&#8243; gradient_custom_color_2=&#8220;#8c134f&#8220; size=&#8220;lg&#8220; align=&#8220;center&#8220; link=&#8220;url:https%3A%2F%2Fwww.brustkrebs-selbsthilfe-mc.de%2Findex.php%2Fgaestebuch%2F|title:G%C3%A4stebuch||&#8220;][vc_empty_space][\/vc_column][\/vc_row][vc_row][vc_column][vc_empty_space][vc_empty_space][\/vc_column][\/vc_row][vc_row][vc_column width=&#8220;1\/3&#8243;][vc_column_text]<\/p>\n<div class=\"entry-content clear\">\n<p><a style=\"font-size: large; background-color: #ffffff;\" href=\"https:\/\/www.brustkrebs-selbsthilfe-mc.de\/index.php\/kontakt\/\"><span style=\"color: #ff00ff;\"><strong>Unsere Kontaktdaten:<\/strong><\/span><\/a><\/p>\n<\/div>\n<p><span style=\"font-size: large;\"><strong>Telefon<\/strong>\u00a0 \u00a0 \u00a0 \u00a0 \u00a0 \u00a0 \u00a0 \u00a00170 \u2013 289 02 97<\/span><br \/>\n<span style=\"font-size: large;\"><strong>E-Mail<\/strong>\u00a0 \u00a0 \u00a0 \u00a0 \u00a0 \u00a0 \u00a0 \u00a0 \u00a0mamma.campy@gmail.com<\/span>[\/vc_column_text][vc_empty_space][vc_column_text]<\/p>\n<div class=\"entry-content clear\">\n<h3><span style=\"color: #00ad8a;\"><b>Oder f\u00fcllt einfach das Kontaktformular aus.<\/b><\/span><\/h3>\n<\/div>\n<p>[\/vc_column_text][\/vc_column][vc_column width=&#8220;2\/3&#8243;][vc_empty_space height=&#8220;50&#8243;][vc_column_text]<\/p>\n<div class=\"entry-content clear\">\n<h3><span style=\"color: #00ad8a;\"><b>Kontaktformular<\/b><\/span><\/h3>\n<\/div>\n<p>[\/vc_column_text]\n<div class=\"wpcf7 no-js\" id=\"wpcf7-f1279-o1\" lang=\"de-DE\" dir=\"ltr\" data-wpcf7-id=\"1279\">\n<div class=\"screen-reader-response\"><p role=\"status\" aria-live=\"polite\" aria-atomic=\"true\"><\/p> <ul><\/ul><\/div>\n<form action=\"\/index.php\/wp-json\/wp\/v2\/pages\/7#wpcf7-f1279-o1\" method=\"post\" class=\"wpcf7-form init\" aria-label=\"Kontaktformular\" novalidate=\"novalidate\" data-status=\"init\">\n<fieldset class=\"hidden-fields-container\"><input type=\"hidden\" name=\"_wpcf7\" value=\"1279\" \/><input type=\"hidden\" name=\"_wpcf7_version\" value=\"6.1.5\" \/><input type=\"hidden\" name=\"_wpcf7_locale\" value=\"de_DE\" \/><input type=\"hidden\" name=\"_wpcf7_unit_tag\" value=\"wpcf7-f1279-o1\" \/><input type=\"hidden\" name=\"_wpcf7_container_post\" value=\"0\" \/><input type=\"hidden\" name=\"_wpcf7_posted_data_hash\" value=\"\" \/><input type=\"hidden\" name=\"_wpcf7_recaptcha_response\" value=\"\" \/>\n<\/fieldset>\n<p><label> Name oder Alias (Pflichtfeld)<br \/>\n<span class=\"wpcf7-form-control-wrap\" data-name=\"your-name\"><input size=\"40\" maxlength=\"400\" class=\"wpcf7-form-control wpcf7-text wpcf7-validates-as-required\" aria-required=\"true\" aria-invalid=\"false\" value=\"\" type=\"text\" name=\"your-name\" \/><\/span> <\/label>\n<\/p>\n<p><label> E-Mail-Adresse<br \/>\n<span class=\"wpcf7-form-control-wrap\" data-name=\"your-email\"><input size=\"40\" maxlength=\"400\" class=\"wpcf7-form-control wpcf7-email wpcf7-text wpcf7-validates-as-email\" aria-invalid=\"false\" value=\"\" type=\"email\" name=\"your-email\" \/><\/span> <\/label>\n<\/p>\n<p><label> Betreff<br \/>\n<span class=\"wpcf7-form-control-wrap\" data-name=\"your-subject\"><input size=\"40\" maxlength=\"400\" class=\"wpcf7-form-control wpcf7-text\" aria-invalid=\"false\" value=\"\" type=\"text\" name=\"your-subject\" \/><\/span> <\/label>\n<\/p>\n<p><label> Kommentar oder Nachricht (Pflichtfeld)<br \/>\n<span class=\"wpcf7-form-control-wrap\" data-name=\"your-message\"><textarea cols=\"40\" rows=\"10\" maxlength=\"2000\" class=\"wpcf7-form-control wpcf7-textarea\" aria-invalid=\"false\" name=\"your-message\"><\/textarea><\/span> <\/label>\n<\/p>\n<p><label> Mein Kommentar darf auf der mamma CAMPY-Website ver\u00f6ffentlicht werden: (Pflichtfeld)<br \/>\n<span class=\"wpcf7-form-control-wrap\" data-name=\"checkbox-262\"><span class=\"wpcf7-form-control wpcf7-checkbox wpcf7-validates-as-required\"><span class=\"wpcf7-list-item first\"><label><input type=\"checkbox\" name=\"checkbox-262[]\" value=\"Ja\" \/><span class=\"wpcf7-list-item-label\">Ja<\/span><\/label><\/span><span class=\"wpcf7-list-item\"><label><input type=\"checkbox\" name=\"checkbox-262[]\" value=\"Ja, aber nur anonym\" \/><span class=\"wpcf7-list-item-label\">Ja, aber nur anonym<\/span><\/label><\/span><span class=\"wpcf7-list-item last\"><label><input type=\"checkbox\" name=\"checkbox-262[]\" value=\"Nein\" \/><span class=\"wpcf7-list-item-label\">Nein<\/span><\/label><\/span><\/span><\/span><br \/>\n<input class=\"wpcf7-form-control wpcf7-submit has-spinner\" type=\"submit\" value=\"Senden\" \/><\/label>\n<\/p><div class=\"wpcf7-response-output\" aria-hidden=\"true\"><\/div>\n<\/form>\n<\/div>\n[vc_empty_space height=&#8220;150px&#8220;][\/vc_column][\/vc_row][vc_row][vc_column][vc_separator color=&#8220;custom&#8220; accent_color=&#8220;#c0c0c0&#8243;][\/vc_column][\/vc_row][vc_row][vc_column width=&#8220;1\/6&#8243;][\/vc_column][vc_column width=&#8220;2\/3&#8243;][\/vc_column][vc_column width=&#8220;1\/6&#8243;][vc_raw_js]JTNDc2NyaXB0JTIwbGFuZ3VhZ2UlM0QlMjJKYXZhU2NyaXB0JTIyJTIwc3JjJTNEJTIyaHR0cHMlM0ElMkYlMkZ3d3cuYmVzdWNoZXJ6YWVobGVyLWtvc3Rlbmxvcy5kZSUyRmpzJTJGY291bnRlci5qcy5waHAlM0Zjb3VudCUzRDElMjZpZCUzRHd3dy5icnVzdGtyZWJzLXNlbGJzdGhpbGZlLW1jLmRlJTI2c3RhcnQlM0QwJTI2ZGVzaWduJTNEMWclMjIlM0UlM0MlMkZzY3JpcHQlM0U=[\/vc_raw_js][vc_empty_space height=&#8220;100&#8243;][\/vc_column][\/vc_row]<\/p>\n<\/div>","protected":false},"excerpt":{"rendered":"<p>[vc_row full_width=&#8220;stretch_row&#8220; css=&#8220;.vc_custom_1738495831813{background-position: center !important;background-repeat: no-repeat !important;background-size: cover !important;}&#8220;][vc_column][\/vc_column][\/vc_row][vc_row gap=&#8220;10&#8243; content_placement=&#8220;middle&#8220; css=&#8220;.vc_custom_1661212242321{background-color: #e0a8c6 !important;}&#8220;][vc_column][vc_empty_space height=&#8220;100&#8243;][vc_column_text] Herzlich willkommen bei mamma CAMPY ! [\/vc_column_text][vc_empty_space height=&#8220;50&#8243;][vc_single_image image=&#8220;1104&#8243; img_size=&#8220;medium&#8220; alignment=&#8220;center&#8220;][vc_empty_space height=&#8220;100&#8243;][vc_separator color=&#8220;purple&#8220; style=&#8220;shadow&#8220;][\/vc_column][\/vc_row][vc_row gap=&#8220;10&#8243; content_placement=&#8220;middle&#8220; css=&#8220;.vc_custom_1661212242321{background-color: #e0a8c6 !important;}&#8220;][vc_column width=&#8220;1\/2&#8243;][vc_empty_space height=&#8220;80&#8243;][vc_empty_space height=&#8220;20&#8243;][vc_column_text css=&#8220;.vc_custom_1698866642676{border-radius: 5px !important;}&#8220;] Wir treffen uns jeden 1. Montag im Monat um 18:30 Uhr &nbsp; &nbsp; im Katholischen [&hellip;]<\/p>\n","protected":false},"author":1,"featured_media":0,"parent":0,"menu_order":0,"comment_status":"closed","ping_status":"closed","template":"","meta":{"site-sidebar-layout":"no-sidebar","site-content-layout":"default","ast-site-content-layout":"default","site-content-style":"default","site-sidebar-style":"default","ast-global-header-display":"","ast-banner-title-visibility":"","ast-main-header-display":"","ast-hfb-above-header-display":"","ast-hfb-below-header-display":"","ast-hfb-mobile-header-display":"","site-post-title":"disabled","ast-breadcrumbs-content":"","ast-featured-img":"","footer-sml-layout":"","ast-disable-related-posts":"","theme-transparent-header-meta":"default","adv-header-id-meta":"","stick-header-meta":"","header-above-stick-meta":"","header-main-stick-meta":"","header-below-stick-meta":"","astra-migrate-meta-layouts":"set","ast-page-background-enabled":"default","ast-page-background-meta":{"desktop":{"background-color":"","background-image":"","background-repeat":"repeat","background-position":"center center","background-size":"auto","background-attachment":"scroll","background-type":"","background-media":"","overlay-type":"","overlay-color":"","overlay-opacity":"","overlay-gradient":""},"tablet":{"background-color":"","background-image":"","background-repeat":"repeat","background-position":"center center","background-size":"auto","background-attachment":"scroll","background-type":"","background-media":"","overlay-type":"","overlay-color":"","overlay-opacity":"","overlay-gradient":""},"mobile":{"background-color":"","background-image":"","background-repeat":"repeat","background-position":"center center","background-size":"auto","background-attachment":"scroll","background-type":"","background-media":"","overlay-type":"","overlay-color":"","overlay-opacity":"","overlay-gradient":""}},"ast-content-background-meta":{"desktop":{"background-color":"var(--ast-global-color-5)","background-image":"","background-repeat":"repeat","background-position":"center center","background-size":"auto","background-attachment":"scroll","background-type":"","background-media":"","overlay-type":"","overlay-color":"","overlay-opacity":"","overlay-gradient":""},"tablet":{"background-color":"var(--ast-global-color-5)","background-image":"","background-repeat":"repeat","background-position":"center center","background-size":"auto","background-attachment":"scroll","background-type":"","background-media":"","overlay-type":"","overlay-color":"","overlay-opacity":"","overlay-gradient":""},"mobile":{"background-color":"var(--ast-global-color-5)","background-image":"","background-repeat":"repeat","background-position":"center center","background-size":"auto","background-attachment":"scroll","background-type":"","background-media":"","overlay-type":"","overlay-color":"","overlay-opacity":"","overlay-gradient":""}},"footnotes":""},"class_list":["post-7","page","type-page","status-publish","hentry"],"aioseo_notices":[],"_links":{"self":[{"href":"https:\/\/www.brustkrebs-selbsthilfe-mc.de\/index.php\/wp-json\/wp\/v2\/pages\/7","targetHints":{"allow":["GET"]}}],"collection":[{"href":"https:\/\/www.brustkrebs-selbsthilfe-mc.de\/index.php\/wp-json\/wp\/v2\/pages"}],"about":[{"href":"https:\/\/www.brustkrebs-selbsthilfe-mc.de\/index.php\/wp-json\/wp\/v2\/types\/page"}],"author":[{"embeddable":true,"href":"https:\/\/www.brustkrebs-selbsthilfe-mc.de\/index.php\/wp-json\/wp\/v2\/users\/1"}],"replies":[{"embeddable":true,"href":"https:\/\/www.brustkrebs-selbsthilfe-mc.de\/index.php\/wp-json\/wp\/v2\/comments?post=7"}],"version-history":[{"count":585,"href":"https:\/\/www.brustkrebs-selbsthilfe-mc.de\/index.php\/wp-json\/wp\/v2\/pages\/7\/revisions"}],"predecessor-version":[{"id":6526,"href":"https:\/\/www.brustkrebs-selbsthilfe-mc.de\/index.php\/wp-json\/wp\/v2\/pages\/7\/revisions\/6526"}],"wp:attachment":[{"href":"https:\/\/www.brustkrebs-selbsthilfe-mc.de\/index.php\/wp-json\/wp\/v2\/media?parent=7"}],"curies":[{"name":"wp","href":"https:\/\/api.w.org\/{rel}","templated":true}]}}