{"id":6388,"date":"2026-02-05T16:16:33","date_gmt":"2026-02-05T15:16:33","guid":{"rendered":"https:\/\/www.brustkrebs-selbsthilfe-mc.de\/?page_id=6388"},"modified":"2026-02-05T16:18:33","modified_gmt":"2026-02-05T15:18:33","slug":"oktober-2026","status":"publish","type":"page","link":"https:\/\/www.brustkrebs-selbsthilfe-mc.de\/index.php\/oktober-2026\/","title":{"rendered":"Oktober 2026"},"content":{"rendered":"<h1><strong><span style=\"color: #993300;\">05. Oktober 2026<\/span><\/strong><br \/>\n<strong><span style=\"color: #993300;\">Wir tanzen nochmal Line Dance mit Tanzlehrerin Irmhild Scholdan<\/span><\/strong><\/h1>\n<p>&nbsp;<\/p>\n<p><img loading=\"lazy\" decoding=\"async\" class=\"alignleft size-full wp-image-6389\" src=\"https:\/\/www.brustkrebs-selbsthilfe-mc.de\/wp-content\/uploads\/2026\/02\/IMG-20251010-WA0004.jpg\" alt=\"\" width=\"195\" height=\"232\" srcset=\"https:\/\/www.brustkrebs-selbsthilfe-mc.de\/wp-content\/uploads\/2026\/02\/IMG-20251010-WA0004.jpg 195w, https:\/\/www.brustkrebs-selbsthilfe-mc.de\/wp-content\/uploads\/2026\/02\/IMG-20251010-WA0004-126x150.jpg 126w\" sizes=\"auto, (max-width: 195px) 100vw, 195px\" \/><\/p>\n<p>&nbsp;<\/p>\n<p>Irmhild Scholdan ist seit 2012 Rentnerin. Sie war Lehrerin f\u00fcr Deutsch, Kunst und Religion. Jedoch nur zuhause sitzen, das kam f\u00fcr sie nicht infrage. Sie m\u00f6chte sich weiterhin sich bewegen, so wie einst, als sie noch Marathon gelaufen ist. Seit 2013 ist sie nun Leiterin der Olper Tanzgruppe und vier weiteren in Gummersbach, N\u00fcmbrecht und Engelskirchen.<\/p>\n<p>&nbsp;<\/p>\n<p>&nbsp;<\/p>\n<p>&nbsp;<\/p>\n<p><img loading=\"lazy\" decoding=\"async\" class=\"size-medium wp-image-6390 alignright\" src=\"https:\/\/www.brustkrebs-selbsthilfe-mc.de\/wp-content\/uploads\/2026\/02\/1662042323-300x159.gif\" alt=\"\" width=\"300\" height=\"159\" srcset=\"https:\/\/www.brustkrebs-selbsthilfe-mc.de\/wp-content\/uploads\/2026\/02\/1662042323-300x159.gif 300w, https:\/\/www.brustkrebs-selbsthilfe-mc.de\/wp-content\/uploads\/2026\/02\/1662042323-150x79.gif 150w\" sizes=\"auto, (max-width: 300px) 100vw, 300px\" \/><\/p>\n<p>&nbsp;<\/p>\n<p>&nbsp;<\/p>\n<p>Line Dance ist eine Tanzform, bei der einzelne T\u00e4nzer unabh\u00e4ngig von der Geschlechtszugeh\u00f6rigkeit in Reihen und Linien vor- und nebeneinander tanzen. Die T\u00e4nze sind passend zur Musik choreografiert, welche meist aus den Kategorien lateinamerikanische Rhythmen, Pop, Schlager, Walzer und auch mal Country stammt.<\/p>\n<p>&nbsp;<\/p>\n<p>&nbsp;<\/p>\n<p>&nbsp;<\/p>\n<p><img loading=\"lazy\" decoding=\"async\" class=\"alignleft size-full wp-image-6391\" src=\"https:\/\/www.brustkrebs-selbsthilfe-mc.de\/wp-content\/uploads\/2026\/02\/Download-3.jpg\" alt=\"\" width=\"194\" height=\"259\" srcset=\"https:\/\/www.brustkrebs-selbsthilfe-mc.de\/wp-content\/uploads\/2026\/02\/Download-3.jpg 194w, https:\/\/www.brustkrebs-selbsthilfe-mc.de\/wp-content\/uploads\/2026\/02\/Download-3-112x150.jpg 112w\" sizes=\"auto, (max-width: 194px) 100vw, 194px\" \/><img loading=\"lazy\" decoding=\"async\" class=\"alignleft wp-image-6392\" src=\"https:\/\/www.brustkrebs-selbsthilfe-mc.de\/wp-content\/uploads\/2026\/02\/IMG-20251010-WA0013-300x122.jpg\" alt=\"\" width=\"752\" height=\"306\" srcset=\"https:\/\/www.brustkrebs-selbsthilfe-mc.de\/wp-content\/uploads\/2026\/02\/IMG-20251010-WA0013-300x122.jpg 300w, https:\/\/www.brustkrebs-selbsthilfe-mc.de\/wp-content\/uploads\/2026\/02\/IMG-20251010-WA0013-1024x417.jpg 1024w, https:\/\/www.brustkrebs-selbsthilfe-mc.de\/wp-content\/uploads\/2026\/02\/IMG-20251010-WA0013-150x61.jpg 150w, https:\/\/www.brustkrebs-selbsthilfe-mc.de\/wp-content\/uploads\/2026\/02\/IMG-20251010-WA0013-768x312.jpg 768w, https:\/\/www.brustkrebs-selbsthilfe-mc.de\/wp-content\/uploads\/2026\/02\/IMG-20251010-WA0013.jpg 1369w\" sizes=\"auto, (max-width: 752px) 100vw, 752px\" \/><\/p>\n<p>&nbsp;<\/p>\n<p>&nbsp;<\/p>\n<p>&nbsp;<\/p>\n<p>&nbsp;<\/p>\n<p>&nbsp;<\/p>\n<p>&nbsp;<\/p>\n<p>&nbsp;<\/p>\n<p>&nbsp;<\/p>\n<p>&nbsp;<\/p>\n<p>&nbsp;<\/p>\n<p>&nbsp;<\/p>\n<p>Irmhild war bereits schon im Oktober 25 bei uns.<br \/>\nUnter der Anleitung von Irmhild lernten wir verschiedene Schritte des Line Dance kennen und genossen die gemeinsame Zeit voller Bewegung und Freude.<br \/>\nEs machte uns allen so viel Spa\u00df, dass wir sie, auf Wunsch unserer Teilnehmerinnen, nochmal eingeladen haben.<\/p>\n<p><strong>Wir freuen uns \u00fcber jede Teilnehmerin und hei\u00dfen neue Interessierte herzlich in unserer Gruppe willkommen.<\/strong><\/p>\n<div class=\"wpb_text_column wpb_content_element \">\n<div class=\"wpb_wrapper\">\n<h1><\/h1>\n<h1><\/h1>\n<h1><\/h1>\n<h1><\/h1>\n<h1>Zahlreiche Interessenten sind herzlich Willkommen.<\/h1>\n<\/div>\n<\/div>\n<div class=\"wpb_text_column wpb_content_element \">\n<div class=\"wpb_wrapper\">\n<p>Kontakt unter: Telefon 0170-289 02 97<br \/>\nE-Mail\u00a0<a href=\"mailto:mamma.campy@gmail.com\">mamma.campy@gmail.com<\/a><\/p>\n<\/div>\n<\/div>\n<p>&nbsp;<\/p>\n","protected":false},"excerpt":{"rendered":"<p>05. Oktober 2026 Wir tanzen nochmal Line Dance mit Tanzlehrerin Irmhild Scholdan &nbsp; &nbsp; Irmhild Scholdan ist seit 2012 Rentnerin. Sie war Lehrerin f\u00fcr Deutsch, Kunst und Religion. Jedoch nur zuhause sitzen, das kam f\u00fcr sie nicht infrage. Sie m\u00f6chte sich weiterhin sich bewegen, so wie einst, als sie noch Marathon gelaufen ist. Seit 2013 [&hellip;]<\/p>\n","protected":false},"author":3,"featured_media":0,"parent":0,"menu_order":0,"comment_status":"closed","ping_status":"closed","template":"","meta":{"site-sidebar-layout":"default","site-content-layout":"","ast-site-content-layout":"default","site-content-style":"default","site-sidebar-style":"default","ast-global-header-display":"","ast-banner-title-visibility":"","ast-main-header-display":"","ast-hfb-above-header-display":"","ast-hfb-below-header-display":"","ast-hfb-mobile-header-display":"","site-post-title":"","ast-breadcrumbs-content":"","ast-featured-img":"","footer-sml-layout":"","ast-disable-related-posts":"","theme-transparent-header-meta":"default","adv-header-id-meta":"","stick-header-meta":"","header-above-stick-meta":"","header-main-stick-meta":"","header-below-stick-meta":"","astra-migrate-meta-layouts":"set","ast-page-background-enabled":"default","ast-page-background-meta":{"desktop":{"background-color":"","background-image":"","background-repeat":"repeat","background-position":"center center","background-size":"auto","background-attachment":"scroll","background-type":"","background-media":"","overlay-type":"","overlay-color":"","overlay-opacity":"","overlay-gradient":""},"tablet":{"background-color":"","background-image":"","background-repeat":"repeat","background-position":"center center","background-size":"auto","background-attachment":"scroll","background-type":"","background-media":"","overlay-type":"","overlay-color":"","overlay-opacity":"","overlay-gradient":""},"mobile":{"background-color":"","background-image":"","background-repeat":"repeat","background-position":"center center","background-size":"auto","background-attachment":"scroll","background-type":"","background-media":"","overlay-type":"","overlay-color":"","overlay-opacity":"","overlay-gradient":""}},"ast-content-background-meta":{"desktop":{"background-color":"var(--ast-global-color-5)","background-image":"","background-repeat":"repeat","background-position":"center center","background-size":"auto","background-attachment":"scroll","background-type":"","background-media":"","overlay-type":"","overlay-color":"","overlay-opacity":"","overlay-gradient":""},"tablet":{"background-color":"var(--ast-global-color-5)","background-image":"","background-repeat":"repeat","background-position":"center center","background-size":"auto","background-attachment":"scroll","background-type":"","background-media":"","overlay-type":"","overlay-color":"","overlay-opacity":"","overlay-gradient":""},"mobile":{"background-color":"var(--ast-global-color-5)","background-image":"","background-repeat":"repeat","background-position":"center center","background-size":"auto","background-attachment":"scroll","background-type":"","background-media":"","overlay-type":"","overlay-color":"","overlay-opacity":"","overlay-gradient":""}},"footnotes":""},"class_list":["post-6388","page","type-page","status-publish","hentry"],"aioseo_notices":[],"_links":{"self":[{"href":"https:\/\/www.brustkrebs-selbsthilfe-mc.de\/index.php\/wp-json\/wp\/v2\/pages\/6388","targetHints":{"allow":["GET"]}}],"collection":[{"href":"https:\/\/www.brustkrebs-selbsthilfe-mc.de\/index.php\/wp-json\/wp\/v2\/pages"}],"about":[{"href":"https:\/\/www.brustkrebs-selbsthilfe-mc.de\/index.php\/wp-json\/wp\/v2\/types\/page"}],"author":[{"embeddable":true,"href":"https:\/\/www.brustkrebs-selbsthilfe-mc.de\/index.php\/wp-json\/wp\/v2\/users\/3"}],"replies":[{"embeddable":true,"href":"https:\/\/www.brustkrebs-selbsthilfe-mc.de\/index.php\/wp-json\/wp\/v2\/comments?post=6388"}],"version-history":[{"count":6,"href":"https:\/\/www.brustkrebs-selbsthilfe-mc.de\/index.php\/wp-json\/wp\/v2\/pages\/6388\/revisions"}],"predecessor-version":[{"id":6400,"href":"https:\/\/www.brustkrebs-selbsthilfe-mc.de\/index.php\/wp-json\/wp\/v2\/pages\/6388\/revisions\/6400"}],"wp:attachment":[{"href":"https:\/\/www.brustkrebs-selbsthilfe-mc.de\/index.php\/wp-json\/wp\/v2\/media?parent=6388"}],"curies":[{"name":"wp","href":"https:\/\/api.w.org\/{rel}","templated":true}]}}