{"id":6365,"date":"2026-02-05T15:51:09","date_gmt":"2026-02-05T14:51:09","guid":{"rendered":"https:\/\/www.brustkrebs-selbsthilfe-mc.de\/?page_id=6365"},"modified":"2026-02-05T15:51:52","modified_gmt":"2026-02-05T14:51:52","slug":"03-august-2026","status":"publish","type":"page","link":"https:\/\/www.brustkrebs-selbsthilfe-mc.de\/index.php\/03-august-2026\/","title":{"rendered":"03. August 2026"},"content":{"rendered":"<h1><span style=\"color: #ff6600;\"><strong>Unser Gruppentreffen am 03. August 2026<\/strong><\/span><br \/>\n<span style=\"color: #ff6600;\"><strong>Walken mit Astrid Staiger oder Entspannung bei Regen<\/strong><\/span><\/h1>\n<p>&nbsp;<\/p>\n<p><img loading=\"lazy\" decoding=\"async\" class=\"alignleft size-full wp-image-6366\" src=\"https:\/\/www.brustkrebs-selbsthilfe-mc.de\/wp-content\/uploads\/2026\/02\/August-26.png\" alt=\"\" width=\"290\" height=\"297\" srcset=\"https:\/\/www.brustkrebs-selbsthilfe-mc.de\/wp-content\/uploads\/2026\/02\/August-26.png 290w, https:\/\/www.brustkrebs-selbsthilfe-mc.de\/wp-content\/uploads\/2026\/02\/August-26-146x150.png 146w\" sizes=\"auto, (max-width: 290px) 100vw, 290px\" \/><\/p>\n<p>&nbsp;<\/p>\n<p>Im August erwartet uns ein besonderes Angebot.<br \/>\nAstrid begleitet unsere Gruppe zu einem gemeinsamen Spaziergang (Walken). Dabei steht Bewegung an der frischen Luft und der Austausch in entspannter Atmosph\u00e4re im Mittelpunkt.<\/p>\n<p>Im Anschluss plant das Orga \u2013 Team noch eine kleine Verk\u00f6stigung. Einzelheiten werden noch bekannt gegeben.<\/p>\n<p>&nbsp;<\/p>\n<p>&nbsp;<\/p>\n<p>&nbsp;<\/p>\n<p><img loading=\"lazy\" decoding=\"async\" class=\"alignleft wp-image-6367\" src=\"https:\/\/www.brustkrebs-selbsthilfe-mc.de\/wp-content\/uploads\/2026\/02\/Download-1-300x76.jpg\" alt=\"\" width=\"561\" height=\"142\" srcset=\"https:\/\/www.brustkrebs-selbsthilfe-mc.de\/wp-content\/uploads\/2026\/02\/Download-1-300x76.jpg 300w, https:\/\/www.brustkrebs-selbsthilfe-mc.de\/wp-content\/uploads\/2026\/02\/Download-1-150x38.jpg 150w, https:\/\/www.brustkrebs-selbsthilfe-mc.de\/wp-content\/uploads\/2026\/02\/Download-1.jpg 447w\" sizes=\"auto, (max-width: 561px) 100vw, 561px\" \/><\/p>\n<p>&nbsp;<\/p>\n<p>&nbsp;<\/p>\n<p>&nbsp;<\/p>\n<p>&nbsp;<\/p>\n<p>&nbsp;<\/p>\n<p>&nbsp;<\/p>\n<p>&nbsp;<\/p>\n<p><img loading=\"lazy\" decoding=\"async\" class=\"size-medium wp-image-6368 alignright\" src=\"https:\/\/www.brustkrebs-selbsthilfe-mc.de\/wp-content\/uploads\/2026\/02\/beautiful-green-forest-summer-260nw-125444354-300x230.jpg\" alt=\"\" width=\"300\" height=\"230\" srcset=\"https:\/\/www.brustkrebs-selbsthilfe-mc.de\/wp-content\/uploads\/2026\/02\/beautiful-green-forest-summer-260nw-125444354-300x230.jpg 300w, https:\/\/www.brustkrebs-selbsthilfe-mc.de\/wp-content\/uploads\/2026\/02\/beautiful-green-forest-summer-260nw-125444354-150x115.jpg 150w, https:\/\/www.brustkrebs-selbsthilfe-mc.de\/wp-content\/uploads\/2026\/02\/beautiful-green-forest-summer-260nw-125444354.jpg 330w\" sizes=\"auto, (max-width: 300px) 100vw, 300px\" \/><\/p>\n<p>&nbsp;<\/p>\n<p>Astrid Staiger ist Motop\u00e4din und arbeitet seit \u00fcber 25 Jahren im Bereich Pr\u00e4vention,<br \/>\nRehabilitation sowie im Breitensport.<br \/>\nZurzeit unterrichtet sie Rehabilitationssport in der Krebsnachsorge, Orthop\u00e4die und<br \/>\nNeurologie, sowie R\u00fcckengymnastik, Pilates, Yoga u.a.<\/p>\n<p>Seit mittlerweile 3 Jahren bereichert Astrid unsere Gruppe. Mit viel Engagement und immer neuen \u00dcbungen \u2013 unter anderem aus Ihrer Rehasport Gruppe f\u00fcr krebserkrankte Menschen \u2013 sorgt sie f\u00fcr abwechslungsreichen wirkungsvolle Einheiten. Die Teilnehmerinnen sind jedes Mal begeistert.<\/p>\n<p>&nbsp;<\/p>\n<p>&nbsp;<\/p>\n<p><img loading=\"lazy\" decoding=\"async\" class=\"alignleft size-medium wp-image-6369\" src=\"https:\/\/www.brustkrebs-selbsthilfe-mc.de\/wp-content\/uploads\/2026\/02\/38946351-ai-generiert-wunderbar-schwer-regen-dusche-im-das-sonnenschein-von-fruhling-oder-sommer-geniessen-das-entspannend-natur-foto-300x168.jpg\" alt=\"\" width=\"300\" height=\"168\" srcset=\"https:\/\/www.brustkrebs-selbsthilfe-mc.de\/wp-content\/uploads\/2026\/02\/38946351-ai-generiert-wunderbar-schwer-regen-dusche-im-das-sonnenschein-von-fruhling-oder-sommer-geniessen-das-entspannend-natur-foto-300x168.jpg 300w, https:\/\/www.brustkrebs-selbsthilfe-mc.de\/wp-content\/uploads\/2026\/02\/38946351-ai-generiert-wunderbar-schwer-regen-dusche-im-das-sonnenschein-von-fruhling-oder-sommer-geniessen-das-entspannend-natur-foto-150x84.jpg 150w, https:\/\/www.brustkrebs-selbsthilfe-mc.de\/wp-content\/uploads\/2026\/02\/38946351-ai-generiert-wunderbar-schwer-regen-dusche-im-das-sonnenschein-von-fruhling-oder-sommer-geniessen-das-entspannend-natur-foto.jpg 357w\" sizes=\"auto, (max-width: 300px) 100vw, 300px\" \/><img loading=\"lazy\" decoding=\"async\" class=\"alignleft size-medium wp-image-6370\" src=\"https:\/\/www.brustkrebs-selbsthilfe-mc.de\/wp-content\/uploads\/2026\/02\/badekurort-entspannung-mit-massage-steinen-und-waterlily-90928842-300x160.webp\" alt=\"\" width=\"300\" height=\"160\" srcset=\"https:\/\/www.brustkrebs-selbsthilfe-mc.de\/wp-content\/uploads\/2026\/02\/badekurort-entspannung-mit-massage-steinen-und-waterlily-90928842-300x160.webp 300w, https:\/\/www.brustkrebs-selbsthilfe-mc.de\/wp-content\/uploads\/2026\/02\/badekurort-entspannung-mit-massage-steinen-und-waterlily-90928842-150x80.webp 150w, https:\/\/www.brustkrebs-selbsthilfe-mc.de\/wp-content\/uploads\/2026\/02\/badekurort-entspannung-mit-massage-steinen-und-waterlily-90928842-768x410.webp 768w, https:\/\/www.brustkrebs-selbsthilfe-mc.de\/wp-content\/uploads\/2026\/02\/badekurort-entspannung-mit-massage-steinen-und-waterlily-90928842.webp 800w\" sizes=\"auto, (max-width: 300px) 100vw, 300px\" \/><\/p>\n<p>&nbsp;<\/p>\n<p>&nbsp;<\/p>\n<p>&nbsp;<\/p>\n<p>&nbsp;<\/p>\n<p>&nbsp;<\/p>\n<p>&nbsp;<\/p>\n<p>Sollte das Wetter nicht mitspielen, findet alternativ eine Entspannungseinheit statt. So ist in jedem Fall f\u00fcr Wohlbefinden und eine kleine Auszeit gesorgt.<\/p>\n<p>Wir freuen uns wieder auf viele Teilnehmerinnen.<\/p>\n<p>&nbsp;<\/p>\n<p><span style=\"font-size: 2em; font-weight: bold;\">Zahlreiche Interessenten sind herzlich Willkommen.<\/span><\/p>\n<div class=\"wpb_text_column wpb_content_element \">\n<div class=\"wpb_wrapper\">\n<p>Kontakt unter: Telefon 0170-289 02 97<br \/>\nE-Mail\u00a0<a href=\"mailto:mamma.campy@gmail.com\">mamma.campy@gmail.com<\/a><\/p>\n<\/div>\n<\/div>\n","protected":false},"excerpt":{"rendered":"<p>Unser Gruppentreffen am 03. August 2026 Walken mit Astrid Staiger oder Entspannung bei Regen &nbsp; &nbsp; Im August erwartet uns ein besonderes Angebot. Astrid begleitet unsere Gruppe zu einem gemeinsamen Spaziergang (Walken). Dabei steht Bewegung an der frischen Luft und der Austausch in entspannter Atmosph\u00e4re im Mittelpunkt. Im Anschluss plant das Orga \u2013 Team noch [&hellip;]<\/p>\n","protected":false},"author":3,"featured_media":0,"parent":0,"menu_order":0,"comment_status":"closed","ping_status":"closed","template":"","meta":{"site-sidebar-layout":"default","site-content-layout":"","ast-site-content-layout":"default","site-content-style":"default","site-sidebar-style":"default","ast-global-header-display":"","ast-banner-title-visibility":"","ast-main-header-display":"","ast-hfb-above-header-display":"","ast-hfb-below-header-display":"","ast-hfb-mobile-header-display":"","site-post-title":"","ast-breadcrumbs-content":"","ast-featured-img":"","footer-sml-layout":"","ast-disable-related-posts":"","theme-transparent-header-meta":"default","adv-header-id-meta":"","stick-header-meta":"","header-above-stick-meta":"","header-main-stick-meta":"","header-below-stick-meta":"","astra-migrate-meta-layouts":"set","ast-page-background-enabled":"default","ast-page-background-meta":{"desktop":{"background-color":"","background-image":"","background-repeat":"repeat","background-position":"center center","background-size":"auto","background-attachment":"scroll","background-type":"","background-media":"","overlay-type":"","overlay-color":"","overlay-opacity":"","overlay-gradient":""},"tablet":{"background-color":"","background-image":"","background-repeat":"repeat","background-position":"center center","background-size":"auto","background-attachment":"scroll","background-type":"","background-media":"","overlay-type":"","overlay-color":"","overlay-opacity":"","overlay-gradient":""},"mobile":{"background-color":"","background-image":"","background-repeat":"repeat","background-position":"center center","background-size":"auto","background-attachment":"scroll","background-type":"","background-media":"","overlay-type":"","overlay-color":"","overlay-opacity":"","overlay-gradient":""}},"ast-content-background-meta":{"desktop":{"background-color":"var(--ast-global-color-5)","background-image":"","background-repeat":"repeat","background-position":"center center","background-size":"auto","background-attachment":"scroll","background-type":"","background-media":"","overlay-type":"","overlay-color":"","overlay-opacity":"","overlay-gradient":""},"tablet":{"background-color":"var(--ast-global-color-5)","background-image":"","background-repeat":"repeat","background-position":"center center","background-size":"auto","background-attachment":"scroll","background-type":"","background-media":"","overlay-type":"","overlay-color":"","overlay-opacity":"","overlay-gradient":""},"mobile":{"background-color":"var(--ast-global-color-5)","background-image":"","background-repeat":"repeat","background-position":"center center","background-size":"auto","background-attachment":"scroll","background-type":"","background-media":"","overlay-type":"","overlay-color":"","overlay-opacity":"","overlay-gradient":""}},"footnotes":""},"class_list":["post-6365","page","type-page","status-publish","hentry"],"aioseo_notices":[],"_links":{"self":[{"href":"https:\/\/www.brustkrebs-selbsthilfe-mc.de\/index.php\/wp-json\/wp\/v2\/pages\/6365","targetHints":{"allow":["GET"]}}],"collection":[{"href":"https:\/\/www.brustkrebs-selbsthilfe-mc.de\/index.php\/wp-json\/wp\/v2\/pages"}],"about":[{"href":"https:\/\/www.brustkrebs-selbsthilfe-mc.de\/index.php\/wp-json\/wp\/v2\/types\/page"}],"author":[{"embeddable":true,"href":"https:\/\/www.brustkrebs-selbsthilfe-mc.de\/index.php\/wp-json\/wp\/v2\/users\/3"}],"replies":[{"embeddable":true,"href":"https:\/\/www.brustkrebs-selbsthilfe-mc.de\/index.php\/wp-json\/wp\/v2\/comments?post=6365"}],"version-history":[{"count":2,"href":"https:\/\/www.brustkrebs-selbsthilfe-mc.de\/index.php\/wp-json\/wp\/v2\/pages\/6365\/revisions"}],"predecessor-version":[{"id":6374,"href":"https:\/\/www.brustkrebs-selbsthilfe-mc.de\/index.php\/wp-json\/wp\/v2\/pages\/6365\/revisions\/6374"}],"wp:attachment":[{"href":"https:\/\/www.brustkrebs-selbsthilfe-mc.de\/index.php\/wp-json\/wp\/v2\/media?parent=6365"}],"curies":[{"name":"wp","href":"https:\/\/api.w.org\/{rel}","templated":true}]}}