{"id":6350,"date":"2026-02-05T15:30:19","date_gmt":"2026-02-05T14:30:19","guid":{"rendered":"https:\/\/www.brustkrebs-selbsthilfe-mc.de\/?page_id=6350"},"modified":"2026-02-05T15:31:21","modified_gmt":"2026-02-05T14:31:21","slug":"juli-2026","status":"publish","type":"page","link":"https:\/\/www.brustkrebs-selbsthilfe-mc.de\/index.php\/juli-2026\/","title":{"rendered":"Juli 2026"},"content":{"rendered":"<h1 style=\"text-align: center;\"><strong><span style=\"color: #3366ff;\">Am 06. Juli 2026 machen wir eine Fragerunde<\/span><\/strong><br \/>\n<strong><span style=\"color: #3366ff;\">\u00fcber das Thema \u201eFatique\u201c<\/span><\/strong><br \/>\n<strong><span style=\"color: #3366ff;\">mit Dr. Lea-Marie Winter<\/span><\/strong><\/h1>\n<p>&nbsp;<\/p>\n<p><img loading=\"lazy\" decoding=\"async\" class=\"alignleft size-full wp-image-6351\" src=\"https:\/\/www.brustkrebs-selbsthilfe-mc.de\/wp-content\/uploads\/2026\/02\/Dr.-Winter.png\" alt=\"\" width=\"193\" height=\"237\" srcset=\"https:\/\/www.brustkrebs-selbsthilfe-mc.de\/wp-content\/uploads\/2026\/02\/Dr.-Winter.png 193w, https:\/\/www.brustkrebs-selbsthilfe-mc.de\/wp-content\/uploads\/2026\/02\/Dr.-Winter-122x150.png 122w\" sizes=\"auto, (max-width: 193px) 100vw, 193px\" \/><\/p>\n<p>Dr. med. Lea Maria Winter ist \u00c4rztin f\u00fcr Gyn\u00e4kologie und Geburtshilfe und arbeitet jahrelang schon mit Krebspatientinnen zusammen, denn sie ist im Brustzentrum Gummersbach des Klinikum Oberbergs besch\u00e4ftigt. Sie begleitet Patientinnen durch die Chemotherapie sowie auch im operativen Umfeld.<br \/>\nDie junge Mutter lebt mit ihrer Familie im K\u00f6ln, liebt Reisen, Laufen, Yoga und Kindergeburtstage. Sie besch\u00e4ftigt sich auch privat mit ganzheitlicher Frauengesundheit und blickt dabei gern auch \u00fcber den naturwissenschaftlichen Tellerrand hinaus.<\/p>\n<p>&nbsp;<\/p>\n<p>&nbsp;<\/p>\n<p>&nbsp;<\/p>\n<p>&nbsp;<\/p>\n<p><img loading=\"lazy\" decoding=\"async\" class=\"size-medium wp-image-6352 alignright\" src=\"https:\/\/www.brustkrebs-selbsthilfe-mc.de\/wp-content\/uploads\/2026\/02\/frau-ist-verwirrt-sketch-probleme-stress-traurig-und-depression-konzept-im-doodle-stil_323761-2346-300x260.jpg\" alt=\"\" width=\"300\" height=\"260\" srcset=\"https:\/\/www.brustkrebs-selbsthilfe-mc.de\/wp-content\/uploads\/2026\/02\/frau-ist-verwirrt-sketch-probleme-stress-traurig-und-depression-konzept-im-doodle-stil_323761-2346-300x260.jpg 300w, https:\/\/www.brustkrebs-selbsthilfe-mc.de\/wp-content\/uploads\/2026\/02\/frau-ist-verwirrt-sketch-probleme-stress-traurig-und-depression-konzept-im-doodle-stil_323761-2346-150x130.jpg 150w, https:\/\/www.brustkrebs-selbsthilfe-mc.de\/wp-content\/uploads\/2026\/02\/frau-ist-verwirrt-sketch-probleme-stress-traurig-und-depression-konzept-im-doodle-stil_323761-2346.avif 740w\" sizes=\"auto, (max-width: 300px) 100vw, 300px\" \/><\/p>\n<div id=\"page\">\n<p><i>Im April 2025 durften wir Fr. Dr. med. Winter<\/i><i>bei uns begr\u00fc\u00dfen. In Ihrem Vortrag zum Thema Nebenwirkungen bei Krebstherapie wurde schnell deutlich, dass insbesondere das Thema Fatique viele betroffene stark besch\u00e4ftigt und im Alltag eine gro\u00dfe Rolle spielt<\/i><\/p>\n<p>&nbsp;<\/p>\n<p><i>Der Wunsch <\/i><i>nach mehr Informationen und pers\u00f6nlichen Austausch war sehr pr\u00e4sent. <\/i><i>Da<\/i><i>her freuen wir uns besonders, dass <\/i><i>F<\/i><i>r. Dr. med. Winter unserer Einladung gerne nachkommt und einen Abend speziell zum Thema Fatique gestalten wird. Dieser Abend soll Raum f\u00fcr Fragen, Erfahrungen und gemeinsamen Austausch bieten.<\/i><\/p>\n<\/div>\n<p>&nbsp;<\/p>\n<p>&nbsp;<\/p>\n<p><img loading=\"lazy\" decoding=\"async\" class=\"alignleft wp-image-6353\" src=\"https:\/\/www.brustkrebs-selbsthilfe-mc.de\/wp-content\/uploads\/2026\/02\/Download.jpg\" alt=\"\" width=\"346\" height=\"259\" srcset=\"https:\/\/www.brustkrebs-selbsthilfe-mc.de\/wp-content\/uploads\/2026\/02\/Download.jpg 259w, https:\/\/www.brustkrebs-selbsthilfe-mc.de\/wp-content\/uploads\/2026\/02\/Download-150x112.jpg 150w\" sizes=\"auto, (max-width: 346px) 100vw, 346px\" \/><img loading=\"lazy\" decoding=\"async\" class=\"alignleft wp-image-6354\" src=\"https:\/\/www.brustkrebs-selbsthilfe-mc.de\/wp-content\/uploads\/2026\/02\/f6065cd92a5388e3d3648c4e5e5f4e44-300x213.jpg\" alt=\"\" width=\"393\" height=\"279\" srcset=\"https:\/\/www.brustkrebs-selbsthilfe-mc.de\/wp-content\/uploads\/2026\/02\/f6065cd92a5388e3d3648c4e5e5f4e44-300x213.jpg 300w, https:\/\/www.brustkrebs-selbsthilfe-mc.de\/wp-content\/uploads\/2026\/02\/f6065cd92a5388e3d3648c4e5e5f4e44-150x107.jpg 150w, https:\/\/www.brustkrebs-selbsthilfe-mc.de\/wp-content\/uploads\/2026\/02\/f6065cd92a5388e3d3648c4e5e5f4e44.jpg 638w\" sizes=\"auto, (max-width: 393px) 100vw, 393px\" \/><\/p>\n<p>&nbsp;<\/p>\n<p>&nbsp;<\/p>\n<p>&nbsp;<\/p>\n<p>&nbsp;<\/p>\n<p>&nbsp;<\/p>\n<p>&nbsp;<\/p>\n<p>&nbsp;<\/p>\n<p>&nbsp;<\/p>\n<p>&nbsp;<\/p>\n<p>&nbsp;<\/p>\n<p>Der Begriff Fatigue stammt aus dem Lateinischen (Fatigatio = Erm\u00fcdung) und kommt heute im franz\u00f6sischen und englischen Sprachgebrauch vor. Fatigue bei Krebserkrankungen bedeutet M\u00fcdigkeit und Ersch\u00f6pfung, die in Verbindung mit einer Krebserkrankung und ihrer Behandlung auftreten kann. Die Ersch\u00f6pfung steht h\u00e4ufig nicht in einem direkten Zusammenhang mit einer vorangegangenen k\u00f6rperlichen oder geistigen Anstrengung oder Belastung. Die Ersch\u00f6pfung macht sich meist nicht nur k\u00f6rperlich, sondern auch seelisch und geistig bemerkbar. Typisch f\u00fcr Fatigue ist, dass sich das Gef\u00fchl der Erm\u00fcdung durch Ruhephasen nicht wesentlich bessert. Meist bedeutet sie bei Krebserkrankungen die gr\u00f6\u00dfte Belastung neben den Erkrankungssymptomen selbst. Fatigue erschwert die Bew\u00e4ltigung des Alltags und mindert die Lebensqualit\u00e4t. Die Symptome der Fatigue sind nicht spezifisch f\u00fcr Tumorerkrankungen. Sie kommen auch im Zusammenhang mit anderen Erkrankungen, wie z.B. Multipler Sklerose, Rheuma oder Parkinson vor.<\/p>\n<p>&nbsp;<\/p>\n<div class=\"wpb_text_column wpb_content_element \">\n<div class=\"wpb_wrapper\">\n<h1>Zahlreiche Interessenten sind herzlich Willkommen.<\/h1>\n<\/div>\n<\/div>\n<div class=\"wpb_text_column wpb_content_element \">\n<div class=\"wpb_wrapper\">\n<p>Kontakt unter: Telefon 0170-289 02 97<br \/>\nE-Mail\u00a0<a href=\"mailto:mamma.campy@gmail.com\">mamma.campy@gmail.com<\/a><\/p>\n<\/div>\n<\/div>\n<p>&nbsp;<\/p>\n<p>&nbsp;<\/p>\n<p>&nbsp;<\/p>\n<p>&nbsp;<\/p>\n<p>&nbsp;<\/p>\n","protected":false},"excerpt":{"rendered":"<p>Am 06. Juli 2026 machen wir eine Fragerunde \u00fcber das Thema \u201eFatique\u201c mit Dr. Lea-Marie Winter &nbsp; Dr. med. Lea Maria Winter ist \u00c4rztin f\u00fcr Gyn\u00e4kologie und Geburtshilfe und arbeitet jahrelang schon mit Krebspatientinnen zusammen, denn sie ist im Brustzentrum Gummersbach des Klinikum Oberbergs besch\u00e4ftigt. Sie begleitet Patientinnen durch die Chemotherapie sowie auch im operativen [&hellip;]<\/p>\n","protected":false},"author":3,"featured_media":0,"parent":0,"menu_order":0,"comment_status":"closed","ping_status":"closed","template":"","meta":{"site-sidebar-layout":"default","site-content-layout":"","ast-site-content-layout":"default","site-content-style":"default","site-sidebar-style":"default","ast-global-header-display":"","ast-banner-title-visibility":"","ast-main-header-display":"","ast-hfb-above-header-display":"","ast-hfb-below-header-display":"","ast-hfb-mobile-header-display":"","site-post-title":"","ast-breadcrumbs-content":"","ast-featured-img":"","footer-sml-layout":"","ast-disable-related-posts":"","theme-transparent-header-meta":"default","adv-header-id-meta":"","stick-header-meta":"","header-above-stick-meta":"","header-main-stick-meta":"","header-below-stick-meta":"","astra-migrate-meta-layouts":"set","ast-page-background-enabled":"default","ast-page-background-meta":{"desktop":{"background-color":"","background-image":"","background-repeat":"repeat","background-position":"center center","background-size":"auto","background-attachment":"scroll","background-type":"","background-media":"","overlay-type":"","overlay-color":"","overlay-opacity":"","overlay-gradient":""},"tablet":{"background-color":"","background-image":"","background-repeat":"repeat","background-position":"center center","background-size":"auto","background-attachment":"scroll","background-type":"","background-media":"","overlay-type":"","overlay-color":"","overlay-opacity":"","overlay-gradient":""},"mobile":{"background-color":"","background-image":"","background-repeat":"repeat","background-position":"center center","background-size":"auto","background-attachment":"scroll","background-type":"","background-media":"","overlay-type":"","overlay-color":"","overlay-opacity":"","overlay-gradient":""}},"ast-content-background-meta":{"desktop":{"background-color":"var(--ast-global-color-5)","background-image":"","background-repeat":"repeat","background-position":"center center","background-size":"auto","background-attachment":"scroll","background-type":"","background-media":"","overlay-type":"","overlay-color":"","overlay-opacity":"","overlay-gradient":""},"tablet":{"background-color":"var(--ast-global-color-5)","background-image":"","background-repeat":"repeat","background-position":"center center","background-size":"auto","background-attachment":"scroll","background-type":"","background-media":"","overlay-type":"","overlay-color":"","overlay-opacity":"","overlay-gradient":""},"mobile":{"background-color":"var(--ast-global-color-5)","background-image":"","background-repeat":"repeat","background-position":"center center","background-size":"auto","background-attachment":"scroll","background-type":"","background-media":"","overlay-type":"","overlay-color":"","overlay-opacity":"","overlay-gradient":""}},"footnotes":""},"class_list":["post-6350","page","type-page","status-publish","hentry"],"aioseo_notices":[],"_links":{"self":[{"href":"https:\/\/www.brustkrebs-selbsthilfe-mc.de\/index.php\/wp-json\/wp\/v2\/pages\/6350","targetHints":{"allow":["GET"]}}],"collection":[{"href":"https:\/\/www.brustkrebs-selbsthilfe-mc.de\/index.php\/wp-json\/wp\/v2\/pages"}],"about":[{"href":"https:\/\/www.brustkrebs-selbsthilfe-mc.de\/index.php\/wp-json\/wp\/v2\/types\/page"}],"author":[{"embeddable":true,"href":"https:\/\/www.brustkrebs-selbsthilfe-mc.de\/index.php\/wp-json\/wp\/v2\/users\/3"}],"replies":[{"embeddable":true,"href":"https:\/\/www.brustkrebs-selbsthilfe-mc.de\/index.php\/wp-json\/wp\/v2\/comments?post=6350"}],"version-history":[{"count":2,"href":"https:\/\/www.brustkrebs-selbsthilfe-mc.de\/index.php\/wp-json\/wp\/v2\/pages\/6350\/revisions"}],"predecessor-version":[{"id":6358,"href":"https:\/\/www.brustkrebs-selbsthilfe-mc.de\/index.php\/wp-json\/wp\/v2\/pages\/6350\/revisions\/6358"}],"wp:attachment":[{"href":"https:\/\/www.brustkrebs-selbsthilfe-mc.de\/index.php\/wp-json\/wp\/v2\/media?parent=6350"}],"curies":[{"name":"wp","href":"https:\/\/api.w.org\/{rel}","templated":true}]}}