{"id":632,"date":"2019-04-25T01:11:54","date_gmt":"2019-04-24T23:11:54","guid":{"rendered":"https:\/\/www.brustkrebs-selbsthilfe-mc.de\/?page_id=632"},"modified":"2025-01-05T21:15:27","modified_gmt":"2025-01-05T20:15:27","slug":"das-team","status":"publish","type":"page","link":"https:\/\/www.brustkrebs-selbsthilfe-mc.de\/index.php\/das-team\/","title":{"rendered":"Das Team"},"content":{"rendered":"<div class=\"wpb-content-wrapper\"><p>[vc_row css=&#8220;.vc_custom_1641423139094{background-color: rgba(240,178,178,0.26) !important;*background-color: rgb(240,178,178) !important;}&#8220;][vc_column][vc_empty_space height=&#8220;50px&#8220;][vc_empty_space height=&#8220;50px&#8220;][\/vc_column][\/vc_row][vc_row css=&#8220;.vc_custom_1593729571403{background-color: rgba(201,52,107,0.1) !important;*background-color: rgb(201,52,107) !important;}&#8220;][vc_column][vc_empty_space height=&#8220;100px&#8220;][vc_separator color=&#8220;purple&#8220; style=&#8220;shadow&#8220;][vc_column_text]<\/p>\n<h3 style=\"text-align: center;\"><strong><span style=\"color: #c9346b;\">Uns geh\u00f6rt\u00a0die Stunde.<\/span><\/strong><\/h3>\n<h3 style=\"text-align: center;\"><strong><span style=\"color: #c9346b;\">Und eine Stunde,\u00a0wenn sie gl\u00fccklich ist,\u00a0<\/span><\/strong><strong><span style=\"color: #c9346b;\">ist viel.<\/span><\/strong><\/h3>\n<p>[\/vc_column_text][vc_text_separator title=&#8220;Theodor Fontane&#8220; color=&#8220;purple&#8220; style=&#8220;shadow&#8220;][vc_empty_space height=&#8220;100px&#8220;][\/vc_column][\/vc_row][vc_row css=&#8220;.vc_custom_1593729608610{background-color: rgba(201,52,107,0.1) !important;*background-color: rgb(201,52,107) !important;}&#8220;][vc_column width=&#8220;1\/2&#8243;][vc_empty_space height=&#8220;100px&#8220;][vc_column_text]<\/p>\n<p style=\"padding-left: 160px;\"><span style=\"color: #ffcc00;\"><strong>M<\/strong><strong>arianne<\/strong><\/span><br \/>\nHey ,ich bin Marianne, verheiratet, habe zwei S\u00f6hne und drei s\u00fc\u00dfe Enkel.<br \/>\nIch bin Zeitmillion\u00e4rin und meine Hobbys sind Tanzen, Lesen, Wandern, Sport, Kino- und Theaterbesuche, Malen sowie sich mit Freunden treffen und nach dem Brustkrebs 2005 das Leben so richtig genie\u00dfen. Bei N\u00e4hen von Stirnb\u00e4ndern, Armstulpen und H\u00fcftschmeichler, kann ich meiner Kreativit\u00e4t freien Lauf lassen. Meine Kreationen biete ich auf Kreativ- und Werkkunstm\u00e4rkten an.[\/vc_column_text][\/vc_column][vc_column width=&#8220;1\/2&#8243;][vc_single_image image=&#8220;2151&#8243; img_size=&#8220;medium&#8220; style=&#8220;vc_box_shadow_border_circle&#8220;][\/vc_column][\/vc_row][vc_row css=&#8220;.vc_custom_1593729680109{background-color: rgba(201,52,107,0.1) !important;*background-color: rgb(201,52,107) !important;}&#8220;][vc_column width=&#8220;1\/4&#8243;][vc_single_image image=&#8220;4533&#8243; img_size=&#8220;medium&#8220; alignment=&#8220;center&#8220; style=&#8220;vc_box_shadow_border_circle&#8220;][\/vc_column][vc_column width=&#8220;3\/4&#8243;][vc_empty_space height=&#8220;100px&#8220;][vc_column_text]<span style=\"color: #ff3399;\"><strong>P<\/strong><\/span><strong><span style=\"color: #ff3399;\">egg<span style=\"color: #00cc99;\">Y<\/span><\/span><\/strong><br \/>\nHallo, ich bin Peggy, verheiratet, habe zwei Kinder und wohne mit meiner Familie in N\u00fcmbrecht.<br \/>\nIch bin gelernte B\u00fcrokauffrau und meine Hobbys sind mein Garten, Freunde treffen und \u201ePeggys Schatzinsel\u201c. Hin und wieder findet man mich auch auf einem Kreativ, \u2013 oder Werkkunstmarkt.<br \/>\n2017 und nochmal 2018 erkrankte ich an Brustkrebs. Seit 2020 nehme ich zwar nicht mehr am Arbeitsleben teil aber engagiere mich, au\u00dfer in der Selbsthilfegruppe, im Sprecherrat der der Selbsthilfegruppen im Oberbergischen- Kreis.[\/vc_column_text][\/vc_column][\/vc_row][vc_row css=&#8220;.vc_custom_1593729716276{background-color: rgba(201,52,107,0.1) !important;*background-color: rgb(201,52,107) !important;}&#8220;][vc_column][vc_row_inner][vc_column_inner width=&#8220;1\/2&#8243;][vc_column_text]<\/p>\n<p style=\"text-align: left;\"><strong><span style=\"color: #008080;\">Melanie<\/span><\/strong><br \/>\nHallo, ich bin Melanie Block, verheiratet, Mutter und wir wohnen in einem kleinen Dorf nahe Waldbr\u00f6l.<br \/>\nNach meiner Brustkrebserkrankung ist das Reisen, Lesen und Geschichten schreiben zu meinen Hobbys geworden.[\/vc_column_text][\/vc_column_inner][vc_column_inner width=&#8220;1\/2&#8243;][vc_single_image image=&#8220;4534&#8243; img_size=&#8220;medium&#8220; style=&#8220;vc_box_shadow_border_circle&#8220;][\/vc_column_inner][vc_column_inner width=&#8220;1\/2&#8243;][\/vc_column_inner][\/vc_row_inner][vc_empty_space height=&#8220;150px&#8220;][\/vc_column][\/vc_row]<\/p>\n<\/div>","protected":false},"excerpt":{"rendered":"<p>[vc_row css=&#8220;.vc_custom_1641423139094{background-color: rgba(240,178,178,0.26) !important;*background-color: rgb(240,178,178) !important;}&#8220;][vc_column][vc_empty_space height=&#8220;50px&#8220;][vc_empty_space height=&#8220;50px&#8220;][\/vc_column][\/vc_row][vc_row css=&#8220;.vc_custom_1593729571403{background-color: rgba(201,52,107,0.1) !important;*background-color: rgb(201,52,107) !important;}&#8220;][vc_column][vc_empty_space height=&#8220;100px&#8220;][vc_separator color=&#8220;purple&#8220; style=&#8220;shadow&#8220;][vc_column_text] Uns geh\u00f6rt\u00a0die Stunde. Und eine Stunde,\u00a0wenn sie gl\u00fccklich ist,\u00a0ist viel. [\/vc_column_text][vc_text_separator title=&#8220;Theodor Fontane&#8220; color=&#8220;purple&#8220; style=&#8220;shadow&#8220;][vc_empty_space height=&#8220;100px&#8220;][\/vc_column][\/vc_row][vc_row css=&#8220;.vc_custom_1593729608610{background-color: rgba(201,52,107,0.1) !important;*background-color: rgb(201,52,107) !important;}&#8220;][vc_column width=&#8220;1\/2&#8243;][vc_empty_space height=&#8220;100px&#8220;][vc_column_text] Marianne Hey ,ich bin Marianne, verheiratet, habe zwei S\u00f6hne und drei s\u00fc\u00dfe Enkel. Ich bin Zeitmillion\u00e4rin [&hellip;]<\/p>\n","protected":false},"author":3,"featured_media":0,"parent":0,"menu_order":0,"comment_status":"closed","ping_status":"closed","template":"","meta":{"site-sidebar-layout":"default","site-content-layout":"default","ast-site-content-layout":"default","site-content-style":"default","site-sidebar-style":"default","ast-global-header-display":"","ast-banner-title-visibility":"","ast-main-header-display":"","ast-hfb-above-header-display":"","ast-hfb-below-header-display":"","ast-hfb-mobile-header-display":"","site-post-title":"","ast-breadcrumbs-content":"","ast-featured-img":"","footer-sml-layout":"","ast-disable-related-posts":"","theme-transparent-header-meta":"default","adv-header-id-meta":"","stick-header-meta":"","header-above-stick-meta":"","header-main-stick-meta":"","header-below-stick-meta":"","astra-migrate-meta-layouts":"set","ast-page-background-enabled":"default","ast-page-background-meta":{"desktop":{"background-color":"","background-image":"","background-repeat":"repeat","background-position":"center center","background-size":"auto","background-attachment":"scroll","background-type":"","background-media":"","overlay-type":"","overlay-color":"","overlay-opacity":"","overlay-gradient":""},"tablet":{"background-color":"","background-image":"","background-repeat":"repeat","background-position":"center center","background-size":"auto","background-attachment":"scroll","background-type":"","background-media":"","overlay-type":"","overlay-color":"","overlay-opacity":"","overlay-gradient":""},"mobile":{"background-color":"","background-image":"","background-repeat":"repeat","background-position":"center center","background-size":"auto","background-attachment":"scroll","background-type":"","background-media":"","overlay-type":"","overlay-color":"","overlay-opacity":"","overlay-gradient":""}},"ast-content-background-meta":{"desktop":{"background-color":"var(--ast-global-color-5)","background-image":"","background-repeat":"repeat","background-position":"center center","background-size":"auto","background-attachment":"scroll","background-type":"","background-media":"","overlay-type":"","overlay-color":"","overlay-opacity":"","overlay-gradient":""},"tablet":{"background-color":"var(--ast-global-color-5)","background-image":"","background-repeat":"repeat","background-position":"center center","background-size":"auto","background-attachment":"scroll","background-type":"","background-media":"","overlay-type":"","overlay-color":"","overlay-opacity":"","overlay-gradient":""},"mobile":{"background-color":"var(--ast-global-color-5)","background-image":"","background-repeat":"repeat","background-position":"center center","background-size":"auto","background-attachment":"scroll","background-type":"","background-media":"","overlay-type":"","overlay-color":"","overlay-opacity":"","overlay-gradient":""}},"footnotes":""},"class_list":["post-632","page","type-page","status-publish","hentry"],"aioseo_notices":[],"_links":{"self":[{"href":"https:\/\/www.brustkrebs-selbsthilfe-mc.de\/index.php\/wp-json\/wp\/v2\/pages\/632","targetHints":{"allow":["GET"]}}],"collection":[{"href":"https:\/\/www.brustkrebs-selbsthilfe-mc.de\/index.php\/wp-json\/wp\/v2\/pages"}],"about":[{"href":"https:\/\/www.brustkrebs-selbsthilfe-mc.de\/index.php\/wp-json\/wp\/v2\/types\/page"}],"author":[{"embeddable":true,"href":"https:\/\/www.brustkrebs-selbsthilfe-mc.de\/index.php\/wp-json\/wp\/v2\/users\/3"}],"replies":[{"embeddable":true,"href":"https:\/\/www.brustkrebs-selbsthilfe-mc.de\/index.php\/wp-json\/wp\/v2\/comments?post=632"}],"version-history":[{"count":48,"href":"https:\/\/www.brustkrebs-selbsthilfe-mc.de\/index.php\/wp-json\/wp\/v2\/pages\/632\/revisions"}],"predecessor-version":[{"id":4689,"href":"https:\/\/www.brustkrebs-selbsthilfe-mc.de\/index.php\/wp-json\/wp\/v2\/pages\/632\/revisions\/4689"}],"wp:attachment":[{"href":"https:\/\/www.brustkrebs-selbsthilfe-mc.de\/index.php\/wp-json\/wp\/v2\/media?parent=632"}],"curies":[{"name":"wp","href":"https:\/\/api.w.org\/{rel}","templated":true}]}}