{"id":6309,"date":"2025-12-14T16:21:53","date_gmt":"2025-12-14T15:21:53","guid":{"rendered":"https:\/\/www.brustkrebs-selbsthilfe-mc.de\/?page_id=6309"},"modified":"2025-12-14T16:26:17","modified_gmt":"2025-12-14T15:26:17","slug":"01-juni-2026","status":"publish","type":"page","link":"https:\/\/www.brustkrebs-selbsthilfe-mc.de\/index.php\/01-juni-2026\/","title":{"rendered":"01. Juni 2026"},"content":{"rendered":"<h1><span style=\"color: #0000ff;\"><strong>01. Juni 2026 macht Felix Macht mit uns<\/strong><\/span><br \/>\n<span style=\"color: #0000ff;\"><strong>Qigong mit meditativen Ausklang<\/strong><\/span><\/h1>\n<p><img loading=\"lazy\" decoding=\"async\" class=\"alignleft size-medium wp-image-6310\" src=\"https:\/\/www.brustkrebs-selbsthilfe-mc.de\/wp-content\/uploads\/2025\/12\/20250505_195824-187x300.jpg\" alt=\"\" width=\"187\" height=\"300\" srcset=\"https:\/\/www.brustkrebs-selbsthilfe-mc.de\/wp-content\/uploads\/2025\/12\/20250505_195824-187x300.jpg 187w, https:\/\/www.brustkrebs-selbsthilfe-mc.de\/wp-content\/uploads\/2025\/12\/20250505_195824-94x150.jpg 94w, https:\/\/www.brustkrebs-selbsthilfe-mc.de\/wp-content\/uploads\/2025\/12\/20250505_195824.jpg 331w\" sizes=\"auto, (max-width: 187px) 100vw, 187px\" \/> Felix Macht wohnt in N\u00fcmbrecht und gibt mitunter auch Qigong -Kurse in der Volkshochschule. <img loading=\"lazy\" decoding=\"async\" class=\"size-full wp-image-6311 alignright\" src=\"https:\/\/www.brustkrebs-selbsthilfe-mc.de\/wp-content\/uploads\/2025\/12\/Download-1.jpg\" alt=\"\" width=\"225\" height=\"225\" srcset=\"https:\/\/www.brustkrebs-selbsthilfe-mc.de\/wp-content\/uploads\/2025\/12\/Download-1.jpg 225w, https:\/\/www.brustkrebs-selbsthilfe-mc.de\/wp-content\/uploads\/2025\/12\/Download-1-150x150.jpg 150w\" sizes=\"auto, (max-width: 225px) 100vw, 225px\" \/><\/p>\n<p>&nbsp;<\/p>\n<p>&nbsp;<\/p>\n<p>&nbsp;<\/p>\n<p>&nbsp;<\/p>\n<p>&nbsp;<\/p>\n<p>&nbsp;<\/p>\n<p>&nbsp;<\/p>\n<p>&nbsp;<\/p>\n<p>&nbsp;<\/p>\n<p><span style=\"color: #0000ff;\">Im Mai 2024 hatte uns ein Referent kurzfristig abgesagt und Felix Macht ist spontan eingesprungen.<\/span><\/p>\n<p><span style=\"color: #0000ff;\">Mit seiner ruhigen und \u00fcberaus herzlichen Art schenkte er uns einen ber\u00fchrenden Einblick in die Welt des Qigong \u2013 wir durften nicht nur viel Wissenswertes erfahren, sondern auch sp\u00fcren, wie wohltuend und tief diese Praxis wirkt.<\/span><br \/>\n<span style=\"color: #0000ff;\">Unsere Teilnehmerinnen waren so sehr begeistert und haben sich eine Wiederholung gew\u00fcnscht und wir freuen uns sehr, dass Felix unserer Einladung gerne nachkommt.<\/span><\/p>\n<p><img loading=\"lazy\" decoding=\"async\" class=\"alignleft size-medium wp-image-6312\" src=\"https:\/\/www.brustkrebs-selbsthilfe-mc.de\/wp-content\/uploads\/2025\/12\/WWW-Titelbild-3-Dezember-2023-1024x577-1-300x169.png\" alt=\"\" width=\"300\" height=\"169\" srcset=\"https:\/\/www.brustkrebs-selbsthilfe-mc.de\/wp-content\/uploads\/2025\/12\/WWW-Titelbild-3-Dezember-2023-1024x577-1-300x169.png 300w, https:\/\/www.brustkrebs-selbsthilfe-mc.de\/wp-content\/uploads\/2025\/12\/WWW-Titelbild-3-Dezember-2023-1024x577-1-150x85.png 150w, https:\/\/www.brustkrebs-selbsthilfe-mc.de\/wp-content\/uploads\/2025\/12\/WWW-Titelbild-3-Dezember-2023-1024x577-1-768x433.png 768w, https:\/\/www.brustkrebs-selbsthilfe-mc.de\/wp-content\/uploads\/2025\/12\/WWW-Titelbild-3-Dezember-2023-1024x577-1.png 1024w\" sizes=\"auto, (max-width: 300px) 100vw, 300px\" \/><img loading=\"lazy\" decoding=\"async\" class=\"alignleft wp-image-6313\" src=\"https:\/\/www.brustkrebs-selbsthilfe-mc.de\/wp-content\/uploads\/2025\/12\/Yin_yang-300x300.png\" alt=\"\" width=\"135\" height=\"135\" srcset=\"https:\/\/www.brustkrebs-selbsthilfe-mc.de\/wp-content\/uploads\/2025\/12\/Yin_yang-300x300.png 300w, https:\/\/www.brustkrebs-selbsthilfe-mc.de\/wp-content\/uploads\/2025\/12\/Yin_yang-150x150.png 150w, https:\/\/www.brustkrebs-selbsthilfe-mc.de\/wp-content\/uploads\/2025\/12\/Yin_yang.png 466w\" sizes=\"auto, (max-width: 135px) 100vw, 135px\" \/><\/p>\n<p>&nbsp;<\/p>\n<p>&nbsp;<\/p>\n<p>&nbsp;<\/p>\n<p>&nbsp;<\/p>\n<p>&nbsp;<\/p>\n<p>&nbsp;<\/p>\n<p><strong>Was ist die Basis von Qi Gong?<\/strong><br \/>\nQi Gong und Taiji sind \u00dcbungen zur Lebenspflege aus dem asiatischen<br \/>\n&gt; Raum mit langer Tradition. Die vielf\u00e4ltigen \u00dcbungen in Ruhe und<br \/>\n&gt; Bewegung nehmen sich die Natur zum Vorbild und f\u00f6rdern f\u00fcr den Menschen<br \/>\n&gt; das harmonische Einssein mit eben dieser Natur. Dies ist die<br \/>\n&gt; wesentliche Basis f\u00fcr die sog. Naturheilkraft, die sich \u00fcber das \u00dcben<br \/>\n&gt; von Qi Gong und Taiji f\u00fcr einen selbst entfalten l\u00e4sst. Das<br \/>\n&gt; Bewusstsein und die F\u00e4higkeit zur Entfaltung von Selbstwirksamkeit in<br \/>\n&gt; der Gesunderhaltung und Behandlung von Schmerz und Leid kann den<br \/>\n&gt; K\u00f6rper, die Seele und den Geist insgesamt st\u00e4rken f\u00fcr ein langes und<br \/>\n&gt; ges\u00fcnderes Leben.<\/p>\n<p>&nbsp;<\/p>\n<div class=\"wpb_text_column wpb_content_element \">\n<div class=\"wpb_wrapper\">\n<h1>Zahlreiche Interessenten sind herzlich Willkommen.<\/h1>\n<\/div>\n<\/div>\n<div class=\"wpb_text_column wpb_content_element \">\n<div class=\"wpb_wrapper\">\n<p>Kontakt unter: Telefon 0170-289 02 97<br \/>\nE-Mail\u00a0<a href=\"mailto:mamma.campy@gmail.com\">mamma.campy@gmail.com<\/a><\/p>\n<\/div>\n<\/div>\n","protected":false},"excerpt":{"rendered":"<p>01. Juni 2026 macht Felix Macht mit uns Qigong mit meditativen Ausklang Felix Macht wohnt in N\u00fcmbrecht und gibt mitunter auch Qigong -Kurse in der Volkshochschule. &nbsp; &nbsp; &nbsp; &nbsp; &nbsp; &nbsp; &nbsp; &nbsp; &nbsp; Im Mai 2024 hatte uns ein Referent kurzfristig abgesagt und Felix Macht ist spontan eingesprungen. Mit seiner ruhigen und \u00fcberaus [&hellip;]<\/p>\n","protected":false},"author":3,"featured_media":0,"parent":0,"menu_order":0,"comment_status":"closed","ping_status":"closed","template":"","meta":{"site-sidebar-layout":"default","site-content-layout":"","ast-site-content-layout":"default","site-content-style":"default","site-sidebar-style":"default","ast-global-header-display":"","ast-banner-title-visibility":"","ast-main-header-display":"","ast-hfb-above-header-display":"","ast-hfb-below-header-display":"","ast-hfb-mobile-header-display":"","site-post-title":"","ast-breadcrumbs-content":"","ast-featured-img":"","footer-sml-layout":"","ast-disable-related-posts":"","theme-transparent-header-meta":"default","adv-header-id-meta":"","stick-header-meta":"","header-above-stick-meta":"","header-main-stick-meta":"","header-below-stick-meta":"","astra-migrate-meta-layouts":"set","ast-page-background-enabled":"default","ast-page-background-meta":{"desktop":{"background-color":"","background-image":"","background-repeat":"repeat","background-position":"center center","background-size":"auto","background-attachment":"scroll","background-type":"","background-media":"","overlay-type":"","overlay-color":"","overlay-opacity":"","overlay-gradient":""},"tablet":{"background-color":"","background-image":"","background-repeat":"repeat","background-position":"center center","background-size":"auto","background-attachment":"scroll","background-type":"","background-media":"","overlay-type":"","overlay-color":"","overlay-opacity":"","overlay-gradient":""},"mobile":{"background-color":"","background-image":"","background-repeat":"repeat","background-position":"center center","background-size":"auto","background-attachment":"scroll","background-type":"","background-media":"","overlay-type":"","overlay-color":"","overlay-opacity":"","overlay-gradient":""}},"ast-content-background-meta":{"desktop":{"background-color":"var(--ast-global-color-5)","background-image":"","background-repeat":"repeat","background-position":"center center","background-size":"auto","background-attachment":"scroll","background-type":"","background-media":"","overlay-type":"","overlay-color":"","overlay-opacity":"","overlay-gradient":""},"tablet":{"background-color":"var(--ast-global-color-5)","background-image":"","background-repeat":"repeat","background-position":"center center","background-size":"auto","background-attachment":"scroll","background-type":"","background-media":"","overlay-type":"","overlay-color":"","overlay-opacity":"","overlay-gradient":""},"mobile":{"background-color":"var(--ast-global-color-5)","background-image":"","background-repeat":"repeat","background-position":"center center","background-size":"auto","background-attachment":"scroll","background-type":"","background-media":"","overlay-type":"","overlay-color":"","overlay-opacity":"","overlay-gradient":""}},"footnotes":""},"class_list":["post-6309","page","type-page","status-publish","hentry"],"aioseo_notices":[],"_links":{"self":[{"href":"https:\/\/www.brustkrebs-selbsthilfe-mc.de\/index.php\/wp-json\/wp\/v2\/pages\/6309","targetHints":{"allow":["GET"]}}],"collection":[{"href":"https:\/\/www.brustkrebs-selbsthilfe-mc.de\/index.php\/wp-json\/wp\/v2\/pages"}],"about":[{"href":"https:\/\/www.brustkrebs-selbsthilfe-mc.de\/index.php\/wp-json\/wp\/v2\/types\/page"}],"author":[{"embeddable":true,"href":"https:\/\/www.brustkrebs-selbsthilfe-mc.de\/index.php\/wp-json\/wp\/v2\/users\/3"}],"replies":[{"embeddable":true,"href":"https:\/\/www.brustkrebs-selbsthilfe-mc.de\/index.php\/wp-json\/wp\/v2\/comments?post=6309"}],"version-history":[{"count":3,"href":"https:\/\/www.brustkrebs-selbsthilfe-mc.de\/index.php\/wp-json\/wp\/v2\/pages\/6309\/revisions"}],"predecessor-version":[{"id":6320,"href":"https:\/\/www.brustkrebs-selbsthilfe-mc.de\/index.php\/wp-json\/wp\/v2\/pages\/6309\/revisions\/6320"}],"wp:attachment":[{"href":"https:\/\/www.brustkrebs-selbsthilfe-mc.de\/index.php\/wp-json\/wp\/v2\/media?parent=6309"}],"curies":[{"name":"wp","href":"https:\/\/api.w.org\/{rel}","templated":true}]}}