{"id":6290,"date":"2025-12-14T16:04:12","date_gmt":"2025-12-14T15:04:12","guid":{"rendered":"https:\/\/www.brustkrebs-selbsthilfe-mc.de\/?page_id=6290"},"modified":"2025-12-14T16:05:06","modified_gmt":"2025-12-14T15:05:06","slug":"30-maerz-2026","status":"publish","type":"page","link":"https:\/\/www.brustkrebs-selbsthilfe-mc.de\/index.php\/30-maerz-2026\/","title":{"rendered":"30. M\u00e4rz 2026"},"content":{"rendered":"<h1><span style=\"color: #993300;\"><strong>Achtung: Termin im April wurde verschoben wegen Ostern<\/strong><\/span><\/h1>\n<h1><span style=\"color: #99cc00;\"><strong>Fragerunde mit Kathleen G\u00f6tz vom EUTB Gummersbach<\/strong><\/span><br \/>\n<span style=\"color: #99cc00;\"><strong>findet am 30. M\u00e4rz 2026 statt<\/strong><\/span><\/h1>\n<p>&nbsp;<\/p>\n<p><img loading=\"lazy\" decoding=\"async\" class=\"alignleft size-full wp-image-6291\" src=\"https:\/\/www.brustkrebs-selbsthilfe-mc.de\/wp-content\/uploads\/2025\/12\/IMG-20240605-WA0009.jpg\" alt=\"\" width=\"228\" height=\"250\" srcset=\"https:\/\/www.brustkrebs-selbsthilfe-mc.de\/wp-content\/uploads\/2025\/12\/IMG-20240605-WA0009.jpg 228w, https:\/\/www.brustkrebs-selbsthilfe-mc.de\/wp-content\/uploads\/2025\/12\/IMG-20240605-WA0009-137x150.jpg 137w\" sizes=\"auto, (max-width: 228px) 100vw, 228px\" \/><\/p>\n<p>Das Team der EUTB Oberbergischer kreis hilft Menschen mit Behinderungen oder einer drohenden Behinderung und Ihren Angeh\u00f6rigen dabei, einen \u00dcberblick \u00fcber s\u00e4mtliche Leistungen der Rehabilitation und Teilhabe zu bekommen.<\/p>\n<p>&nbsp;<\/p>\n<p>&nbsp;<\/p>\n<p>&nbsp;<\/p>\n<p>&nbsp;<\/p>\n<p>&nbsp;<\/p>\n<p>Kathleen G\u00f6tz stellte das Beratungsangebot auf sehr kompetente Art bereits schon im Juni bei mamma CAMPY vor.\u00a0 <img loading=\"lazy\" decoding=\"async\" class=\"size-medium wp-image-6292 alignright\" src=\"https:\/\/www.brustkrebs-selbsthilfe-mc.de\/wp-content\/uploads\/2025\/12\/6709113-schoner-naturblick-auf-fruhlingsbluhende-baume-auf-unscharfem-hintergrund-foto-300x129.jpg\" alt=\"\" width=\"300\" height=\"129\" srcset=\"https:\/\/www.brustkrebs-selbsthilfe-mc.de\/wp-content\/uploads\/2025\/12\/6709113-schoner-naturblick-auf-fruhlingsbluhende-baume-auf-unscharfem-hintergrund-foto-300x129.jpg 300w, https:\/\/www.brustkrebs-selbsthilfe-mc.de\/wp-content\/uploads\/2025\/12\/6709113-schoner-naturblick-auf-fruhlingsbluhende-baume-auf-unscharfem-hintergrund-foto-150x64.jpg 150w, https:\/\/www.brustkrebs-selbsthilfe-mc.de\/wp-content\/uploads\/2025\/12\/6709113-schoner-naturblick-auf-fruhlingsbluhende-baume-auf-unscharfem-hintergrund-foto.jpg 466w\" sizes=\"auto, (max-width: 300px) 100vw, 300px\" \/><\/p>\n<p>&nbsp;<\/p>\n<p>&nbsp;<\/p>\n<p>&nbsp;<\/p>\n<p><img loading=\"lazy\" decoding=\"async\" class=\"alignleft size-medium wp-image-6293\" src=\"https:\/\/www.brustkrebs-selbsthilfe-mc.de\/wp-content\/uploads\/2025\/12\/Logo-EUTB-300x128.jpg\" alt=\"\" width=\"300\" height=\"128\" srcset=\"https:\/\/www.brustkrebs-selbsthilfe-mc.de\/wp-content\/uploads\/2025\/12\/Logo-EUTB-300x128.jpg 300w, https:\/\/www.brustkrebs-selbsthilfe-mc.de\/wp-content\/uploads\/2025\/12\/Logo-EUTB-1024x437.jpg 1024w, https:\/\/www.brustkrebs-selbsthilfe-mc.de\/wp-content\/uploads\/2025\/12\/Logo-EUTB-150x64.jpg 150w, https:\/\/www.brustkrebs-selbsthilfe-mc.de\/wp-content\/uploads\/2025\/12\/Logo-EUTB-768x328.jpg 768w, https:\/\/www.brustkrebs-selbsthilfe-mc.de\/wp-content\/uploads\/2025\/12\/Logo-EUTB-1536x655.jpg 1536w, https:\/\/www.brustkrebs-selbsthilfe-mc.de\/wp-content\/uploads\/2025\/12\/Logo-EUTB-2048x874.jpg 2048w\" sizes=\"auto, (max-width: 300px) 100vw, 300px\" \/> Die <strong><span style=\"color: #993300;\">EUTB<\/span><\/strong>,<strong> <span style=\"color: #993300;\">E<\/span><\/strong>rg\u00e4nzende <strong><span style=\"color: #993300;\">U<\/span><\/strong>nabh\u00e4ngige<strong> <span style=\"color: #993300;\">T<\/span><\/strong>eilhabe<strong><span style=\"color: #993300;\"> B<\/span><\/strong>eratung<br \/>\nIst Teil des Parit\u00e4tischen und wird durch das Bundesministerium f\u00fcr Arbeit und Soziales gef\u00f6rdert.<\/p>\n<p>&nbsp;<\/p>\n<p>&nbsp;<\/p>\n<p><img loading=\"lazy\" decoding=\"async\" class=\"alignleft size-medium wp-image-6294\" src=\"https:\/\/www.brustkrebs-selbsthilfe-mc.de\/wp-content\/uploads\/2025\/12\/images-300x130.jpg\" alt=\"\" width=\"300\" height=\"130\" srcset=\"https:\/\/www.brustkrebs-selbsthilfe-mc.de\/wp-content\/uploads\/2025\/12\/images-300x130.jpg 300w, https:\/\/www.brustkrebs-selbsthilfe-mc.de\/wp-content\/uploads\/2025\/12\/images-150x65.jpg 150w, https:\/\/www.brustkrebs-selbsthilfe-mc.de\/wp-content\/uploads\/2025\/12\/images.jpg 341w\" sizes=\"auto, (max-width: 300px) 100vw, 300px\" \/><img loading=\"lazy\" decoding=\"async\" class=\"alignleft size-medium wp-image-6295\" src=\"https:\/\/www.brustkrebs-selbsthilfe-mc.de\/wp-content\/uploads\/2025\/12\/IMG-20240924-WA0014-300x300.jpg\" alt=\"\" width=\"300\" height=\"300\" srcset=\"https:\/\/www.brustkrebs-selbsthilfe-mc.de\/wp-content\/uploads\/2025\/12\/IMG-20240924-WA0014-300x300.jpg 300w, https:\/\/www.brustkrebs-selbsthilfe-mc.de\/wp-content\/uploads\/2025\/12\/IMG-20240924-WA0014-150x150.jpg 150w, https:\/\/www.brustkrebs-selbsthilfe-mc.de\/wp-content\/uploads\/2025\/12\/IMG-20240924-WA0014.jpg 500w\" sizes=\"auto, (max-width: 300px) 100vw, 300px\" \/><\/p>\n<p>&nbsp;<\/p>\n<p>&nbsp;<\/p>\n<p>&nbsp;<\/p>\n<p>&nbsp;<\/p>\n<p>&nbsp;<\/p>\n<p>&nbsp;<\/p>\n<p>&nbsp;<\/p>\n<p>&nbsp;<\/p>\n<p>Die EUTB, Erg\u00e4nzende Unabh\u00e4ngige Teilhabe Beratung<br \/>\nIst Teil des Parit\u00e4tischen und wird durch das Bundesministerium f\u00fcr Arbeit und Soziales gef\u00f6rdert.<\/p>\n<p>&nbsp;<\/p>\n<div class=\"wpb_text_column wpb_content_element \">\n<div class=\"wpb_wrapper\">\n<h1>Zahlreiche Interessenten sind herzlich Willkommen.<\/h1>\n<\/div>\n<\/div>\n<div class=\"wpb_text_column wpb_content_element \">\n<div class=\"wpb_wrapper\">\n<p>Kontakt unter: Telefon 0170-289 02 97<br \/>\nE-Mail\u00a0<a href=\"mailto:mamma.campy@gmail.com\">mamma.campy@gmail.com<\/a><\/p>\n<p>&nbsp;<\/p>\n<\/div>\n<\/div>\n","protected":false},"excerpt":{"rendered":"<p>Achtung: Termin im April wurde verschoben wegen Ostern Fragerunde mit Kathleen G\u00f6tz vom EUTB Gummersbach findet am 30. M\u00e4rz 2026 statt &nbsp; Das Team der EUTB Oberbergischer kreis hilft Menschen mit Behinderungen oder einer drohenden Behinderung und Ihren Angeh\u00f6rigen dabei, einen \u00dcberblick \u00fcber s\u00e4mtliche Leistungen der Rehabilitation und Teilhabe zu bekommen. &nbsp; &nbsp; &nbsp; &nbsp; [&hellip;]<\/p>\n","protected":false},"author":3,"featured_media":0,"parent":0,"menu_order":0,"comment_status":"closed","ping_status":"closed","template":"","meta":{"site-sidebar-layout":"default","site-content-layout":"","ast-site-content-layout":"default","site-content-style":"default","site-sidebar-style":"default","ast-global-header-display":"","ast-banner-title-visibility":"","ast-main-header-display":"","ast-hfb-above-header-display":"","ast-hfb-below-header-display":"","ast-hfb-mobile-header-display":"","site-post-title":"","ast-breadcrumbs-content":"","ast-featured-img":"","footer-sml-layout":"","ast-disable-related-posts":"","theme-transparent-header-meta":"default","adv-header-id-meta":"","stick-header-meta":"","header-above-stick-meta":"","header-main-stick-meta":"","header-below-stick-meta":"","astra-migrate-meta-layouts":"set","ast-page-background-enabled":"default","ast-page-background-meta":{"desktop":{"background-color":"","background-image":"","background-repeat":"repeat","background-position":"center center","background-size":"auto","background-attachment":"scroll","background-type":"","background-media":"","overlay-type":"","overlay-color":"","overlay-opacity":"","overlay-gradient":""},"tablet":{"background-color":"","background-image":"","background-repeat":"repeat","background-position":"center center","background-size":"auto","background-attachment":"scroll","background-type":"","background-media":"","overlay-type":"","overlay-color":"","overlay-opacity":"","overlay-gradient":""},"mobile":{"background-color":"","background-image":"","background-repeat":"repeat","background-position":"center center","background-size":"auto","background-attachment":"scroll","background-type":"","background-media":"","overlay-type":"","overlay-color":"","overlay-opacity":"","overlay-gradient":""}},"ast-content-background-meta":{"desktop":{"background-color":"var(--ast-global-color-5)","background-image":"","background-repeat":"repeat","background-position":"center center","background-size":"auto","background-attachment":"scroll","background-type":"","background-media":"","overlay-type":"","overlay-color":"","overlay-opacity":"","overlay-gradient":""},"tablet":{"background-color":"var(--ast-global-color-5)","background-image":"","background-repeat":"repeat","background-position":"center center","background-size":"auto","background-attachment":"scroll","background-type":"","background-media":"","overlay-type":"","overlay-color":"","overlay-opacity":"","overlay-gradient":""},"mobile":{"background-color":"var(--ast-global-color-5)","background-image":"","background-repeat":"repeat","background-position":"center center","background-size":"auto","background-attachment":"scroll","background-type":"","background-media":"","overlay-type":"","overlay-color":"","overlay-opacity":"","overlay-gradient":""}},"footnotes":""},"class_list":["post-6290","page","type-page","status-publish","hentry"],"aioseo_notices":[],"_links":{"self":[{"href":"https:\/\/www.brustkrebs-selbsthilfe-mc.de\/index.php\/wp-json\/wp\/v2\/pages\/6290","targetHints":{"allow":["GET"]}}],"collection":[{"href":"https:\/\/www.brustkrebs-selbsthilfe-mc.de\/index.php\/wp-json\/wp\/v2\/pages"}],"about":[{"href":"https:\/\/www.brustkrebs-selbsthilfe-mc.de\/index.php\/wp-json\/wp\/v2\/types\/page"}],"author":[{"embeddable":true,"href":"https:\/\/www.brustkrebs-selbsthilfe-mc.de\/index.php\/wp-json\/wp\/v2\/users\/3"}],"replies":[{"embeddable":true,"href":"https:\/\/www.brustkrebs-selbsthilfe-mc.de\/index.php\/wp-json\/wp\/v2\/comments?post=6290"}],"version-history":[{"count":2,"href":"https:\/\/www.brustkrebs-selbsthilfe-mc.de\/index.php\/wp-json\/wp\/v2\/pages\/6290\/revisions"}],"predecessor-version":[{"id":6299,"href":"https:\/\/www.brustkrebs-selbsthilfe-mc.de\/index.php\/wp-json\/wp\/v2\/pages\/6290\/revisions\/6299"}],"wp:attachment":[{"href":"https:\/\/www.brustkrebs-selbsthilfe-mc.de\/index.php\/wp-json\/wp\/v2\/media?parent=6290"}],"curies":[{"name":"wp","href":"https:\/\/api.w.org\/{rel}","templated":true}]}}