{"id":6279,"date":"2025-12-14T15:46:14","date_gmt":"2025-12-14T14:46:14","guid":{"rendered":"https:\/\/www.brustkrebs-selbsthilfe-mc.de\/?page_id=6279"},"modified":"2026-02-05T22:45:12","modified_gmt":"2026-02-05T21:45:12","slug":"02-maerz-2026","status":"publish","type":"page","link":"https:\/\/www.brustkrebs-selbsthilfe-mc.de\/index.php\/02-maerz-2026\/","title":{"rendered":"02. M\u00e4rz 2026"},"content":{"rendered":"<h1><span style=\"color: #339966;\"><strong>Am 02. M\u00e4rz 2026 machen wir einen Workshop mit<\/strong><\/span><br \/>\n<span style=\"color: #339966;\"><strong>Heilpraktikerin Heidi Knoppek<\/strong><\/span><\/h1>\n<p>&nbsp;<\/p>\n<p>&nbsp;<\/p>\n<p><img loading=\"lazy\" decoding=\"async\" class=\"alignleft wp-image-6456\" src=\"https:\/\/www.brustkrebs-selbsthilfe-mc.de\/wp-content\/uploads\/2026\/02\/Frau-Knoppek-222x300.jpg\" alt=\"\" width=\"178\" height=\"241\" srcset=\"https:\/\/www.brustkrebs-selbsthilfe-mc.de\/wp-content\/uploads\/2026\/02\/Frau-Knoppek-222x300.jpg 222w, https:\/\/www.brustkrebs-selbsthilfe-mc.de\/wp-content\/uploads\/2026\/02\/Frau-Knoppek-759x1024.jpg 759w, https:\/\/www.brustkrebs-selbsthilfe-mc.de\/wp-content\/uploads\/2026\/02\/Frau-Knoppek-111x150.jpg 111w, https:\/\/www.brustkrebs-selbsthilfe-mc.de\/wp-content\/uploads\/2026\/02\/Frau-Knoppek-768x1036.jpg 768w, https:\/\/www.brustkrebs-selbsthilfe-mc.de\/wp-content\/uploads\/2026\/02\/Frau-Knoppek.jpg 905w\" sizes=\"auto, (max-width: 178px) 100vw, 178px\" \/>Hallo zusammen, ich hei\u00dfe Heidi Knoppek, verwitwet, habe 2<br \/>\nErwachsene Kinder und mittlerweile auch 3 Enkelkinder, mit denen<br \/>\nIch f\u00fcr mein Leben gerne Zeit verbringe.<br \/>\nZu meinen Hobbys z\u00e4hlen: Joggen, Segeln,<br \/>\nZeit im Garten und in der Natur zu verbringen und Reisen.<\/p>\n<p><img loading=\"lazy\" decoding=\"async\" class=\"wp-image-6280 aligncenter\" src=\"https:\/\/www.brustkrebs-selbsthilfe-mc.de\/wp-content\/uploads\/2025\/12\/lotus-yoga-person-circle-eco-icon-nature-template-logo-design-vector_1249511-3250-300x300.jpg\" alt=\"\" width=\"167\" height=\"167\" srcset=\"https:\/\/www.brustkrebs-selbsthilfe-mc.de\/wp-content\/uploads\/2025\/12\/lotus-yoga-person-circle-eco-icon-nature-template-logo-design-vector_1249511-3250-300x300.jpg 300w, https:\/\/www.brustkrebs-selbsthilfe-mc.de\/wp-content\/uploads\/2025\/12\/lotus-yoga-person-circle-eco-icon-nature-template-logo-design-vector_1249511-3250-150x150.jpg 150w, https:\/\/www.brustkrebs-selbsthilfe-mc.de\/wp-content\/uploads\/2025\/12\/lotus-yoga-person-circle-eco-icon-nature-template-logo-design-vector_1249511-3250.avif 740w\" sizes=\"auto, (max-width: 167px) 100vw, 167px\" \/><\/p>\n<p>&nbsp;<\/p>\n<h4><span style=\"color: #99cc00;\">Mein Lieblingszitat:<\/span><br \/>\n<span style=\"color: #99cc00;\">\u201eDer gr\u00f6\u00dfte Ruhm im Len liegt nicht darin, nie zu fallen, sondern jedes Mal wieder aufzustehen\u201c<\/span><br \/>\n<span style=\"color: #99cc00;\">von Nelson Mandela<\/span><\/h4>\n<p><img loading=\"lazy\" decoding=\"async\" class=\"size-medium wp-image-6457 aligncenter\" src=\"https:\/\/www.brustkrebs-selbsthilfe-mc.de\/wp-content\/uploads\/2026\/02\/alchemilla-2257638_640-300x225.jpg\" alt=\"\" width=\"300\" height=\"225\" srcset=\"https:\/\/www.brustkrebs-selbsthilfe-mc.de\/wp-content\/uploads\/2026\/02\/alchemilla-2257638_640-300x225.jpg 300w, https:\/\/www.brustkrebs-selbsthilfe-mc.de\/wp-content\/uploads\/2026\/02\/alchemilla-2257638_640-150x113.jpg 150w, https:\/\/www.brustkrebs-selbsthilfe-mc.de\/wp-content\/uploads\/2026\/02\/alchemilla-2257638_640.jpg 640w\" sizes=\"auto, (max-width: 300px) 100vw, 300px\" \/><\/p>\n<p>&nbsp;<\/p>\n<p><img loading=\"lazy\" decoding=\"async\" class=\"alignleft size-medium wp-image-6458\" src=\"https:\/\/www.brustkrebs-selbsthilfe-mc.de\/wp-content\/uploads\/2026\/02\/premium_photo-1675018082270-0593e4100e0a-300x200.jpg\" alt=\"\" width=\"300\" height=\"200\" srcset=\"https:\/\/www.brustkrebs-selbsthilfe-mc.de\/wp-content\/uploads\/2026\/02\/premium_photo-1675018082270-0593e4100e0a-300x200.jpg 300w, https:\/\/www.brustkrebs-selbsthilfe-mc.de\/wp-content\/uploads\/2026\/02\/premium_photo-1675018082270-0593e4100e0a-1024x683.jpg 1024w, https:\/\/www.brustkrebs-selbsthilfe-mc.de\/wp-content\/uploads\/2026\/02\/premium_photo-1675018082270-0593e4100e0a-150x100.jpg 150w, https:\/\/www.brustkrebs-selbsthilfe-mc.de\/wp-content\/uploads\/2026\/02\/premium_photo-1675018082270-0593e4100e0a-768x512.jpg 768w, https:\/\/www.brustkrebs-selbsthilfe-mc.de\/wp-content\/uploads\/2026\/02\/premium_photo-1675018082270-0593e4100e0a-1536x1024.jpg 1536w, https:\/\/www.brustkrebs-selbsthilfe-mc.de\/wp-content\/uploads\/2026\/02\/premium_photo-1675018082270-0593e4100e0a-2048x1365.jpg 2048w\" sizes=\"auto, (max-width: 300px) 100vw, 300px\" \/>Nach meiner Ausbildung zur Krankenschwester habe ich die Fachweiterbildung An\u00e4sthesie und Intensivmedizin absolviert und 25 Jahre auf der Intensivstation gearbeitet. W\u00e4hrend diese T\u00e4tigkeit habe ich f\u00fcr mich entdeckt, dass Schmerztherapie mein Herzensthema ist und habe eine Weiterbildung zur zertifizierten algesiologischen Fachassistentin gem. DGS absolviert. Zus\u00e4tzlich zur Schulmedizin habe ich Weiterbildungen zur naturheilkundlichen Pflege und zur Aromaexpertin gemacht, um die Patienten bestm\u00f6glich zur unterst\u00fctzen.<\/p>\n<p>&nbsp;<\/p>\n<p>&nbsp;<\/p>\n<p>&nbsp;<\/p>\n<p>&nbsp;<\/p>\n<p><img loading=\"lazy\" decoding=\"async\" class=\"size-medium wp-image-6459 alignright\" src=\"https:\/\/www.brustkrebs-selbsthilfe-mc.de\/wp-content\/uploads\/2026\/02\/Naturheilkunde-1-300x211.jpg\" alt=\"\" width=\"300\" height=\"211\" srcset=\"https:\/\/www.brustkrebs-selbsthilfe-mc.de\/wp-content\/uploads\/2026\/02\/Naturheilkunde-1-300x211.jpg 300w, https:\/\/www.brustkrebs-selbsthilfe-mc.de\/wp-content\/uploads\/2026\/02\/Naturheilkunde-1-1024x721.jpg 1024w, https:\/\/www.brustkrebs-selbsthilfe-mc.de\/wp-content\/uploads\/2026\/02\/Naturheilkunde-1-150x106.jpg 150w, https:\/\/www.brustkrebs-selbsthilfe-mc.de\/wp-content\/uploads\/2026\/02\/Naturheilkunde-1-768x541.jpg 768w, https:\/\/www.brustkrebs-selbsthilfe-mc.de\/wp-content\/uploads\/2026\/02\/Naturheilkunde-1.jpg 1027w\" sizes=\"auto, (max-width: 300px) 100vw, 300px\" \/><\/p>\n<p>&nbsp;<\/p>\n<p>Zusammen mit einem Oberarzt habe ich den Schmerzdienst im Klinikum Oberberg aufgebaut und ins Leben gerufen, wir betreuen viele Patienten mit Schmerzen aller Art und beraten individuell und pers\u00f6nlich bei unseren t\u00e4glichen Schmerzvisiten.<br \/>\nPrivat betreibe ich seit 2 Jahren eine Praxis f\u00fcr Naturheilkundliche Pflege<\/p>\n<p>&nbsp;<\/p>\n<p>&nbsp;<\/p>\n<p>&nbsp;<\/p>\n<p>&nbsp;<\/p>\n<p>&nbsp;<\/p>\n<p>&nbsp;<\/p>\n<p><span style=\"font-size: 2em; font-weight: bold;\">Zahlreiche Interessenten sind herzlich Willkommen.<\/span><\/p>\n<div class=\"wpb_text_column wpb_content_element \">\n<div class=\"wpb_wrapper\">\n<p>Kontakt unter: Telefon 0170-289 02 97<br \/>\nE-Mail\u00a0<a href=\"mailto:mamma.campy@gmail.com\">mamma.campy@gmail.com<\/a><\/p>\n<\/div>\n<\/div>\n<p>&nbsp;<\/p>\n","protected":false},"excerpt":{"rendered":"<p>Am 02. M\u00e4rz 2026 machen wir einen Workshop mit Heilpraktikerin Heidi Knoppek &nbsp; &nbsp; Hallo zusammen, ich hei\u00dfe Heidi Knoppek, verwitwet, habe 2 Erwachsene Kinder und mittlerweile auch 3 Enkelkinder, mit denen Ich f\u00fcr mein Leben gerne Zeit verbringe. Zu meinen Hobbys z\u00e4hlen: Joggen, Segeln, Zeit im Garten und in der Natur zu verbringen und [&hellip;]<\/p>\n","protected":false},"author":3,"featured_media":0,"parent":0,"menu_order":0,"comment_status":"closed","ping_status":"closed","template":"","meta":{"site-sidebar-layout":"default","site-content-layout":"","ast-site-content-layout":"default","site-content-style":"default","site-sidebar-style":"default","ast-global-header-display":"","ast-banner-title-visibility":"","ast-main-header-display":"","ast-hfb-above-header-display":"","ast-hfb-below-header-display":"","ast-hfb-mobile-header-display":"","site-post-title":"","ast-breadcrumbs-content":"","ast-featured-img":"","footer-sml-layout":"","ast-disable-related-posts":"","theme-transparent-header-meta":"default","adv-header-id-meta":"","stick-header-meta":"","header-above-stick-meta":"","header-main-stick-meta":"","header-below-stick-meta":"","astra-migrate-meta-layouts":"set","ast-page-background-enabled":"default","ast-page-background-meta":{"desktop":{"background-color":"","background-image":"","background-repeat":"repeat","background-position":"center center","background-size":"auto","background-attachment":"scroll","background-type":"","background-media":"","overlay-type":"","overlay-color":"","overlay-opacity":"","overlay-gradient":""},"tablet":{"background-color":"","background-image":"","background-repeat":"repeat","background-position":"center center","background-size":"auto","background-attachment":"scroll","background-type":"","background-media":"","overlay-type":"","overlay-color":"","overlay-opacity":"","overlay-gradient":""},"mobile":{"background-color":"","background-image":"","background-repeat":"repeat","background-position":"center center","background-size":"auto","background-attachment":"scroll","background-type":"","background-media":"","overlay-type":"","overlay-color":"","overlay-opacity":"","overlay-gradient":""}},"ast-content-background-meta":{"desktop":{"background-color":"var(--ast-global-color-5)","background-image":"","background-repeat":"repeat","background-position":"center center","background-size":"auto","background-attachment":"scroll","background-type":"","background-media":"","overlay-type":"","overlay-color":"","overlay-opacity":"","overlay-gradient":""},"tablet":{"background-color":"var(--ast-global-color-5)","background-image":"","background-repeat":"repeat","background-position":"center center","background-size":"auto","background-attachment":"scroll","background-type":"","background-media":"","overlay-type":"","overlay-color":"","overlay-opacity":"","overlay-gradient":""},"mobile":{"background-color":"var(--ast-global-color-5)","background-image":"","background-repeat":"repeat","background-position":"center center","background-size":"auto","background-attachment":"scroll","background-type":"","background-media":"","overlay-type":"","overlay-color":"","overlay-opacity":"","overlay-gradient":""}},"footnotes":""},"class_list":["post-6279","page","type-page","status-publish","hentry"],"aioseo_notices":[],"_links":{"self":[{"href":"https:\/\/www.brustkrebs-selbsthilfe-mc.de\/index.php\/wp-json\/wp\/v2\/pages\/6279","targetHints":{"allow":["GET"]}}],"collection":[{"href":"https:\/\/www.brustkrebs-selbsthilfe-mc.de\/index.php\/wp-json\/wp\/v2\/pages"}],"about":[{"href":"https:\/\/www.brustkrebs-selbsthilfe-mc.de\/index.php\/wp-json\/wp\/v2\/types\/page"}],"author":[{"embeddable":true,"href":"https:\/\/www.brustkrebs-selbsthilfe-mc.de\/index.php\/wp-json\/wp\/v2\/users\/3"}],"replies":[{"embeddable":true,"href":"https:\/\/www.brustkrebs-selbsthilfe-mc.de\/index.php\/wp-json\/wp\/v2\/comments?post=6279"}],"version-history":[{"count":3,"href":"https:\/\/www.brustkrebs-selbsthilfe-mc.de\/index.php\/wp-json\/wp\/v2\/pages\/6279\/revisions"}],"predecessor-version":[{"id":6460,"href":"https:\/\/www.brustkrebs-selbsthilfe-mc.de\/index.php\/wp-json\/wp\/v2\/pages\/6279\/revisions\/6460"}],"wp:attachment":[{"href":"https:\/\/www.brustkrebs-selbsthilfe-mc.de\/index.php\/wp-json\/wp\/v2\/media?parent=6279"}],"curies":[{"name":"wp","href":"https:\/\/api.w.org\/{rel}","templated":true}]}}