{"id":6210,"date":"2025-10-26T17:24:24","date_gmt":"2025-10-26T16:24:24","guid":{"rendered":"https:\/\/www.brustkrebs-selbsthilfe-mc.de\/?page_id=6210"},"modified":"2025-10-29T11:00:50","modified_gmt":"2025-10-29T10:00:50","slug":"fruehlingefest-2025","status":"publish","type":"page","link":"https:\/\/www.brustkrebs-selbsthilfe-mc.de\/index.php\/fruehlingefest-2025\/","title":{"rendered":"Erfahrungsaustausch 2025"},"content":{"rendered":"<h1><span style=\"color: #3366ff;\"><strong>Erfahrungsaustausch im Fr\u00fchling zum Thema<\/strong><\/span><br \/>\n<span style=\"color: #3366ff;\"><strong>Brustprothese, BH und Bademode<\/strong><\/span><\/h1>\n<p>&nbsp;<\/p>\n<p><img loading=\"lazy\" decoding=\"async\" class=\"alignleft wp-image-6211\" src=\"https:\/\/www.brustkrebs-selbsthilfe-mc.de\/wp-content\/uploads\/2025\/10\/Fest-1-184x300.png\" alt=\"\" width=\"263\" height=\"429\" srcset=\"https:\/\/www.brustkrebs-selbsthilfe-mc.de\/wp-content\/uploads\/2025\/10\/Fest-1-184x300.png 184w, https:\/\/www.brustkrebs-selbsthilfe-mc.de\/wp-content\/uploads\/2025\/10\/Fest-1-92x150.png 92w, https:\/\/www.brustkrebs-selbsthilfe-mc.de\/wp-content\/uploads\/2025\/10\/Fest-1.png 232w\" sizes=\"auto, (max-width: 263px) 100vw, 263px\" \/><img loading=\"lazy\" decoding=\"async\" class=\"alignleft wp-image-6212\" src=\"https:\/\/www.brustkrebs-selbsthilfe-mc.de\/wp-content\/uploads\/2025\/10\/Fest-2-225x300.png\" alt=\"\" width=\"308\" height=\"411\" srcset=\"https:\/\/www.brustkrebs-selbsthilfe-mc.de\/wp-content\/uploads\/2025\/10\/Fest-2-225x300.png 225w, https:\/\/www.brustkrebs-selbsthilfe-mc.de\/wp-content\/uploads\/2025\/10\/Fest-2-113x150.png 113w, https:\/\/www.brustkrebs-selbsthilfe-mc.de\/wp-content\/uploads\/2025\/10\/Fest-2.png 309w\" sizes=\"auto, (max-width: 308px) 100vw, 308px\" \/><img loading=\"lazy\" decoding=\"async\" class=\"alignleft wp-image-6213\" src=\"https:\/\/www.brustkrebs-selbsthilfe-mc.de\/wp-content\/uploads\/2025\/10\/Fest-6-300x174.png\" alt=\"\" width=\"424\" height=\"246\" srcset=\"https:\/\/www.brustkrebs-selbsthilfe-mc.de\/wp-content\/uploads\/2025\/10\/Fest-6-300x174.png 300w, https:\/\/www.brustkrebs-selbsthilfe-mc.de\/wp-content\/uploads\/2025\/10\/Fest-6-150x87.png 150w, https:\/\/www.brustkrebs-selbsthilfe-mc.de\/wp-content\/uploads\/2025\/10\/Fest-6.png 507w\" sizes=\"auto, (max-width: 424px) 100vw, 424px\" \/><\/p>\n<p>&nbsp;<\/p>\n<p>&nbsp;<\/p>\n<p>&nbsp;<\/p>\n<p>&nbsp;<\/p>\n<p>&nbsp;<\/p>\n<p>&nbsp;<\/p>\n<p>&nbsp;<\/p>\n<p>&nbsp;<\/p>\n<p>&nbsp;<\/p>\n<p>&nbsp;<\/p>\n<p>&nbsp;<\/p>\n<p>&nbsp;<\/p>\n<p>&nbsp;<\/p>\n<p>&nbsp;<\/p>\n<p>Das Orga -Team \u00fcberraschte ihre Teilnehmerinnen mit einer liebevoll gedeckter Tafel.<\/p>\n<p><img loading=\"lazy\" decoding=\"async\" class=\"alignleft size-full wp-image-6214\" src=\"https:\/\/www.brustkrebs-selbsthilfe-mc.de\/wp-content\/uploads\/2025\/10\/Fest-3.png\" alt=\"\" width=\"278\" height=\"249\" srcset=\"https:\/\/www.brustkrebs-selbsthilfe-mc.de\/wp-content\/uploads\/2025\/10\/Fest-3.png 278w, https:\/\/www.brustkrebs-selbsthilfe-mc.de\/wp-content\/uploads\/2025\/10\/Fest-3-150x134.png 150w\" sizes=\"auto, (max-width: 278px) 100vw, 278px\" \/><img loading=\"lazy\" decoding=\"async\" class=\"alignleft size-medium wp-image-6215\" src=\"https:\/\/www.brustkrebs-selbsthilfe-mc.de\/wp-content\/uploads\/2025\/10\/Fest-7-300x221.png\" alt=\"\" width=\"300\" height=\"221\" srcset=\"https:\/\/www.brustkrebs-selbsthilfe-mc.de\/wp-content\/uploads\/2025\/10\/Fest-7-300x221.png 300w, https:\/\/www.brustkrebs-selbsthilfe-mc.de\/wp-content\/uploads\/2025\/10\/Fest-7-150x110.png 150w, https:\/\/www.brustkrebs-selbsthilfe-mc.de\/wp-content\/uploads\/2025\/10\/Fest-7.png 387w\" sizes=\"auto, (max-width: 300px) 100vw, 300px\" \/><\/p>\n<p>&nbsp;<\/p>\n<p>&nbsp;<\/p>\n<p>&nbsp;<\/p>\n<p>&nbsp;<\/p>\n<p>&nbsp;<\/p>\n<p>&nbsp;<\/p>\n<p>&nbsp;<\/p>\n<p>&nbsp;<\/p>\n<p>&nbsp;<\/p>\n<p>Am Samstag den 05. April hatten wir zum ersten Mal ein zus\u00e4tzliches Treffen zum Thema Prothesen und Bademode bei Brustkrebs vom Reha Service N\u00fcmbrecht. Unsere Melanie vom Orga-Team stellte daf\u00fcr ihre R\u00e4umlichkeiten zur Verf\u00fcgung.<\/p>\n<p><img loading=\"lazy\" decoding=\"async\" class=\"alignleft size-medium wp-image-6216\" src=\"https:\/\/www.brustkrebs-selbsthilfe-mc.de\/wp-content\/uploads\/2025\/10\/Fest-8-300x162.png\" alt=\"\" width=\"300\" height=\"162\" srcset=\"https:\/\/www.brustkrebs-selbsthilfe-mc.de\/wp-content\/uploads\/2025\/10\/Fest-8-300x162.png 300w, https:\/\/www.brustkrebs-selbsthilfe-mc.de\/wp-content\/uploads\/2025\/10\/Fest-8-150x81.png 150w, https:\/\/www.brustkrebs-selbsthilfe-mc.de\/wp-content\/uploads\/2025\/10\/Fest-8.png 468w\" sizes=\"auto, (max-width: 300px) 100vw, 300px\" \/><\/p>\n<p>&nbsp;<\/p>\n<p>&nbsp;<\/p>\n<p>&nbsp;<\/p>\n<p><img loading=\"lazy\" decoding=\"async\" class=\"alignleft size-medium wp-image-6218\" src=\"https:\/\/www.brustkrebs-selbsthilfe-mc.de\/wp-content\/uploads\/2025\/10\/Fest-17-300x300.png\" alt=\"\" width=\"300\" height=\"300\" srcset=\"https:\/\/www.brustkrebs-selbsthilfe-mc.de\/wp-content\/uploads\/2025\/10\/Fest-17-300x300.png 300w, https:\/\/www.brustkrebs-selbsthilfe-mc.de\/wp-content\/uploads\/2025\/10\/Fest-17-150x150.png 150w, https:\/\/www.brustkrebs-selbsthilfe-mc.de\/wp-content\/uploads\/2025\/10\/Fest-17.png 378w\" sizes=\"auto, (max-width: 300px) 100vw, 300px\" \/><\/p>\n<p>&nbsp;<\/p>\n<p>&nbsp;<\/p>\n<p>&nbsp;<\/p>\n<p>&nbsp;<\/p>\n<p>&nbsp;<\/p>\n<p>&nbsp;<\/p>\n<p>&nbsp;<\/p>\n<p>&nbsp;<\/p>\n<p>&nbsp;<\/p>\n<p>&nbsp;<\/p>\n<p>Zum Anfang gab es Informationen zu diesem Thema. In dieser lockeren Atmosph\u00e4re genossen es die M\u00e4dels und hatten sich viel zu erz\u00e4hlen.<\/p>\n<p>&nbsp;<\/p>\n<p>&nbsp;<\/p>\n<p><img loading=\"lazy\" decoding=\"async\" class=\"alignleft size-medium wp-image-6217\" src=\"https:\/\/www.brustkrebs-selbsthilfe-mc.de\/wp-content\/uploads\/2025\/10\/Fest-16-300x300.png\" alt=\"\" width=\"300\" height=\"300\" srcset=\"https:\/\/www.brustkrebs-selbsthilfe-mc.de\/wp-content\/uploads\/2025\/10\/Fest-16-300x300.png 300w, https:\/\/www.brustkrebs-selbsthilfe-mc.de\/wp-content\/uploads\/2025\/10\/Fest-16-150x150.png 150w, https:\/\/www.brustkrebs-selbsthilfe-mc.de\/wp-content\/uploads\/2025\/10\/Fest-16.png 378w\" sizes=\"auto, (max-width: 300px) 100vw, 300px\" \/><\/p>\n<p>&nbsp;<\/p>\n<p>&nbsp;<\/p>\n<p>&nbsp;<\/p>\n<p>&nbsp;<\/p>\n<p>&nbsp;<\/p>\n<p>&nbsp;<\/p>\n<p>&nbsp;<\/p>\n<p>&nbsp;<\/p>\n<p>&nbsp;<\/p>\n<p>&nbsp;<\/p>\n<p>Dies ist Karina Salvatierra vom Sanit\u00e4tshaus N\u00fcmbrecht. Sie stellte uns die neuste Bademode und Unterw\u00e4sche vor. Auch f\u00fcr das tragen einer Prothese zeigte sie uns sch\u00f6ne Sachen.<\/p>\n<p>Auch f\u00fcr das ein oder andere Beratungsgespr\u00e4ch mit einer Teilnehmerin stand sie zur Verf\u00fcgung.<\/p>\n<p><img loading=\"lazy\" decoding=\"async\" class=\"alignleft size-medium wp-image-6219\" src=\"https:\/\/www.brustkrebs-selbsthilfe-mc.de\/wp-content\/uploads\/2025\/10\/Fest-18-300x205.png\" alt=\"\" width=\"300\" height=\"205\" srcset=\"https:\/\/www.brustkrebs-selbsthilfe-mc.de\/wp-content\/uploads\/2025\/10\/Fest-18-300x205.png 300w, https:\/\/www.brustkrebs-selbsthilfe-mc.de\/wp-content\/uploads\/2025\/10\/Fest-18-150x102.png 150w, https:\/\/www.brustkrebs-selbsthilfe-mc.de\/wp-content\/uploads\/2025\/10\/Fest-18.png 308w\" sizes=\"auto, (max-width: 300px) 100vw, 300px\" \/><img loading=\"lazy\" decoding=\"async\" class=\"alignleft size-medium wp-image-6220\" src=\"https:\/\/www.brustkrebs-selbsthilfe-mc.de\/wp-content\/uploads\/2025\/10\/Fest-19-300x281.png\" alt=\"\" width=\"300\" height=\"281\" srcset=\"https:\/\/www.brustkrebs-selbsthilfe-mc.de\/wp-content\/uploads\/2025\/10\/Fest-19-300x281.png 300w, https:\/\/www.brustkrebs-selbsthilfe-mc.de\/wp-content\/uploads\/2025\/10\/Fest-19-150x140.png 150w, https:\/\/www.brustkrebs-selbsthilfe-mc.de\/wp-content\/uploads\/2025\/10\/Fest-19.png 400w\" sizes=\"auto, (max-width: 300px) 100vw, 300px\" \/><\/p>\n<p>&nbsp;<\/p>\n<p>&nbsp;<\/p>\n<p>&nbsp;<\/p>\n<p>&nbsp;<\/p>\n<p>&nbsp;<\/p>\n<p>&nbsp;<\/p>\n<p>&nbsp;<\/p>\n<p>&nbsp;<\/p>\n<p>&nbsp;<\/p>\n<p>&nbsp;<\/p>\n<p>Danach machten einige M\u00e4dels einen sch\u00f6nen Spaziergang in der sch\u00f6nen Landschaft.<\/p>\n<p><img loading=\"lazy\" decoding=\"async\" class=\"alignleft size-medium wp-image-6221\" src=\"https:\/\/www.brustkrebs-selbsthilfe-mc.de\/wp-content\/uploads\/2025\/10\/Fest-4-300x198.png\" alt=\"\" width=\"300\" height=\"198\" srcset=\"https:\/\/www.brustkrebs-selbsthilfe-mc.de\/wp-content\/uploads\/2025\/10\/Fest-4-300x198.png 300w, https:\/\/www.brustkrebs-selbsthilfe-mc.de\/wp-content\/uploads\/2025\/10\/Fest-4-150x99.png 150w, https:\/\/www.brustkrebs-selbsthilfe-mc.de\/wp-content\/uploads\/2025\/10\/Fest-4-768x506.png 768w, https:\/\/www.brustkrebs-selbsthilfe-mc.de\/wp-content\/uploads\/2025\/10\/Fest-4.png 774w\" sizes=\"auto, (max-width: 300px) 100vw, 300px\" \/><img loading=\"lazy\" decoding=\"async\" class=\"alignleft size-medium wp-image-6222\" src=\"https:\/\/www.brustkrebs-selbsthilfe-mc.de\/wp-content\/uploads\/2025\/10\/Fest-12-300x166.png\" alt=\"\" width=\"300\" height=\"166\" srcset=\"https:\/\/www.brustkrebs-selbsthilfe-mc.de\/wp-content\/uploads\/2025\/10\/Fest-12-300x166.png 300w, https:\/\/www.brustkrebs-selbsthilfe-mc.de\/wp-content\/uploads\/2025\/10\/Fest-12-150x83.png 150w, https:\/\/www.brustkrebs-selbsthilfe-mc.de\/wp-content\/uploads\/2025\/10\/Fest-12.png 669w\" sizes=\"auto, (max-width: 300px) 100vw, 300px\" \/><\/p>\n<p>&nbsp;<\/p>\n<p>&nbsp;<\/p>\n<p>&nbsp;<\/p>\n<p>&nbsp;<\/p>\n<p>&nbsp;<\/p>\n<p>&nbsp;<\/p>\n<p>&nbsp;<\/p>\n<p>&nbsp;<\/p>\n<p>F\u00fcr den Abend hatte das Orga-Team, im Wohnzimmer von Melanie, eine gem\u00fctliche Tafel fertig gemacht.<\/p>\n<p><img loading=\"lazy\" decoding=\"async\" class=\"alignleft size-medium wp-image-6223\" src=\"https:\/\/www.brustkrebs-selbsthilfe-mc.de\/wp-content\/uploads\/2025\/10\/Fest-13-300x221.png\" alt=\"\" width=\"300\" height=\"221\" srcset=\"https:\/\/www.brustkrebs-selbsthilfe-mc.de\/wp-content\/uploads\/2025\/10\/Fest-13-300x221.png 300w, https:\/\/www.brustkrebs-selbsthilfe-mc.de\/wp-content\/uploads\/2025\/10\/Fest-13-150x110.png 150w, https:\/\/www.brustkrebs-selbsthilfe-mc.de\/wp-content\/uploads\/2025\/10\/Fest-13.png 387w\" sizes=\"auto, (max-width: 300px) 100vw, 300px\" \/><img loading=\"lazy\" decoding=\"async\" class=\"alignleft size-medium wp-image-6224\" src=\"https:\/\/www.brustkrebs-selbsthilfe-mc.de\/wp-content\/uploads\/2025\/10\/Fest-14-300x233.png\" alt=\"\" width=\"300\" height=\"233\" srcset=\"https:\/\/www.brustkrebs-selbsthilfe-mc.de\/wp-content\/uploads\/2025\/10\/Fest-14-300x233.png 300w, https:\/\/www.brustkrebs-selbsthilfe-mc.de\/wp-content\/uploads\/2025\/10\/Fest-14-150x117.png 150w, https:\/\/www.brustkrebs-selbsthilfe-mc.de\/wp-content\/uploads\/2025\/10\/Fest-14.png 387w\" sizes=\"auto, (max-width: 300px) 100vw, 300px\" \/><\/p>\n<p>&nbsp;<\/p>\n<p>&nbsp;<\/p>\n<p>&nbsp;<\/p>\n<p>&nbsp;<\/p>\n<p>&nbsp;<\/p>\n<p>&nbsp;<\/p>\n<p>&nbsp;<\/p>\n<p>&nbsp;<\/p>\n<p>&nbsp;<\/p>\n<p>Mit einem kleinen Imbiss und alkoholfreien Cocktails genossen wir den gemeinsamen Abend.<\/p>\n<p><img loading=\"lazy\" decoding=\"async\" class=\"alignleft size-medium wp-image-6225\" src=\"https:\/\/www.brustkrebs-selbsthilfe-mc.de\/wp-content\/uploads\/2025\/10\/Fest-5-221x300.png\" alt=\"\" width=\"221\" height=\"300\" srcset=\"https:\/\/www.brustkrebs-selbsthilfe-mc.de\/wp-content\/uploads\/2025\/10\/Fest-5-221x300.png 221w, https:\/\/www.brustkrebs-selbsthilfe-mc.de\/wp-content\/uploads\/2025\/10\/Fest-5-111x150.png 111w, https:\/\/www.brustkrebs-selbsthilfe-mc.de\/wp-content\/uploads\/2025\/10\/Fest-5.png 239w\" sizes=\"auto, (max-width: 221px) 100vw, 221px\" \/><\/p>\n<p>&nbsp;<\/p>\n<p>&nbsp;<\/p>\n<p>&nbsp;<\/p>\n<p>&nbsp;<\/p>\n<p>&nbsp;<\/p>\n<p>&nbsp;<\/p>\n<p>&nbsp;<\/p>\n<p>&nbsp;<\/p>\n<p>&nbsp;<\/p>\n<p>&nbsp;<\/p>\n<p>Wir lernten uns noch besser kennen und hatten viele intensive Gespr\u00e4che. Aber vor allen wurde viel gelacht. Zum Abschied bekam jede Teilnehmerin noch ein kleines Ostergeschenk mit nach Hause.<\/p>\n<p>&nbsp;<\/p>\n<p><span style=\"color: #3366ff;\"><strong>Am n\u00e4chsten Tag bekam das Orga-Team viele liebe Nachrichten von ihren Teilnehmerinnen. <\/strong><\/span><\/p>\n<p><span style=\"color: #3366ff;\"><strong>Hier ein kleiner Auszug:<\/strong><\/span><\/p>\n<p><span style=\"color: #3366ff;\"><strong>\u201eEs war so ein sch\u00f6ner Nachmittag\/Abend! Vielen Dank f\u00fcr alles, ihr seid gro\u00dfartig\u201c<\/strong><\/span><\/p>\n<p><span style=\"color: #3366ff;\"><strong>\u201eEs war so ein toller Tag. Vielen lieben Dank f\u00fcr die tolle Organisation und die wertvollen Gespr\u00e4che\u201c<\/strong><\/span><\/p>\n<p>&nbsp;<\/p>\n<p>&nbsp;<\/p>\n<p><strong>Vielen Dank, wir freuen uns schon auf das n\u00e4chste Mal, euer Orga &#8211; Team.<\/strong><\/p>\n<p>&nbsp;<\/p>\n<p>&nbsp;<\/p>\n","protected":false},"excerpt":{"rendered":"<p>Erfahrungsaustausch im Fr\u00fchling zum Thema Brustprothese, BH und Bademode &nbsp; &nbsp; &nbsp; &nbsp; &nbsp; &nbsp; &nbsp; &nbsp; &nbsp; &nbsp; &nbsp; &nbsp; &nbsp; &nbsp; &nbsp; Das Orga -Team \u00fcberraschte ihre Teilnehmerinnen mit einer liebevoll gedeckter Tafel. &nbsp; &nbsp; &nbsp; &nbsp; &nbsp; &nbsp; &nbsp; &nbsp; &nbsp; Am Samstag den 05. April hatten wir zum ersten Mal ein [&hellip;]<\/p>\n","protected":false},"author":3,"featured_media":0,"parent":0,"menu_order":0,"comment_status":"closed","ping_status":"closed","template":"","meta":{"site-sidebar-layout":"default","site-content-layout":"","ast-site-content-layout":"default","site-content-style":"default","site-sidebar-style":"default","ast-global-header-display":"","ast-banner-title-visibility":"","ast-main-header-display":"","ast-hfb-above-header-display":"","ast-hfb-below-header-display":"","ast-hfb-mobile-header-display":"","site-post-title":"","ast-breadcrumbs-content":"","ast-featured-img":"","footer-sml-layout":"","ast-disable-related-posts":"","theme-transparent-header-meta":"default","adv-header-id-meta":"","stick-header-meta":"","header-above-stick-meta":"","header-main-stick-meta":"","header-below-stick-meta":"","astra-migrate-meta-layouts":"set","ast-page-background-enabled":"default","ast-page-background-meta":{"desktop":{"background-color":"","background-image":"","background-repeat":"repeat","background-position":"center center","background-size":"auto","background-attachment":"scroll","background-type":"","background-media":"","overlay-type":"","overlay-color":"","overlay-opacity":"","overlay-gradient":""},"tablet":{"background-color":"","background-image":"","background-repeat":"repeat","background-position":"center center","background-size":"auto","background-attachment":"scroll","background-type":"","background-media":"","overlay-type":"","overlay-color":"","overlay-opacity":"","overlay-gradient":""},"mobile":{"background-color":"","background-image":"","background-repeat":"repeat","background-position":"center center","background-size":"auto","background-attachment":"scroll","background-type":"","background-media":"","overlay-type":"","overlay-color":"","overlay-opacity":"","overlay-gradient":""}},"ast-content-background-meta":{"desktop":{"background-color":"var(--ast-global-color-5)","background-image":"","background-repeat":"repeat","background-position":"center center","background-size":"auto","background-attachment":"scroll","background-type":"","background-media":"","overlay-type":"","overlay-color":"","overlay-opacity":"","overlay-gradient":""},"tablet":{"background-color":"var(--ast-global-color-5)","background-image":"","background-repeat":"repeat","background-position":"center center","background-size":"auto","background-attachment":"scroll","background-type":"","background-media":"","overlay-type":"","overlay-color":"","overlay-opacity":"","overlay-gradient":""},"mobile":{"background-color":"var(--ast-global-color-5)","background-image":"","background-repeat":"repeat","background-position":"center center","background-size":"auto","background-attachment":"scroll","background-type":"","background-media":"","overlay-type":"","overlay-color":"","overlay-opacity":"","overlay-gradient":""}},"footnotes":""},"class_list":["post-6210","page","type-page","status-publish","hentry"],"aioseo_notices":[],"_links":{"self":[{"href":"https:\/\/www.brustkrebs-selbsthilfe-mc.de\/index.php\/wp-json\/wp\/v2\/pages\/6210","targetHints":{"allow":["GET"]}}],"collection":[{"href":"https:\/\/www.brustkrebs-selbsthilfe-mc.de\/index.php\/wp-json\/wp\/v2\/pages"}],"about":[{"href":"https:\/\/www.brustkrebs-selbsthilfe-mc.de\/index.php\/wp-json\/wp\/v2\/types\/page"}],"author":[{"embeddable":true,"href":"https:\/\/www.brustkrebs-selbsthilfe-mc.de\/index.php\/wp-json\/wp\/v2\/users\/3"}],"replies":[{"embeddable":true,"href":"https:\/\/www.brustkrebs-selbsthilfe-mc.de\/index.php\/wp-json\/wp\/v2\/comments?post=6210"}],"version-history":[{"count":6,"href":"https:\/\/www.brustkrebs-selbsthilfe-mc.de\/index.php\/wp-json\/wp\/v2\/pages\/6210\/revisions"}],"predecessor-version":[{"id":6237,"href":"https:\/\/www.brustkrebs-selbsthilfe-mc.de\/index.php\/wp-json\/wp\/v2\/pages\/6210\/revisions\/6237"}],"wp:attachment":[{"href":"https:\/\/www.brustkrebs-selbsthilfe-mc.de\/index.php\/wp-json\/wp\/v2\/media?parent=6210"}],"curies":[{"name":"wp","href":"https:\/\/api.w.org\/{rel}","templated":true}]}}