{"id":6157,"date":"2025-10-26T16:50:25","date_gmt":"2025-10-26T15:50:25","guid":{"rendered":"https:\/\/www.brustkrebs-selbsthilfe-mc.de\/?page_id=6157"},"modified":"2025-10-26T16:57:38","modified_gmt":"2025-10-26T15:57:38","slug":"monschau","status":"publish","type":"page","link":"https:\/\/www.brustkrebs-selbsthilfe-mc.de\/index.php\/monschau\/","title":{"rendered":"Monschau"},"content":{"rendered":"<h1><span style=\"color: #008080;\"><strong>Unseren ersten Ganztagsausflug<\/strong><\/span><br \/>\n<span style=\"color: #008080;\"><strong>machten wir nach Monschau in der Eifel<\/strong><\/span><br \/>\n<span style=\"color: #008080;\"><strong>zum Thema \u201e Gesunde Ern\u00e4hrung bei Krebs\u201c<\/strong><\/span><\/h1>\n<p>&nbsp;<\/p>\n<p>&nbsp;<\/p>\n<p><img loading=\"lazy\" decoding=\"async\" class=\"alignleft size-medium wp-image-6158\" src=\"https:\/\/www.brustkrebs-selbsthilfe-mc.de\/wp-content\/uploads\/2025\/10\/M25-300x195.jpg\" alt=\"\" width=\"300\" height=\"195\" srcset=\"https:\/\/www.brustkrebs-selbsthilfe-mc.de\/wp-content\/uploads\/2025\/10\/M25-300x195.jpg 300w, https:\/\/www.brustkrebs-selbsthilfe-mc.de\/wp-content\/uploads\/2025\/10\/M25-1024x666.jpg 1024w, https:\/\/www.brustkrebs-selbsthilfe-mc.de\/wp-content\/uploads\/2025\/10\/M25-150x98.jpg 150w, https:\/\/www.brustkrebs-selbsthilfe-mc.de\/wp-content\/uploads\/2025\/10\/M25-768x500.jpg 768w, https:\/\/www.brustkrebs-selbsthilfe-mc.de\/wp-content\/uploads\/2025\/10\/M25.jpg 1500w\" sizes=\"auto, (max-width: 300px) 100vw, 300px\" \/><\/p>\n<p>&nbsp;<\/p>\n<p>&nbsp;<\/p>\n<p>&nbsp;<\/p>\n<p>&nbsp;<\/p>\n<p>&nbsp;<\/p>\n<p>&nbsp;<\/p>\n<p>&nbsp;<\/p>\n<p>Unsere Melanie vom Orga-Team hat f\u00fcr uns diesen Ausflug von Anfang bis Ende geplant.<\/p>\n<p><img loading=\"lazy\" decoding=\"async\" class=\"alignleft size-medium wp-image-6159\" src=\"https:\/\/www.brustkrebs-selbsthilfe-mc.de\/wp-content\/uploads\/2025\/10\/M22-262x300.jpg\" alt=\"\" width=\"262\" height=\"300\" srcset=\"https:\/\/www.brustkrebs-selbsthilfe-mc.de\/wp-content\/uploads\/2025\/10\/M22-262x300.jpg 262w, https:\/\/www.brustkrebs-selbsthilfe-mc.de\/wp-content\/uploads\/2025\/10\/M22-893x1024.jpg 893w, https:\/\/www.brustkrebs-selbsthilfe-mc.de\/wp-content\/uploads\/2025\/10\/M22-131x150.jpg 131w, https:\/\/www.brustkrebs-selbsthilfe-mc.de\/wp-content\/uploads\/2025\/10\/M22-768x881.jpg 768w, https:\/\/www.brustkrebs-selbsthilfe-mc.de\/wp-content\/uploads\/2025\/10\/M22-1340x1536.jpg 1340w, https:\/\/www.brustkrebs-selbsthilfe-mc.de\/wp-content\/uploads\/2025\/10\/M22.jpg 1488w\" sizes=\"auto, (max-width: 262px) 100vw, 262px\" \/><\/p>\n<p>&nbsp;<\/p>\n<p>&nbsp;<\/p>\n<p>&nbsp;<\/p>\n<p>&nbsp;<\/p>\n<p>&nbsp;<\/p>\n<p>&nbsp;<\/p>\n<p>&nbsp;<\/p>\n<p>&nbsp;<\/p>\n<p>&nbsp;<\/p>\n<p>&nbsp;<\/p>\n<p>Mit einem gro\u00dfen Bus und unserem Busfahrer Stefan machten wir uns 8 Uhr morgens in der Fr\u00fch auf den Weg von N\u00fcmbrecht nach Monschau.<\/p>\n<p><img loading=\"lazy\" decoding=\"async\" class=\"alignleft size-medium wp-image-6160\" src=\"https:\/\/www.brustkrebs-selbsthilfe-mc.de\/wp-content\/uploads\/2025\/10\/M27-220x300.png\" alt=\"\" width=\"220\" height=\"300\" srcset=\"https:\/\/www.brustkrebs-selbsthilfe-mc.de\/wp-content\/uploads\/2025\/10\/M27-220x300.png 220w, https:\/\/www.brustkrebs-selbsthilfe-mc.de\/wp-content\/uploads\/2025\/10\/M27-110x150.png 110w, https:\/\/www.brustkrebs-selbsthilfe-mc.de\/wp-content\/uploads\/2025\/10\/M27.png 353w\" sizes=\"auto, (max-width: 220px) 100vw, 220px\" \/><\/p>\n<p>&nbsp;<\/p>\n<p>&nbsp;<\/p>\n<p>&nbsp;<\/p>\n<p>&nbsp;<\/p>\n<p>&nbsp;<\/p>\n<p>&nbsp;<\/p>\n<p>&nbsp;<\/p>\n<p>&nbsp;<\/p>\n<p>&nbsp;<\/p>\n<p>&nbsp;<\/p>\n<p>Gegen 10:30 Uhr in Monschau angekommen gab es erst mal einen gesunden kleinen Snack , den das Orga \u2013 Team vorher liebevoll fertig gemacht hat.<\/p>\n<p><img loading=\"lazy\" decoding=\"async\" class=\"alignleft size-medium wp-image-6161\" src=\"https:\/\/www.brustkrebs-selbsthilfe-mc.de\/wp-content\/uploads\/2025\/10\/M21-300x270.jpg\" alt=\"\" width=\"300\" height=\"270\" srcset=\"https:\/\/www.brustkrebs-selbsthilfe-mc.de\/wp-content\/uploads\/2025\/10\/M21-300x270.jpg 300w, https:\/\/www.brustkrebs-selbsthilfe-mc.de\/wp-content\/uploads\/2025\/10\/M21-1024x921.jpg 1024w, https:\/\/www.brustkrebs-selbsthilfe-mc.de\/wp-content\/uploads\/2025\/10\/M21-150x135.jpg 150w, https:\/\/www.brustkrebs-selbsthilfe-mc.de\/wp-content\/uploads\/2025\/10\/M21-768x690.jpg 768w, https:\/\/www.brustkrebs-selbsthilfe-mc.de\/wp-content\/uploads\/2025\/10\/M21.jpg 1029w\" sizes=\"auto, (max-width: 300px) 100vw, 300px\" \/><\/p>\n<p><img loading=\"lazy\" decoding=\"async\" class=\"alignleft size-medium wp-image-6162\" src=\"https:\/\/www.brustkrebs-selbsthilfe-mc.de\/wp-content\/uploads\/2025\/10\/M24-300x287.png\" alt=\"\" width=\"300\" height=\"287\" srcset=\"https:\/\/www.brustkrebs-selbsthilfe-mc.de\/wp-content\/uploads\/2025\/10\/M24-300x287.png 300w, https:\/\/www.brustkrebs-selbsthilfe-mc.de\/wp-content\/uploads\/2025\/10\/M24-150x143.png 150w, https:\/\/www.brustkrebs-selbsthilfe-mc.de\/wp-content\/uploads\/2025\/10\/M24.png 346w\" sizes=\"auto, (max-width: 300px) 100vw, 300px\" \/><\/p>\n<p>&nbsp;<\/p>\n<p>&nbsp;<\/p>\n<p>&nbsp;<\/p>\n<p>&nbsp;<\/p>\n<p>&nbsp;<\/p>\n<p>&nbsp;<\/p>\n<p>&nbsp;<\/p>\n<p>&nbsp;<\/p>\n<p>&nbsp;<\/p>\n<p>&nbsp;<\/p>\n<p>Den M\u00e4dels hat es sehr gut geschmeckt..<\/p>\n<p><img loading=\"lazy\" decoding=\"async\" class=\"alignleft wp-image-6163\" src=\"https:\/\/www.brustkrebs-selbsthilfe-mc.de\/wp-content\/uploads\/2025\/10\/M2-300x118.jpg\" alt=\"\" width=\"491\" height=\"193\" srcset=\"https:\/\/www.brustkrebs-selbsthilfe-mc.de\/wp-content\/uploads\/2025\/10\/M2-300x118.jpg 300w, https:\/\/www.brustkrebs-selbsthilfe-mc.de\/wp-content\/uploads\/2025\/10\/M2-1024x402.jpg 1024w, https:\/\/www.brustkrebs-selbsthilfe-mc.de\/wp-content\/uploads\/2025\/10\/M2-150x59.jpg 150w, https:\/\/www.brustkrebs-selbsthilfe-mc.de\/wp-content\/uploads\/2025\/10\/M2-768x301.jpg 768w, https:\/\/www.brustkrebs-selbsthilfe-mc.de\/wp-content\/uploads\/2025\/10\/M2-1536x603.jpg 1536w, https:\/\/www.brustkrebs-selbsthilfe-mc.de\/wp-content\/uploads\/2025\/10\/M2.jpg 1638w\" sizes=\"auto, (max-width: 491px) 100vw, 491px\" \/><img loading=\"lazy\" decoding=\"async\" class=\"alignleft size-medium wp-image-6164\" src=\"https:\/\/www.brustkrebs-selbsthilfe-mc.de\/wp-content\/uploads\/2025\/10\/M23-300x270.png\" alt=\"\" width=\"300\" height=\"270\" srcset=\"https:\/\/www.brustkrebs-selbsthilfe-mc.de\/wp-content\/uploads\/2025\/10\/M23-300x270.png 300w, https:\/\/www.brustkrebs-selbsthilfe-mc.de\/wp-content\/uploads\/2025\/10\/M23-150x135.png 150w, https:\/\/www.brustkrebs-selbsthilfe-mc.de\/wp-content\/uploads\/2025\/10\/M23.png 378w\" sizes=\"auto, (max-width: 300px) 100vw, 300px\" \/><\/p>\n<p>&nbsp;<\/p>\n<p>&nbsp;<\/p>\n<p>&nbsp;<\/p>\n<p>&nbsp;<\/p>\n<p>&nbsp;<\/p>\n<p>&nbsp;<\/p>\n<p>&nbsp;<\/p>\n<p>&nbsp;<\/p>\n<p>&nbsp;<\/p>\n<p>Das Wetter hatte es leider nicht gut mit uns gemeint aber das hat uns die Lust und Laune nicht verdorben.<\/p>\n<p>&nbsp;<\/p>\n<p><img loading=\"lazy\" decoding=\"async\" class=\"alignleft size-medium wp-image-6165\" src=\"https:\/\/www.brustkrebs-selbsthilfe-mc.de\/wp-content\/uploads\/2025\/10\/M3-253x300.jpg\" alt=\"\" width=\"253\" height=\"300\" srcset=\"https:\/\/www.brustkrebs-selbsthilfe-mc.de\/wp-content\/uploads\/2025\/10\/M3-253x300.jpg 253w, https:\/\/www.brustkrebs-selbsthilfe-mc.de\/wp-content\/uploads\/2025\/10\/M3-862x1024.jpg 862w, https:\/\/www.brustkrebs-selbsthilfe-mc.de\/wp-content\/uploads\/2025\/10\/M3-126x150.jpg 126w, https:\/\/www.brustkrebs-selbsthilfe-mc.de\/wp-content\/uploads\/2025\/10\/M3-768x912.jpg 768w, https:\/\/www.brustkrebs-selbsthilfe-mc.de\/wp-content\/uploads\/2025\/10\/M3.jpg 1126w\" sizes=\"auto, (max-width: 253px) 100vw, 253px\" \/><img loading=\"lazy\" decoding=\"async\" class=\"alignleft wp-image-6166\" src=\"https:\/\/www.brustkrebs-selbsthilfe-mc.de\/wp-content\/uploads\/2025\/10\/M4-300x181.png\" alt=\"\" width=\"484\" height=\"292\" srcset=\"https:\/\/www.brustkrebs-selbsthilfe-mc.de\/wp-content\/uploads\/2025\/10\/M4-300x181.png 300w, https:\/\/www.brustkrebs-selbsthilfe-mc.de\/wp-content\/uploads\/2025\/10\/M4-150x90.png 150w, https:\/\/www.brustkrebs-selbsthilfe-mc.de\/wp-content\/uploads\/2025\/10\/M4-768x463.png 768w, https:\/\/www.brustkrebs-selbsthilfe-mc.de\/wp-content\/uploads\/2025\/10\/M4.png 998w\" sizes=\"auto, (max-width: 484px) 100vw, 484px\" \/><\/p>\n<p>&nbsp;<\/p>\n<p>&nbsp;<\/p>\n<p>&nbsp;<\/p>\n<p>&nbsp;<\/p>\n<p>&nbsp;<\/p>\n<p>&nbsp;<\/p>\n<p>&nbsp;<\/p>\n<p>&nbsp;<\/p>\n<p>&nbsp;<\/p>\n<p>&nbsp;<\/p>\n<p>&nbsp;<\/p>\n<p>Frisch gest\u00e4rkt und f\u00fcr den Regen gewappnet ging es dann los.<\/p>\n<p><img loading=\"lazy\" decoding=\"async\" class=\"alignleft size-medium wp-image-6167\" src=\"https:\/\/www.brustkrebs-selbsthilfe-mc.de\/wp-content\/uploads\/2025\/10\/M5-300x125.jpg\" alt=\"\" width=\"300\" height=\"125\" srcset=\"https:\/\/www.brustkrebs-selbsthilfe-mc.de\/wp-content\/uploads\/2025\/10\/M5-300x125.jpg 300w, https:\/\/www.brustkrebs-selbsthilfe-mc.de\/wp-content\/uploads\/2025\/10\/M5-1024x426.jpg 1024w, https:\/\/www.brustkrebs-selbsthilfe-mc.de\/wp-content\/uploads\/2025\/10\/M5-150x62.jpg 150w, https:\/\/www.brustkrebs-selbsthilfe-mc.de\/wp-content\/uploads\/2025\/10\/M5-768x320.jpg 768w, https:\/\/www.brustkrebs-selbsthilfe-mc.de\/wp-content\/uploads\/2025\/10\/M5.jpg 1526w\" sizes=\"auto, (max-width: 300px) 100vw, 300px\" \/><img loading=\"lazy\" decoding=\"async\" class=\"alignleft size-medium wp-image-6168\" src=\"https:\/\/www.brustkrebs-selbsthilfe-mc.de\/wp-content\/uploads\/2025\/10\/M6-288x300.jpg\" alt=\"\" width=\"288\" height=\"300\" srcset=\"https:\/\/www.brustkrebs-selbsthilfe-mc.de\/wp-content\/uploads\/2025\/10\/M6-288x300.jpg 288w, https:\/\/www.brustkrebs-selbsthilfe-mc.de\/wp-content\/uploads\/2025\/10\/M6-982x1024.jpg 982w, https:\/\/www.brustkrebs-selbsthilfe-mc.de\/wp-content\/uploads\/2025\/10\/M6-144x150.jpg 144w, https:\/\/www.brustkrebs-selbsthilfe-mc.de\/wp-content\/uploads\/2025\/10\/M6-768x801.jpg 768w, https:\/\/www.brustkrebs-selbsthilfe-mc.de\/wp-content\/uploads\/2025\/10\/M6.jpg 1200w\" sizes=\"auto, (max-width: 288px) 100vw, 288px\" \/><img loading=\"lazy\" decoding=\"async\" class=\"alignleft size-medium wp-image-6169\" src=\"https:\/\/www.brustkrebs-selbsthilfe-mc.de\/wp-content\/uploads\/2025\/10\/M17-287x300.png\" alt=\"\" width=\"287\" height=\"300\" srcset=\"https:\/\/www.brustkrebs-selbsthilfe-mc.de\/wp-content\/uploads\/2025\/10\/M17-287x300.png 287w, https:\/\/www.brustkrebs-selbsthilfe-mc.de\/wp-content\/uploads\/2025\/10\/M17-144x150.png 144w, https:\/\/www.brustkrebs-selbsthilfe-mc.de\/wp-content\/uploads\/2025\/10\/M17.png 541w\" sizes=\"auto, (max-width: 287px) 100vw, 287px\" \/><\/p>\n<p>&nbsp;<\/p>\n<p>&nbsp;<\/p>\n<p>&nbsp;<\/p>\n<p>&nbsp;<\/p>\n<p>&nbsp;<\/p>\n<p>&nbsp;<\/p>\n<p>&nbsp;<\/p>\n<p>&nbsp;<\/p>\n<p>&nbsp;<\/p>\n<p>&nbsp;<\/p>\n<p>&nbsp;<\/p>\n<p>Trotz Regen erkundeten sie M\u00e4dels Monschau mit einer interessanten Stadtf\u00fchrung.<\/p>\n<p><img loading=\"lazy\" decoding=\"async\" class=\"alignleft size-medium wp-image-6170\" src=\"https:\/\/www.brustkrebs-selbsthilfe-mc.de\/wp-content\/uploads\/2025\/10\/M18-300x293.jpg\" alt=\"\" width=\"300\" height=\"293\" srcset=\"https:\/\/www.brustkrebs-selbsthilfe-mc.de\/wp-content\/uploads\/2025\/10\/M18-300x293.jpg 300w, https:\/\/www.brustkrebs-selbsthilfe-mc.de\/wp-content\/uploads\/2025\/10\/M18-1024x1001.jpg 1024w, https:\/\/www.brustkrebs-selbsthilfe-mc.de\/wp-content\/uploads\/2025\/10\/M18-150x147.jpg 150w, https:\/\/www.brustkrebs-selbsthilfe-mc.de\/wp-content\/uploads\/2025\/10\/M18-768x751.jpg 768w, https:\/\/www.brustkrebs-selbsthilfe-mc.de\/wp-content\/uploads\/2025\/10\/M18-1536x1501.jpg 1536w, https:\/\/www.brustkrebs-selbsthilfe-mc.de\/wp-content\/uploads\/2025\/10\/M18.jpg 1849w\" sizes=\"auto, (max-width: 300px) 100vw, 300px\" \/><img loading=\"lazy\" decoding=\"async\" class=\"alignleft size-medium wp-image-6171\" src=\"https:\/\/www.brustkrebs-selbsthilfe-mc.de\/wp-content\/uploads\/2025\/10\/M19-300x265.jpg\" alt=\"\" width=\"300\" height=\"265\" srcset=\"https:\/\/www.brustkrebs-selbsthilfe-mc.de\/wp-content\/uploads\/2025\/10\/M19-300x265.jpg 300w, https:\/\/www.brustkrebs-selbsthilfe-mc.de\/wp-content\/uploads\/2025\/10\/M19-1024x904.jpg 1024w, https:\/\/www.brustkrebs-selbsthilfe-mc.de\/wp-content\/uploads\/2025\/10\/M19-150x132.jpg 150w, https:\/\/www.brustkrebs-selbsthilfe-mc.de\/wp-content\/uploads\/2025\/10\/M19-768x678.jpg 768w, https:\/\/www.brustkrebs-selbsthilfe-mc.de\/wp-content\/uploads\/2025\/10\/M19-1536x1356.jpg 1536w, https:\/\/www.brustkrebs-selbsthilfe-mc.de\/wp-content\/uploads\/2025\/10\/M19.jpg 1899w\" sizes=\"auto, (max-width: 300px) 100vw, 300px\" \/><\/p>\n<p>&nbsp;<\/p>\n<p>&nbsp;<\/p>\n<p>&nbsp;<\/p>\n<p>&nbsp;<\/p>\n<p>&nbsp;<\/p>\n<p>&nbsp;<\/p>\n<p>&nbsp;<\/p>\n<p>&nbsp;<\/p>\n<p>&nbsp;<\/p>\n<p>&nbsp;<\/p>\n<p>Kleine Andenken und Leckereien durften nat\u00fcrlich nicht fehlen.<\/p>\n<p><img loading=\"lazy\" decoding=\"async\" class=\"alignleft size-medium wp-image-6172\" src=\"https:\/\/www.brustkrebs-selbsthilfe-mc.de\/wp-content\/uploads\/2025\/10\/M1-300x246.png\" alt=\"\" width=\"300\" height=\"246\" srcset=\"https:\/\/www.brustkrebs-selbsthilfe-mc.de\/wp-content\/uploads\/2025\/10\/M1-300x246.png 300w, https:\/\/www.brustkrebs-selbsthilfe-mc.de\/wp-content\/uploads\/2025\/10\/M1-150x123.png 150w, https:\/\/www.brustkrebs-selbsthilfe-mc.de\/wp-content\/uploads\/2025\/10\/M1.png 653w\" sizes=\"auto, (max-width: 300px) 100vw, 300px\" \/><img loading=\"lazy\" decoding=\"async\" class=\"alignleft size-medium wp-image-6173\" src=\"https:\/\/www.brustkrebs-selbsthilfe-mc.de\/wp-content\/uploads\/2025\/10\/M2-1-300x118.jpg\" alt=\"\" width=\"300\" height=\"118\" srcset=\"https:\/\/www.brustkrebs-selbsthilfe-mc.de\/wp-content\/uploads\/2025\/10\/M2-1-300x118.jpg 300w, https:\/\/www.brustkrebs-selbsthilfe-mc.de\/wp-content\/uploads\/2025\/10\/M2-1-1024x402.jpg 1024w, https:\/\/www.brustkrebs-selbsthilfe-mc.de\/wp-content\/uploads\/2025\/10\/M2-1-150x59.jpg 150w, https:\/\/www.brustkrebs-selbsthilfe-mc.de\/wp-content\/uploads\/2025\/10\/M2-1-768x301.jpg 768w, https:\/\/www.brustkrebs-selbsthilfe-mc.de\/wp-content\/uploads\/2025\/10\/M2-1-1536x603.jpg 1536w, https:\/\/www.brustkrebs-selbsthilfe-mc.de\/wp-content\/uploads\/2025\/10\/M2-1.jpg 1638w\" sizes=\"auto, (max-width: 300px) 100vw, 300px\" \/><\/p>\n<p>&nbsp;<\/p>\n<p>&nbsp;<\/p>\n<p>&nbsp;<\/p>\n<p>&nbsp;<\/p>\n<p>&nbsp;<\/p>\n<p>&nbsp;<\/p>\n<p>&nbsp;<\/p>\n<p>&nbsp;<\/p>\n<p>&nbsp;<\/p>\n<p>Wer nicht so gut zu Fu\u00df war, konnte Monschau mit einer Fahrt in der Bimmelbahn erkunden.<\/p>\n<p><img loading=\"lazy\" decoding=\"async\" class=\"alignleft size-medium wp-image-6174\" src=\"https:\/\/www.brustkrebs-selbsthilfe-mc.de\/wp-content\/uploads\/2025\/10\/M14-300x260.png\" alt=\"\" width=\"300\" height=\"260\" srcset=\"https:\/\/www.brustkrebs-selbsthilfe-mc.de\/wp-content\/uploads\/2025\/10\/M14-300x260.png 300w, https:\/\/www.brustkrebs-selbsthilfe-mc.de\/wp-content\/uploads\/2025\/10\/M14-150x130.png 150w, https:\/\/www.brustkrebs-selbsthilfe-mc.de\/wp-content\/uploads\/2025\/10\/M14.png 447w\" sizes=\"auto, (max-width: 300px) 100vw, 300px\" \/><img loading=\"lazy\" decoding=\"async\" class=\"alignleft size-medium wp-image-6175\" src=\"https:\/\/www.brustkrebs-selbsthilfe-mc.de\/wp-content\/uploads\/2025\/10\/M15-300x236.png\" alt=\"\" width=\"300\" height=\"236\" srcset=\"https:\/\/www.brustkrebs-selbsthilfe-mc.de\/wp-content\/uploads\/2025\/10\/M15-300x236.png 300w, https:\/\/www.brustkrebs-selbsthilfe-mc.de\/wp-content\/uploads\/2025\/10\/M15-150x118.png 150w, https:\/\/www.brustkrebs-selbsthilfe-mc.de\/wp-content\/uploads\/2025\/10\/M15.png 467w\" sizes=\"auto, (max-width: 300px) 100vw, 300px\" \/><img loading=\"lazy\" decoding=\"async\" class=\"alignleft size-medium wp-image-6176\" src=\"https:\/\/www.brustkrebs-selbsthilfe-mc.de\/wp-content\/uploads\/2025\/10\/M16-300x246.jpg\" alt=\"\" width=\"300\" height=\"246\" srcset=\"https:\/\/www.brustkrebs-selbsthilfe-mc.de\/wp-content\/uploads\/2025\/10\/M16-300x246.jpg 300w, https:\/\/www.brustkrebs-selbsthilfe-mc.de\/wp-content\/uploads\/2025\/10\/M16-1024x840.jpg 1024w, https:\/\/www.brustkrebs-selbsthilfe-mc.de\/wp-content\/uploads\/2025\/10\/M16-150x123.jpg 150w, https:\/\/www.brustkrebs-selbsthilfe-mc.de\/wp-content\/uploads\/2025\/10\/M16-768x630.jpg 768w, https:\/\/www.brustkrebs-selbsthilfe-mc.de\/wp-content\/uploads\/2025\/10\/M16.jpg 1512w\" sizes=\"auto, (max-width: 300px) 100vw, 300px\" \/><\/p>\n<p>&nbsp;<\/p>\n<p>&nbsp;<\/p>\n<p>&nbsp;<\/p>\n<p>&nbsp;<\/p>\n<p>&nbsp;<\/p>\n<p>&nbsp;<\/p>\n<p>&nbsp;<\/p>\n<p>&nbsp;<\/p>\n<p>&nbsp;<\/p>\n<p>&nbsp;<\/p>\n<p>Danach ging es zum Restaurant \u201e Olive\u201c, wo wir, nach einem Vortrag \u00fcber \u201eGesunde Ern\u00e4hrung bei Krebs\u201c,<br \/>\nsehr lecker gegessen haben.<\/p>\n<p>&nbsp;<\/p>\n<p><img loading=\"lazy\" decoding=\"async\" class=\"alignleft size-medium wp-image-6177\" src=\"https:\/\/www.brustkrebs-selbsthilfe-mc.de\/wp-content\/uploads\/2025\/10\/M29-300x230.jpg\" alt=\"\" width=\"300\" height=\"230\" srcset=\"https:\/\/www.brustkrebs-selbsthilfe-mc.de\/wp-content\/uploads\/2025\/10\/M29-300x230.jpg 300w, https:\/\/www.brustkrebs-selbsthilfe-mc.de\/wp-content\/uploads\/2025\/10\/M29-1024x785.jpg 1024w, https:\/\/www.brustkrebs-selbsthilfe-mc.de\/wp-content\/uploads\/2025\/10\/M29-150x115.jpg 150w, https:\/\/www.brustkrebs-selbsthilfe-mc.de\/wp-content\/uploads\/2025\/10\/M29-768x588.jpg 768w, https:\/\/www.brustkrebs-selbsthilfe-mc.de\/wp-content\/uploads\/2025\/10\/M29-1536x1177.jpg 1536w, https:\/\/www.brustkrebs-selbsthilfe-mc.de\/wp-content\/uploads\/2025\/10\/M29.jpg 1561w\" sizes=\"auto, (max-width: 300px) 100vw, 300px\" \/><img loading=\"lazy\" decoding=\"async\" class=\"alignleft size-medium wp-image-6178\" src=\"https:\/\/www.brustkrebs-selbsthilfe-mc.de\/wp-content\/uploads\/2025\/10\/M32-300x216.png\" alt=\"\" width=\"300\" height=\"216\" srcset=\"https:\/\/www.brustkrebs-selbsthilfe-mc.de\/wp-content\/uploads\/2025\/10\/M32-300x216.png 300w, https:\/\/www.brustkrebs-selbsthilfe-mc.de\/wp-content\/uploads\/2025\/10\/M32-150x108.png 150w, https:\/\/www.brustkrebs-selbsthilfe-mc.de\/wp-content\/uploads\/2025\/10\/M32.png 756w\" sizes=\"auto, (max-width: 300px) 100vw, 300px\" \/><\/p>\n<p>&nbsp;<\/p>\n<p>&nbsp;<\/p>\n<p>&nbsp;<\/p>\n<p>&nbsp;<\/p>\n<p>&nbsp;<\/p>\n<p>&nbsp;<\/p>\n<p>&nbsp;<\/p>\n<p>&nbsp;<\/p>\n<p>Es war eine sch\u00f6nes Beisammensein mit vielen Gespr\u00e4chen, leckeren Essen und vor allen, sehr viel Spa\u00df.<\/p>\n<p><img loading=\"lazy\" decoding=\"async\" class=\"alignleft size-medium wp-image-6179\" src=\"https:\/\/www.brustkrebs-selbsthilfe-mc.de\/wp-content\/uploads\/2025\/10\/M7-250x300.jpg\" alt=\"\" width=\"250\" height=\"300\" srcset=\"https:\/\/www.brustkrebs-selbsthilfe-mc.de\/wp-content\/uploads\/2025\/10\/M7-250x300.jpg 250w, https:\/\/www.brustkrebs-selbsthilfe-mc.de\/wp-content\/uploads\/2025\/10\/M7-853x1024.jpg 853w, https:\/\/www.brustkrebs-selbsthilfe-mc.de\/wp-content\/uploads\/2025\/10\/M7-125x150.jpg 125w, https:\/\/www.brustkrebs-selbsthilfe-mc.de\/wp-content\/uploads\/2025\/10\/M7-768x922.jpg 768w, https:\/\/www.brustkrebs-selbsthilfe-mc.de\/wp-content\/uploads\/2025\/10\/M7-1280x1536.jpg 1280w, https:\/\/www.brustkrebs-selbsthilfe-mc.de\/wp-content\/uploads\/2025\/10\/M7.jpg 1360w\" sizes=\"auto, (max-width: 250px) 100vw, 250px\" \/><img loading=\"lazy\" decoding=\"async\" class=\"alignleft size-medium wp-image-6180\" src=\"https:\/\/www.brustkrebs-selbsthilfe-mc.de\/wp-content\/uploads\/2025\/10\/M8-300x169.jpg\" alt=\"\" width=\"300\" height=\"169\" srcset=\"https:\/\/www.brustkrebs-selbsthilfe-mc.de\/wp-content\/uploads\/2025\/10\/M8-300x169.jpg 300w, https:\/\/www.brustkrebs-selbsthilfe-mc.de\/wp-content\/uploads\/2025\/10\/M8-1024x576.jpg 1024w, https:\/\/www.brustkrebs-selbsthilfe-mc.de\/wp-content\/uploads\/2025\/10\/M8-150x84.jpg 150w, https:\/\/www.brustkrebs-selbsthilfe-mc.de\/wp-content\/uploads\/2025\/10\/M8-768x432.jpg 768w, https:\/\/www.brustkrebs-selbsthilfe-mc.de\/wp-content\/uploads\/2025\/10\/M8-1536x864.jpg 1536w, https:\/\/www.brustkrebs-selbsthilfe-mc.de\/wp-content\/uploads\/2025\/10\/M8.jpg 2048w\" sizes=\"auto, (max-width: 300px) 100vw, 300px\" \/><\/p>\n<p>&nbsp;<\/p>\n<p>&nbsp;<\/p>\n<p>&nbsp;<\/p>\n<p>&nbsp;<\/p>\n<p>&nbsp;<\/p>\n<p>&nbsp;<\/p>\n<p>&nbsp;<\/p>\n<p>&nbsp;<\/p>\n<p>&nbsp;<\/p>\n<p>&nbsp;<\/p>\n<p>Bevor es wieder nach Hause ging, machten wir zum Abschluss eine Schifffahrt \u00fcber den Rursee.<\/p>\n<p>&nbsp;<\/p>\n<p><img loading=\"lazy\" decoding=\"async\" class=\"alignleft size-medium wp-image-6181\" src=\"https:\/\/www.brustkrebs-selbsthilfe-mc.de\/wp-content\/uploads\/2025\/10\/M11-300x173.png\" alt=\"\" width=\"300\" height=\"173\" srcset=\"https:\/\/www.brustkrebs-selbsthilfe-mc.de\/wp-content\/uploads\/2025\/10\/M11-300x173.png 300w, https:\/\/www.brustkrebs-selbsthilfe-mc.de\/wp-content\/uploads\/2025\/10\/M11-150x87.png 150w, https:\/\/www.brustkrebs-selbsthilfe-mc.de\/wp-content\/uploads\/2025\/10\/M11.png 558w\" sizes=\"auto, (max-width: 300px) 100vw, 300px\" \/><img loading=\"lazy\" decoding=\"async\" class=\"alignleft size-medium wp-image-6182\" src=\"https:\/\/www.brustkrebs-selbsthilfe-mc.de\/wp-content\/uploads\/2025\/10\/M14-1-300x260.png\" alt=\"\" width=\"300\" height=\"260\" srcset=\"https:\/\/www.brustkrebs-selbsthilfe-mc.de\/wp-content\/uploads\/2025\/10\/M14-1-300x260.png 300w, https:\/\/www.brustkrebs-selbsthilfe-mc.de\/wp-content\/uploads\/2025\/10\/M14-1-150x130.png 150w, https:\/\/www.brustkrebs-selbsthilfe-mc.de\/wp-content\/uploads\/2025\/10\/M14-1.png 447w\" sizes=\"auto, (max-width: 300px) 100vw, 300px\" \/><\/p>\n<p>&nbsp;<\/p>\n<p>&nbsp;<\/p>\n<p>&nbsp;<\/p>\n<p>&nbsp;<\/p>\n<p>&nbsp;<\/p>\n<p>&nbsp;<\/p>\n<p>&nbsp;<\/p>\n<p>&nbsp;<\/p>\n<p>&nbsp;<\/p>\n<p>&nbsp;<\/p>\n<p>Trotz Regen war es ein wundersch\u00f6ner Tag. Zwar ziemlich geschafft, aber dennoch sehr gl\u00fccklich, kamen wir kurz nach 19 Uhr in N\u00fcmbrecht an.<br \/>\n<strong>Vielen lieben Dank an unsere Melanie, f\u00fcr diese gut durchdachte Planung.<\/strong><\/p>\n<p>&nbsp;<\/p>\n<p><img loading=\"lazy\" decoding=\"async\" class=\"alignleft wp-image-6183\" src=\"https:\/\/www.brustkrebs-selbsthilfe-mc.de\/wp-content\/uploads\/2025\/10\/M30-300x187.jpg\" alt=\"\" width=\"756\" height=\"471\" srcset=\"https:\/\/www.brustkrebs-selbsthilfe-mc.de\/wp-content\/uploads\/2025\/10\/M30-300x187.jpg 300w, https:\/\/www.brustkrebs-selbsthilfe-mc.de\/wp-content\/uploads\/2025\/10\/M30-1024x637.jpg 1024w, https:\/\/www.brustkrebs-selbsthilfe-mc.de\/wp-content\/uploads\/2025\/10\/M30-150x93.jpg 150w, https:\/\/www.brustkrebs-selbsthilfe-mc.de\/wp-content\/uploads\/2025\/10\/M30-768x478.jpg 768w, https:\/\/www.brustkrebs-selbsthilfe-mc.de\/wp-content\/uploads\/2025\/10\/M30.jpg 1512w\" sizes=\"auto, (max-width: 756px) 100vw, 756px\" \/><\/p>\n<p>&nbsp;<\/p>\n<p>&nbsp;<\/p>\n<p>&nbsp;<\/p>\n<p>&nbsp;<\/p>\n<p>&nbsp;<\/p>\n","protected":false},"excerpt":{"rendered":"<p>Unseren ersten Ganztagsausflug machten wir nach Monschau in der Eifel zum Thema \u201e Gesunde Ern\u00e4hrung bei Krebs\u201c &nbsp; &nbsp; &nbsp; &nbsp; &nbsp; &nbsp; &nbsp; &nbsp; &nbsp; Unsere Melanie vom Orga-Team hat f\u00fcr uns diesen Ausflug von Anfang bis Ende geplant. &nbsp; &nbsp; &nbsp; &nbsp; &nbsp; &nbsp; &nbsp; &nbsp; &nbsp; &nbsp; Mit einem gro\u00dfen Bus und [&hellip;]<\/p>\n","protected":false},"author":3,"featured_media":0,"parent":0,"menu_order":0,"comment_status":"closed","ping_status":"closed","template":"","meta":{"site-sidebar-layout":"default","site-content-layout":"","ast-site-content-layout":"default","site-content-style":"default","site-sidebar-style":"default","ast-global-header-display":"","ast-banner-title-visibility":"","ast-main-header-display":"","ast-hfb-above-header-display":"","ast-hfb-below-header-display":"","ast-hfb-mobile-header-display":"","site-post-title":"","ast-breadcrumbs-content":"","ast-featured-img":"","footer-sml-layout":"","ast-disable-related-posts":"","theme-transparent-header-meta":"default","adv-header-id-meta":"","stick-header-meta":"","header-above-stick-meta":"","header-main-stick-meta":"","header-below-stick-meta":"","astra-migrate-meta-layouts":"set","ast-page-background-enabled":"default","ast-page-background-meta":{"desktop":{"background-color":"","background-image":"","background-repeat":"repeat","background-position":"center center","background-size":"auto","background-attachment":"scroll","background-type":"","background-media":"","overlay-type":"","overlay-color":"","overlay-opacity":"","overlay-gradient":""},"tablet":{"background-color":"","background-image":"","background-repeat":"repeat","background-position":"center center","background-size":"auto","background-attachment":"scroll","background-type":"","background-media":"","overlay-type":"","overlay-color":"","overlay-opacity":"","overlay-gradient":""},"mobile":{"background-color":"","background-image":"","background-repeat":"repeat","background-position":"center center","background-size":"auto","background-attachment":"scroll","background-type":"","background-media":"","overlay-type":"","overlay-color":"","overlay-opacity":"","overlay-gradient":""}},"ast-content-background-meta":{"desktop":{"background-color":"var(--ast-global-color-5)","background-image":"","background-repeat":"repeat","background-position":"center center","background-size":"auto","background-attachment":"scroll","background-type":"","background-media":"","overlay-type":"","overlay-color":"","overlay-opacity":"","overlay-gradient":""},"tablet":{"background-color":"var(--ast-global-color-5)","background-image":"","background-repeat":"repeat","background-position":"center center","background-size":"auto","background-attachment":"scroll","background-type":"","background-media":"","overlay-type":"","overlay-color":"","overlay-opacity":"","overlay-gradient":""},"mobile":{"background-color":"var(--ast-global-color-5)","background-image":"","background-repeat":"repeat","background-position":"center center","background-size":"auto","background-attachment":"scroll","background-type":"","background-media":"","overlay-type":"","overlay-color":"","overlay-opacity":"","overlay-gradient":""}},"footnotes":""},"class_list":["post-6157","page","type-page","status-publish","hentry"],"aioseo_notices":[],"_links":{"self":[{"href":"https:\/\/www.brustkrebs-selbsthilfe-mc.de\/index.php\/wp-json\/wp\/v2\/pages\/6157","targetHints":{"allow":["GET"]}}],"collection":[{"href":"https:\/\/www.brustkrebs-selbsthilfe-mc.de\/index.php\/wp-json\/wp\/v2\/pages"}],"about":[{"href":"https:\/\/www.brustkrebs-selbsthilfe-mc.de\/index.php\/wp-json\/wp\/v2\/types\/page"}],"author":[{"embeddable":true,"href":"https:\/\/www.brustkrebs-selbsthilfe-mc.de\/index.php\/wp-json\/wp\/v2\/users\/3"}],"replies":[{"embeddable":true,"href":"https:\/\/www.brustkrebs-selbsthilfe-mc.de\/index.php\/wp-json\/wp\/v2\/comments?post=6157"}],"version-history":[{"count":15,"href":"https:\/\/www.brustkrebs-selbsthilfe-mc.de\/index.php\/wp-json\/wp\/v2\/pages\/6157\/revisions"}],"predecessor-version":[{"id":6200,"href":"https:\/\/www.brustkrebs-selbsthilfe-mc.de\/index.php\/wp-json\/wp\/v2\/pages\/6157\/revisions\/6200"}],"wp:attachment":[{"href":"https:\/\/www.brustkrebs-selbsthilfe-mc.de\/index.php\/wp-json\/wp\/v2\/media?parent=6157"}],"curies":[{"name":"wp","href":"https:\/\/api.w.org\/{rel}","templated":true}]}}