{"id":6102,"date":"2025-10-13T18:13:33","date_gmt":"2025-10-13T16:13:33","guid":{"rendered":"https:\/\/www.brustkrebs-selbsthilfe-mc.de\/?page_id=6102"},"modified":"2025-10-16T17:22:34","modified_gmt":"2025-10-16T15:22:34","slug":"nrw-preis","status":"publish","type":"page","link":"https:\/\/www.brustkrebs-selbsthilfe-mc.de\/index.php\/nrw-preis\/","title":{"rendered":"NRW-Preis"},"content":{"rendered":"<h1><strong><span style=\"color: #993300;\">Verleihung NRW \u2013 Selbsthilfepreis am 28.09.2024 im alten Wartesaal in K\u00f6ln<\/span><\/strong><\/h1>\n<h1><strong><span style=\"color: #cc99ff;\">Mamma CAMPY hat in der Kategorie Vernetzung gewonnen<\/span><\/strong><\/h1>\n<p><img loading=\"lazy\" decoding=\"async\" class=\"alignleft size-full wp-image-6108\" src=\"https:\/\/www.brustkrebs-selbsthilfe-mc.de\/wp-content\/uploads\/2025\/10\/20240902_185218.png\" alt=\"\" width=\"225\" height=\"225\" srcset=\"https:\/\/www.brustkrebs-selbsthilfe-mc.de\/wp-content\/uploads\/2025\/10\/20240902_185218.png 225w, https:\/\/www.brustkrebs-selbsthilfe-mc.de\/wp-content\/uploads\/2025\/10\/20240902_185218-150x150.png 150w\" sizes=\"auto, (max-width: 225px) 100vw, 225px\" \/><img loading=\"lazy\" decoding=\"async\" class=\"alignleft size-medium wp-image-6109\" src=\"https:\/\/www.brustkrebs-selbsthilfe-mc.de\/wp-content\/uploads\/2025\/10\/20240928_191307-232x300.png\" alt=\"\" width=\"232\" height=\"300\" srcset=\"https:\/\/www.brustkrebs-selbsthilfe-mc.de\/wp-content\/uploads\/2025\/10\/20240928_191307-232x300.png 232w, https:\/\/www.brustkrebs-selbsthilfe-mc.de\/wp-content\/uploads\/2025\/10\/20240928_191307-116x150.png 116w, https:\/\/www.brustkrebs-selbsthilfe-mc.de\/wp-content\/uploads\/2025\/10\/20240928_191307.png 703w\" sizes=\"auto, (max-width: 232px) 100vw, 232px\" \/><img loading=\"lazy\" decoding=\"async\" class=\"alignleft size-medium wp-image-6110\" src=\"https:\/\/www.brustkrebs-selbsthilfe-mc.de\/wp-content\/uploads\/2025\/10\/IMG-20240928-WA0044-218x300.png\" alt=\"\" width=\"218\" height=\"300\" srcset=\"https:\/\/www.brustkrebs-selbsthilfe-mc.de\/wp-content\/uploads\/2025\/10\/IMG-20240928-WA0044-218x300.png 218w, https:\/\/www.brustkrebs-selbsthilfe-mc.de\/wp-content\/uploads\/2025\/10\/IMG-20240928-WA0044-109x150.png 109w, https:\/\/www.brustkrebs-selbsthilfe-mc.de\/wp-content\/uploads\/2025\/10\/IMG-20240928-WA0044.png 484w\" sizes=\"auto, (max-width: 218px) 100vw, 218px\" \/><img loading=\"lazy\" decoding=\"async\" class=\"alignleft size-medium wp-image-6111\" src=\"https:\/\/www.brustkrebs-selbsthilfe-mc.de\/wp-content\/uploads\/2025\/10\/SelbsthilfeNRW_SelbsthilfepreisNRW2024_240928-2k-27-1024x682-1-300x191.png\" alt=\"\" width=\"300\" height=\"191\" srcset=\"https:\/\/www.brustkrebs-selbsthilfe-mc.de\/wp-content\/uploads\/2025\/10\/SelbsthilfeNRW_SelbsthilfepreisNRW2024_240928-2k-27-1024x682-1-300x191.png 300w, https:\/\/www.brustkrebs-selbsthilfe-mc.de\/wp-content\/uploads\/2025\/10\/SelbsthilfeNRW_SelbsthilfepreisNRW2024_240928-2k-27-1024x682-1-150x95.png 150w, https:\/\/www.brustkrebs-selbsthilfe-mc.de\/wp-content\/uploads\/2025\/10\/SelbsthilfeNRW_SelbsthilfepreisNRW2024_240928-2k-27-1024x682-1-768x488.png 768w, https:\/\/www.brustkrebs-selbsthilfe-mc.de\/wp-content\/uploads\/2025\/10\/SelbsthilfeNRW_SelbsthilfepreisNRW2024_240928-2k-27-1024x682-1.png 798w\" sizes=\"auto, (max-width: 300px) 100vw, 300px\" \/><img loading=\"lazy\" decoding=\"async\" class=\"alignleft size-medium wp-image-6112\" src=\"https:\/\/www.brustkrebs-selbsthilfe-mc.de\/wp-content\/uploads\/2025\/10\/SelbsthilfeNRW_SelbsthilfepreisNRW2024_240928-2k-30b-1024x682-1-300x200.png\" alt=\"\" width=\"300\" height=\"200\" srcset=\"https:\/\/www.brustkrebs-selbsthilfe-mc.de\/wp-content\/uploads\/2025\/10\/SelbsthilfeNRW_SelbsthilfepreisNRW2024_240928-2k-30b-1024x682-1-300x200.png 300w, https:\/\/www.brustkrebs-selbsthilfe-mc.de\/wp-content\/uploads\/2025\/10\/SelbsthilfeNRW_SelbsthilfepreisNRW2024_240928-2k-30b-1024x682-1-150x100.png 150w, https:\/\/www.brustkrebs-selbsthilfe-mc.de\/wp-content\/uploads\/2025\/10\/SelbsthilfeNRW_SelbsthilfepreisNRW2024_240928-2k-30b-1024x682-1-768x511.png 768w, https:\/\/www.brustkrebs-selbsthilfe-mc.de\/wp-content\/uploads\/2025\/10\/SelbsthilfeNRW_SelbsthilfepreisNRW2024_240928-2k-30b-1024x682-1.png 819w\" sizes=\"auto, (max-width: 300px) 100vw, 300px\" \/><\/p>\n<p>&nbsp;<\/p>\n<p>&nbsp;<\/p>\n<p>&nbsp;<\/p>\n<p>&nbsp;<\/p>\n<p>&nbsp;<\/p>\n<p>&nbsp;<\/p>\n<p>&nbsp;<\/p>\n<p>&nbsp;<\/p>\n<p>&nbsp;<\/p>\n<p>&nbsp;<\/p>\n<p>&nbsp;<\/p>\n<p>Auch 2024 soll der Selbsthilfepreis NRW die Menschen auszeichnen, die kreative Wege gefunden haben, Betroffene Menschen anzusprechen und einzubeziehen. Der Selbsthilfepreis NRW soll das Engagement der Selbsthilfe-Aktiven w\u00fcrdigen und ihre Arbeit sichtbarer machen.<\/p>\n<p><img loading=\"lazy\" decoding=\"async\" class=\"alignleft size-medium wp-image-6113\" src=\"https:\/\/www.brustkrebs-selbsthilfe-mc.de\/wp-content\/uploads\/2025\/10\/SelbsthilfeNRW_SelbsthilfepreisNRW2024_-300x145.png\" alt=\"\" width=\"300\" height=\"145\" srcset=\"https:\/\/www.brustkrebs-selbsthilfe-mc.de\/wp-content\/uploads\/2025\/10\/SelbsthilfeNRW_SelbsthilfepreisNRW2024_-300x145.png 300w, https:\/\/www.brustkrebs-selbsthilfe-mc.de\/wp-content\/uploads\/2025\/10\/SelbsthilfeNRW_SelbsthilfepreisNRW2024_-150x72.png 150w, https:\/\/www.brustkrebs-selbsthilfe-mc.de\/wp-content\/uploads\/2025\/10\/SelbsthilfeNRW_SelbsthilfepreisNRW2024_.png 765w\" sizes=\"auto, (max-width: 300px) 100vw, 300px\" \/><\/p>\n<p>&nbsp;<\/p>\n<p>&nbsp;<\/p>\n<p>&nbsp;<\/p>\n<p>&nbsp;<\/p>\n<p>Die goldenen Umschl\u00e4ge sind ge\u00f6ffnet. Mit dem Selbsthilfepreis NRW 2024 zeichnete die F\u00f6rdergemeinschaft der Krankenkassen und -verb\u00e4nde am vergangenen Samstag im festlichen Ambiente des K\u00f6lner Wartesaals am Dom die freudig \u00fcberraschten und teils sichtlich ger\u00fchrten Preistr\u00e4ger-Gruppen aus. Bundesgesundheitsminister Karl Lauterbach w\u00fcrdigte in seinem Gru\u00dfwort die Arbeit der Selbsthilfe und \u00fcbergab den Preis in der ersten Kategorie.<br \/>\nDie gr\u00f6\u00dfte H\u00fcrde nahm die vierk\u00f6pfige Jury aus Vertretern der Krankenkassen und der Selbsthilfe. Aus rund 100 Bewerbungen nominierten sie in einem ersten Schritt zw\u00f6lf Gruppen. Vergeben wurde der Preis in den Kategorien Engagement, Vernetzung, Kreativit\u00e4t und Innovation. Dabei blieb es spannend bis zu dem Moment, in dem der goldene Umschlag ge\u00f6ffnet wurde.<\/p>\n<p><img loading=\"lazy\" decoding=\"async\" class=\"alignleft size-medium wp-image-6114\" src=\"https:\/\/www.brustkrebs-selbsthilfe-mc.de\/wp-content\/uploads\/2025\/10\/Mchen-300x281.png\" alt=\"\" width=\"300\" height=\"281\" srcset=\"https:\/\/www.brustkrebs-selbsthilfe-mc.de\/wp-content\/uploads\/2025\/10\/Mchen-300x281.png 300w, https:\/\/www.brustkrebs-selbsthilfe-mc.de\/wp-content\/uploads\/2025\/10\/Mchen-150x141.png 150w, https:\/\/www.brustkrebs-selbsthilfe-mc.de\/wp-content\/uploads\/2025\/10\/Mchen.png 493w\" sizes=\"auto, (max-width: 300px) 100vw, 300px\" \/><\/p>\n<p>&nbsp;<\/p>\n<p>&nbsp;<\/p>\n<p>&nbsp;<\/p>\n<p>&nbsp;<\/p>\n<p>&nbsp;<\/p>\n<p>&nbsp;<\/p>\n<p>&nbsp;<\/p>\n<p>&nbsp;<\/p>\n<p>Mit seinem Besuch w\u00fcrdigte auch Bundesgesundheitsminister Prof. Karl Lauterbach die Bedeutung, die Selbsthilfe im Land innehat. In seinem Gru\u00dfwort betonte der Minister, dass die Selbsthilfe ein wichtiger Teil der Therapie ist. Daher bedankte er sich auch ausdr\u00fccklich bei den Aktiven: \u201eOhne Sie w\u00e4re die Medizin \u00e4rmer und schlechter. Sie sind alle Gewinner!\u201c<\/p>\n<p><img loading=\"lazy\" decoding=\"async\" class=\"alignleft size-medium wp-image-6116\" src=\"https:\/\/www.brustkrebs-selbsthilfe-mc.de\/wp-content\/uploads\/2025\/10\/20240929_131446-195x300.png\" alt=\"\" width=\"195\" height=\"300\" srcset=\"https:\/\/www.brustkrebs-selbsthilfe-mc.de\/wp-content\/uploads\/2025\/10\/20240929_131446-195x300.png 195w, https:\/\/www.brustkrebs-selbsthilfe-mc.de\/wp-content\/uploads\/2025\/10\/20240929_131446-98x150.png 98w, https:\/\/www.brustkrebs-selbsthilfe-mc.de\/wp-content\/uploads\/2025\/10\/20240929_131446.png 520w\" sizes=\"auto, (max-width: 195px) 100vw, 195px\" \/><img loading=\"lazy\" decoding=\"async\" class=\"alignleft size-medium wp-image-6117\" src=\"https:\/\/www.brustkrebs-selbsthilfe-mc.de\/wp-content\/uploads\/2025\/10\/SelbsthilfeNRW_SelbsthilfepreisNRW2024_240928-fw-2k-25-1024x682-1-300x174.png\" alt=\"\" width=\"300\" height=\"174\" srcset=\"https:\/\/www.brustkrebs-selbsthilfe-mc.de\/wp-content\/uploads\/2025\/10\/SelbsthilfeNRW_SelbsthilfepreisNRW2024_240928-fw-2k-25-1024x682-1-300x174.png 300w, https:\/\/www.brustkrebs-selbsthilfe-mc.de\/wp-content\/uploads\/2025\/10\/SelbsthilfeNRW_SelbsthilfepreisNRW2024_240928-fw-2k-25-1024x682-1-150x87.png 150w, https:\/\/www.brustkrebs-selbsthilfe-mc.de\/wp-content\/uploads\/2025\/10\/SelbsthilfeNRW_SelbsthilfepreisNRW2024_240928-fw-2k-25-1024x682-1-768x445.png 768w, https:\/\/www.brustkrebs-selbsthilfe-mc.de\/wp-content\/uploads\/2025\/10\/SelbsthilfeNRW_SelbsthilfepreisNRW2024_240928-fw-2k-25-1024x682-1.png 909w\" sizes=\"auto, (max-width: 300px) 100vw, 300px\" \/><\/p>\n<p>&nbsp;<\/p>\n<p>&nbsp;<\/p>\n<p>&nbsp;<\/p>\n<p>&nbsp;<\/p>\n<p>&nbsp;<\/p>\n<p>&nbsp;<\/p>\n<p>&nbsp;<\/p>\n<p>&nbsp;<\/p>\n<p>Nach 2014, 2017 und 2020 fand am 28. September 2024 zum vierten Mal die Verleihung des Selbsthilfepreises NRW statt, der von den gesetzlichen Krankenkassen (GKV) ausgelobt wurde. Dieses Mal konnten sich nur \u00f6rtliche Selbsthilfegruppen und keine Landesverb\u00e4nde bewerben.<\/p>\n<p>&nbsp;<\/p>\n<p><img loading=\"lazy\" decoding=\"async\" class=\"alignleft size-medium wp-image-6118\" src=\"https:\/\/www.brustkrebs-selbsthilfe-mc.de\/wp-content\/uploads\/2025\/10\/IMG-20240928-WA0034-276x300.png\" alt=\"\" width=\"276\" height=\"300\" srcset=\"https:\/\/www.brustkrebs-selbsthilfe-mc.de\/wp-content\/uploads\/2025\/10\/IMG-20240928-WA0034-276x300.png 276w, https:\/\/www.brustkrebs-selbsthilfe-mc.de\/wp-content\/uploads\/2025\/10\/IMG-20240928-WA0034-138x150.png 138w, https:\/\/www.brustkrebs-selbsthilfe-mc.de\/wp-content\/uploads\/2025\/10\/IMG-20240928-WA0034.png 442w\" sizes=\"auto, (max-width: 276px) 100vw, 276px\" \/><\/p>\n<p>&nbsp;<\/p>\n<p>&nbsp;<\/p>\n<p>&nbsp;<\/p>\n<p>&nbsp;<\/p>\n<p>&nbsp;<\/p>\n<p>&nbsp;<\/p>\n<p>&nbsp;<\/p>\n<p>In der ersten Kategorie \u201eVernetzung\u201c jubelten dann die Vertreterinnen von \u201emamma CAMPY\u201c. Sie wurden ausgezeichnet, weil sie mutig neue Wege einschlagen und beispielsweise \u00fcber ein Gruppenhandy f\u00fcr Betroffene immer erreichbar sind, auch um \u201enur\u201c zu reden. Die Brustkrebs Selbsthilfegruppe aus N\u00fcmbrecht nahm den Preis von Karl Lauterbach mit dem klaren Ziel entgegen, ihre Gruppe weiter voranbringen zu wollen.<\/p>\n<p>&nbsp;<\/p>\n<p><img loading=\"lazy\" decoding=\"async\" class=\"alignleft size-medium wp-image-6119\" src=\"https:\/\/www.brustkrebs-selbsthilfe-mc.de\/wp-content\/uploads\/2025\/10\/IMG-20240928-WA0028-300x300.png\" alt=\"\" width=\"300\" height=\"300\" srcset=\"https:\/\/www.brustkrebs-selbsthilfe-mc.de\/wp-content\/uploads\/2025\/10\/IMG-20240928-WA0028-300x300.png 300w, https:\/\/www.brustkrebs-selbsthilfe-mc.de\/wp-content\/uploads\/2025\/10\/IMG-20240928-WA0028-150x150.png 150w, https:\/\/www.brustkrebs-selbsthilfe-mc.de\/wp-content\/uploads\/2025\/10\/IMG-20240928-WA0028.png 756w\" sizes=\"auto, (max-width: 300px) 100vw, 300px\" \/><\/p>\n<p>&nbsp;<\/p>\n<p>&nbsp;<\/p>\n<p>&nbsp;<\/p>\n<p>&nbsp;<\/p>\n<p>&nbsp;<\/p>\n<p>&nbsp;<\/p>\n<p>&nbsp;<\/p>\n<p>Es war ein sehr sch\u00f6ner und emotionaler Abend. Mit einem tollen Programm, leckeren Essen und sehr viel netten Menschen.<br \/>\nDie Bilder sprechen f\u00fcr sich selbst.<\/p>\n<p>&nbsp;<\/p>\n<p><img loading=\"lazy\" decoding=\"async\" class=\"alignleft size-medium wp-image-6120\" src=\"https:\/\/www.brustkrebs-selbsthilfe-mc.de\/wp-content\/uploads\/2025\/10\/SelbsthilfeNRW_SelbsthilfepreisNRW2024_240928-2k-21-1024x682-Kopie-300x193.png\" alt=\"\" width=\"300\" height=\"193\" srcset=\"https:\/\/www.brustkrebs-selbsthilfe-mc.de\/wp-content\/uploads\/2025\/10\/SelbsthilfeNRW_SelbsthilfepreisNRW2024_240928-2k-21-1024x682-Kopie-300x193.png 300w, https:\/\/www.brustkrebs-selbsthilfe-mc.de\/wp-content\/uploads\/2025\/10\/SelbsthilfeNRW_SelbsthilfepreisNRW2024_240928-2k-21-1024x682-Kopie-150x97.png 150w, https:\/\/www.brustkrebs-selbsthilfe-mc.de\/wp-content\/uploads\/2025\/10\/SelbsthilfeNRW_SelbsthilfepreisNRW2024_240928-2k-21-1024x682-Kopie.png 749w\" sizes=\"auto, (max-width: 300px) 100vw, 300px\" \/><img loading=\"lazy\" decoding=\"async\" class=\"alignleft size-medium wp-image-6121\" src=\"https:\/\/www.brustkrebs-selbsthilfe-mc.de\/wp-content\/uploads\/2025\/10\/SelbsthilfeNRW_SelbsthilfepreisNRW2024_240928-2k-35-1024x682-1-300x199.png\" alt=\"\" width=\"300\" height=\"199\" srcset=\"https:\/\/www.brustkrebs-selbsthilfe-mc.de\/wp-content\/uploads\/2025\/10\/SelbsthilfeNRW_SelbsthilfepreisNRW2024_240928-2k-35-1024x682-1-300x199.png 300w, https:\/\/www.brustkrebs-selbsthilfe-mc.de\/wp-content\/uploads\/2025\/10\/SelbsthilfeNRW_SelbsthilfepreisNRW2024_240928-2k-35-1024x682-1-150x99.png 150w, https:\/\/www.brustkrebs-selbsthilfe-mc.de\/wp-content\/uploads\/2025\/10\/SelbsthilfeNRW_SelbsthilfepreisNRW2024_240928-2k-35-1024x682-1.png 722w\" sizes=\"auto, (max-width: 300px) 100vw, 300px\" \/><img loading=\"lazy\" decoding=\"async\" class=\"alignleft size-medium wp-image-6122\" src=\"https:\/\/www.brustkrebs-selbsthilfe-mc.de\/wp-content\/uploads\/2025\/10\/SelbsthilfeNRW_SelbsthilfepreisNRW2024_240928-2k-42-1024x682-Kopie-300x232.png\" alt=\"\" width=\"300\" height=\"232\" srcset=\"https:\/\/www.brustkrebs-selbsthilfe-mc.de\/wp-content\/uploads\/2025\/10\/SelbsthilfeNRW_SelbsthilfepreisNRW2024_240928-2k-42-1024x682-Kopie-300x232.png 300w, https:\/\/www.brustkrebs-selbsthilfe-mc.de\/wp-content\/uploads\/2025\/10\/SelbsthilfeNRW_SelbsthilfepreisNRW2024_240928-2k-42-1024x682-Kopie-150x116.png 150w, https:\/\/www.brustkrebs-selbsthilfe-mc.de\/wp-content\/uploads\/2025\/10\/SelbsthilfeNRW_SelbsthilfepreisNRW2024_240928-2k-42-1024x682-Kopie.png 621w\" sizes=\"auto, (max-width: 300px) 100vw, 300px\" \/><img loading=\"lazy\" decoding=\"async\" class=\"alignleft size-medium wp-image-6123\" src=\"https:\/\/www.brustkrebs-selbsthilfe-mc.de\/wp-content\/uploads\/2025\/10\/SelbsthilfeNRW_SelbsthilfepreisNRW2024_240928-2k-46-682x1024-Kopie-255x300.png\" alt=\"\" width=\"255\" height=\"300\" srcset=\"https:\/\/www.brustkrebs-selbsthilfe-mc.de\/wp-content\/uploads\/2025\/10\/SelbsthilfeNRW_SelbsthilfepreisNRW2024_240928-2k-46-682x1024-Kopie-255x300.png 255w, https:\/\/www.brustkrebs-selbsthilfe-mc.de\/wp-content\/uploads\/2025\/10\/SelbsthilfeNRW_SelbsthilfepreisNRW2024_240928-2k-46-682x1024-Kopie-127x150.png 127w, https:\/\/www.brustkrebs-selbsthilfe-mc.de\/wp-content\/uploads\/2025\/10\/SelbsthilfeNRW_SelbsthilfepreisNRW2024_240928-2k-46-682x1024-Kopie.png 576w\" sizes=\"auto, (max-width: 255px) 100vw, 255px\" \/><\/p>\n<p>&nbsp;<\/p>\n<p>&nbsp;<\/p>\n<p>&nbsp;<\/p>\n<p>&nbsp;<\/p>\n<p>&nbsp;<\/p>\n<p>&nbsp;<\/p>\n<p>&nbsp;<\/p>\n<p>&nbsp;<\/p>\n<p>&nbsp;<\/p>\n<p>&nbsp;<\/p>\n<p>Wir sind sehr gl\u00fccklich und dankbar f\u00fcr diese Auszeichnung und bedanken uns f\u00fcr die vielen Gl\u00fcckw\u00fcnsche.<br \/>\nEuer mamma CAMPY Orga \u2013 Team<\/p>\n<p>&nbsp;<\/p>\n<p>&nbsp;<\/p>\n<p><img loading=\"lazy\" decoding=\"async\" class=\"alignleft size-medium wp-image-6124\" src=\"https:\/\/www.brustkrebs-selbsthilfe-mc.de\/wp-content\/uploads\/2025\/10\/IMG-20240928-WA0040-300x261.png\" alt=\"\" width=\"300\" height=\"261\" srcset=\"https:\/\/www.brustkrebs-selbsthilfe-mc.de\/wp-content\/uploads\/2025\/10\/IMG-20240928-WA0040-300x261.png 300w, https:\/\/www.brustkrebs-selbsthilfe-mc.de\/wp-content\/uploads\/2025\/10\/IMG-20240928-WA0040-150x131.png 150w, https:\/\/www.brustkrebs-selbsthilfe-mc.de\/wp-content\/uploads\/2025\/10\/IMG-20240928-WA0040.png 434w\" sizes=\"auto, (max-width: 300px) 100vw, 300px\" \/><\/p>\n<p>&nbsp;<\/p>\n","protected":false},"excerpt":{"rendered":"<p>Verleihung NRW \u2013 Selbsthilfepreis am 28.09.2024 im alten Wartesaal in K\u00f6ln Mamma CAMPY hat in der Kategorie Vernetzung gewonnen &nbsp; &nbsp; &nbsp; &nbsp; &nbsp; &nbsp; &nbsp; &nbsp; &nbsp; &nbsp; &nbsp; Auch 2024 soll der Selbsthilfepreis NRW die Menschen auszeichnen, die kreative Wege gefunden haben, Betroffene Menschen anzusprechen und einzubeziehen. Der Selbsthilfepreis NRW soll das Engagement [&hellip;]<\/p>\n","protected":false},"author":3,"featured_media":0,"parent":0,"menu_order":0,"comment_status":"closed","ping_status":"closed","template":"","meta":{"site-sidebar-layout":"default","site-content-layout":"","ast-site-content-layout":"default","site-content-style":"default","site-sidebar-style":"default","ast-global-header-display":"","ast-banner-title-visibility":"","ast-main-header-display":"","ast-hfb-above-header-display":"","ast-hfb-below-header-display":"","ast-hfb-mobile-header-display":"","site-post-title":"","ast-breadcrumbs-content":"","ast-featured-img":"","footer-sml-layout":"","ast-disable-related-posts":"","theme-transparent-header-meta":"default","adv-header-id-meta":"","stick-header-meta":"","header-above-stick-meta":"","header-main-stick-meta":"","header-below-stick-meta":"","astra-migrate-meta-layouts":"set","ast-page-background-enabled":"default","ast-page-background-meta":{"desktop":{"background-color":"","background-image":"","background-repeat":"repeat","background-position":"center center","background-size":"auto","background-attachment":"scroll","background-type":"","background-media":"","overlay-type":"","overlay-color":"","overlay-opacity":"","overlay-gradient":""},"tablet":{"background-color":"","background-image":"","background-repeat":"repeat","background-position":"center center","background-size":"auto","background-attachment":"scroll","background-type":"","background-media":"","overlay-type":"","overlay-color":"","overlay-opacity":"","overlay-gradient":""},"mobile":{"background-color":"","background-image":"","background-repeat":"repeat","background-position":"center center","background-size":"auto","background-attachment":"scroll","background-type":"","background-media":"","overlay-type":"","overlay-color":"","overlay-opacity":"","overlay-gradient":""}},"ast-content-background-meta":{"desktop":{"background-color":"var(--ast-global-color-5)","background-image":"","background-repeat":"repeat","background-position":"center center","background-size":"auto","background-attachment":"scroll","background-type":"","background-media":"","overlay-type":"","overlay-color":"","overlay-opacity":"","overlay-gradient":""},"tablet":{"background-color":"var(--ast-global-color-5)","background-image":"","background-repeat":"repeat","background-position":"center center","background-size":"auto","background-attachment":"scroll","background-type":"","background-media":"","overlay-type":"","overlay-color":"","overlay-opacity":"","overlay-gradient":""},"mobile":{"background-color":"var(--ast-global-color-5)","background-image":"","background-repeat":"repeat","background-position":"center center","background-size":"auto","background-attachment":"scroll","background-type":"","background-media":"","overlay-type":"","overlay-color":"","overlay-opacity":"","overlay-gradient":""}},"footnotes":""},"class_list":["post-6102","page","type-page","status-publish","hentry"],"aioseo_notices":[],"_links":{"self":[{"href":"https:\/\/www.brustkrebs-selbsthilfe-mc.de\/index.php\/wp-json\/wp\/v2\/pages\/6102","targetHints":{"allow":["GET"]}}],"collection":[{"href":"https:\/\/www.brustkrebs-selbsthilfe-mc.de\/index.php\/wp-json\/wp\/v2\/pages"}],"about":[{"href":"https:\/\/www.brustkrebs-selbsthilfe-mc.de\/index.php\/wp-json\/wp\/v2\/types\/page"}],"author":[{"embeddable":true,"href":"https:\/\/www.brustkrebs-selbsthilfe-mc.de\/index.php\/wp-json\/wp\/v2\/users\/3"}],"replies":[{"embeddable":true,"href":"https:\/\/www.brustkrebs-selbsthilfe-mc.de\/index.php\/wp-json\/wp\/v2\/comments?post=6102"}],"version-history":[{"count":6,"href":"https:\/\/www.brustkrebs-selbsthilfe-mc.de\/index.php\/wp-json\/wp\/v2\/pages\/6102\/revisions"}],"predecessor-version":[{"id":6127,"href":"https:\/\/www.brustkrebs-selbsthilfe-mc.de\/index.php\/wp-json\/wp\/v2\/pages\/6102\/revisions\/6127"}],"wp:attachment":[{"href":"https:\/\/www.brustkrebs-selbsthilfe-mc.de\/index.php\/wp-json\/wp\/v2\/media?parent=6102"}],"curies":[{"name":"wp","href":"https:\/\/api.w.org\/{rel}","templated":true}]}}