{"id":561,"date":"2019-03-18T00:51:47","date_gmt":"2019-03-17T23:51:47","guid":{"rendered":"https:\/\/www.brustkrebs-selbsthilfe-mc.de\/?page_id=561"},"modified":"2020-11-02T00:26:28","modified_gmt":"2020-11-01T23:26:28","slug":"ueber-uns-2","status":"publish","type":"page","link":"https:\/\/www.brustkrebs-selbsthilfe-mc.de\/index.php\/ueber-uns-2\/","title":{"rendered":"\u00dcber uns"},"content":{"rendered":"<div class=\"wpb-content-wrapper\"><p>[vc_row][vc_column][vc_column_text]Wir sind die Brustkrebs-Selbsthilfegruppe mamma CAMPY.<\/p>\n<p>Wir treffen uns einmal im Monat, um mit Gleichgesinnten Erfahrungen auszutauschen und uns Mut zu machen.<\/p>\n<p>Angesprochen sind alle,<\/p>\n<ul>\n<li>die neu an Brustkrebs erkrankt sind,<\/li>\n<li>die mitten in den Therapien stecken,<\/li>\n<li>die die Krankheit bereits vor einiger Zeit durchlebt haben,<\/li>\n<li>Angeh\u00f6rige,<\/li>\n<li>die sich angesprochen f\u00fchlen und eventuell eine andere Art von Krebs haben oder hatten.<\/li>\n<\/ul>\n<p>&nbsp;<\/p>\n<h5><strong><span style=\"color: #00ad8a;\">Der Abend besteht in der Regel aus zwei Teilen:<\/span><\/strong><\/h5>\n<p>Im <strong><span style=\"color: #00ad8a;\">ersten Abschnitt<\/span><\/strong> berichtet jede, die m\u00f6chte, \u00fcber ihre Krankheit und ihre Probleme und N\u00f6te, die damit einher gehen.<br \/>\nEs versteht sich von selbst, dass alles in der Gruppe bleibt!<\/p>\n<p>&nbsp;<\/p>\n<p>Im <a href=\"https:\/\/www.brustkrebs-selbsthilfe-mc.de\/index.php\/unsere-kraftquelle\/\"><strong><span style=\"color: #00ad8a;\">zweiten Teil<\/span><\/strong><\/a> wollen wir uns gegenseitig durch positive und sch\u00f6ne Aktivit\u00e4ten aufbauen.<\/p>\n<p>Wir wollen unsere Abende mit dem Gef\u00fchl beenden, dass wir auch mit der Krankheit sch\u00f6ne Momente<\/p>\n<p>erleben k\u00f6nnen und das Leben trotzdem lebenswert ist.<\/p>\n<p>Zu unseren Veranstaltungen geh\u00f6ren Schminkkurse, Tanzabende,\u00a0Entspannungs\u00fcbungen,<br \/>\nBastel-Workshops wie Schmuckherstellung, Fachvortr\u00e4ge und vieles mehr.<\/p>\n<p>&nbsp;<\/p>\n<p>Wir sind st\u00e4ndig auf der Suche nach neuen Angeboten, damit f\u00fcr jeden etwas dabei ist oder zum Ausprobieren von neuen Herausforderungen.<\/p>\n<p>F\u00fcr weitere Ideen, Anregungen und Angebote sind wir au\u00dferdem immer offen.<\/p>\n<p>(\u00dcber eine <strong><a href=\"https:\/\/www.brustkrebs-selbsthilfe-mc.de\/index.php\/kontakt\/\">Kontaktaufnahme<\/a> <\/strong>auch diesbez\u00fcglich w\u00fcrden wir uns sehr freuen.)<\/p>\n<p>&nbsp;<\/p>\n<p>&nbsp;<\/p>\n<p>Unsere <strong><span style=\"color: #00ad8a;\">Ziele<\/span> <\/strong>sind:<\/p>\n<ul>\n<li>Den Boden unter den F\u00fc\u00dfen wiederfinden!<\/li>\n<li>Lebensfreude!<\/li>\n<\/ul>\n<p>&nbsp;<\/p>\n<p>&nbsp;<\/p>\n<p>Unser <strong><span style=\"color: #00ad8a;\">Motto<\/span><\/strong>:<\/p>\n<p style=\"padding-left: 80px;\"><img loading=\"lazy\" decoding=\"async\" class=\"alignnone size-medium wp-image-236\" src=\"https:\/\/www.brustkrebs-selbsthilfe-mc.de\/wp-content\/uploads\/2018\/12\/wiedDa-300x70.jpg\" alt=\"\" width=\"300\" height=\"70\" srcset=\"https:\/\/www.brustkrebs-selbsthilfe-mc.de\/wp-content\/uploads\/2018\/12\/wiedDa-300x70.jpg 300w, https:\/\/www.brustkrebs-selbsthilfe-mc.de\/wp-content\/uploads\/2018\/12\/wiedDa.jpg 436w\" sizes=\"auto, (max-width: 300px) 100vw, 300px\" \/><\/p>\n<p>[\/vc_column_text][\/vc_column][\/vc_row]<\/p>\n<\/div>","protected":false},"excerpt":{"rendered":"<p>[vc_row][vc_column][vc_column_text]Wir sind die Brustkrebs-Selbsthilfegruppe mamma CAMPY. Wir treffen uns einmal im Monat, um mit Gleichgesinnten Erfahrungen auszutauschen und uns Mut zu machen. Angesprochen sind alle, die neu an Brustkrebs erkrankt sind, die mitten in den Therapien stecken, die die Krankheit bereits vor einiger Zeit durchlebt haben, Angeh\u00f6rige, die sich angesprochen f\u00fchlen und eventuell eine andere [&hellip;]<\/p>\n","protected":false},"author":3,"featured_media":0,"parent":0,"menu_order":0,"comment_status":"closed","ping_status":"closed","template":"","meta":{"site-sidebar-layout":"default","site-content-layout":"default","ast-site-content-layout":"default","site-content-style":"default","site-sidebar-style":"default","ast-global-header-display":"","ast-banner-title-visibility":"","ast-main-header-display":"","ast-hfb-above-header-display":"","ast-hfb-below-header-display":"","ast-hfb-mobile-header-display":"","site-post-title":"","ast-breadcrumbs-content":"","ast-featured-img":"","footer-sml-layout":"","ast-disable-related-posts":"","theme-transparent-header-meta":"default","adv-header-id-meta":"","stick-header-meta":"","header-above-stick-meta":"","header-main-stick-meta":"","header-below-stick-meta":"","astra-migrate-meta-layouts":"default","ast-page-background-enabled":"default","ast-page-background-meta":{"desktop":{"background-color":"","background-image":"","background-repeat":"repeat","background-position":"center center","background-size":"auto","background-attachment":"scroll","background-type":"","background-media":"","overlay-type":"","overlay-color":"","overlay-opacity":"","overlay-gradient":""},"tablet":{"background-color":"","background-image":"","background-repeat":"repeat","background-position":"center center","background-size":"auto","background-attachment":"scroll","background-type":"","background-media":"","overlay-type":"","overlay-color":"","overlay-opacity":"","overlay-gradient":""},"mobile":{"background-color":"","background-image":"","background-repeat":"repeat","background-position":"center center","background-size":"auto","background-attachment":"scroll","background-type":"","background-media":"","overlay-type":"","overlay-color":"","overlay-opacity":"","overlay-gradient":""}},"ast-content-background-meta":{"desktop":{"background-color":"var(--ast-global-color-5)","background-image":"","background-repeat":"repeat","background-position":"center center","background-size":"auto","background-attachment":"scroll","background-type":"","background-media":"","overlay-type":"","overlay-color":"","overlay-opacity":"","overlay-gradient":""},"tablet":{"background-color":"var(--ast-global-color-5)","background-image":"","background-repeat":"repeat","background-position":"center center","background-size":"auto","background-attachment":"scroll","background-type":"","background-media":"","overlay-type":"","overlay-color":"","overlay-opacity":"","overlay-gradient":""},"mobile":{"background-color":"var(--ast-global-color-5)","background-image":"","background-repeat":"repeat","background-position":"center center","background-size":"auto","background-attachment":"scroll","background-type":"","background-media":"","overlay-type":"","overlay-color":"","overlay-opacity":"","overlay-gradient":""}},"footnotes":""},"class_list":["post-561","page","type-page","status-publish","hentry"],"aioseo_notices":[],"_links":{"self":[{"href":"https:\/\/www.brustkrebs-selbsthilfe-mc.de\/index.php\/wp-json\/wp\/v2\/pages\/561","targetHints":{"allow":["GET"]}}],"collection":[{"href":"https:\/\/www.brustkrebs-selbsthilfe-mc.de\/index.php\/wp-json\/wp\/v2\/pages"}],"about":[{"href":"https:\/\/www.brustkrebs-selbsthilfe-mc.de\/index.php\/wp-json\/wp\/v2\/types\/page"}],"author":[{"embeddable":true,"href":"https:\/\/www.brustkrebs-selbsthilfe-mc.de\/index.php\/wp-json\/wp\/v2\/users\/3"}],"replies":[{"embeddable":true,"href":"https:\/\/www.brustkrebs-selbsthilfe-mc.de\/index.php\/wp-json\/wp\/v2\/comments?post=561"}],"version-history":[{"count":19,"href":"https:\/\/www.brustkrebs-selbsthilfe-mc.de\/index.php\/wp-json\/wp\/v2\/pages\/561\/revisions"}],"predecessor-version":[{"id":1688,"href":"https:\/\/www.brustkrebs-selbsthilfe-mc.de\/index.php\/wp-json\/wp\/v2\/pages\/561\/revisions\/1688"}],"wp:attachment":[{"href":"https:\/\/www.brustkrebs-selbsthilfe-mc.de\/index.php\/wp-json\/wp\/v2\/media?parent=561"}],"curies":[{"name":"wp","href":"https:\/\/api.w.org\/{rel}","templated":true}]}}