{"id":2923,"date":"2022-12-20T21:44:46","date_gmt":"2022-12-20T20:44:46","guid":{"rendered":"https:\/\/www.brustkrebs-selbsthilfe-mc.de\/?page_id=2923"},"modified":"2024-10-16T16:53:23","modified_gmt":"2024-10-16T14:53:23","slug":"verschiedenes","status":"publish","type":"page","link":"https:\/\/www.brustkrebs-selbsthilfe-mc.de\/index.php\/verschiedenes\/","title":{"rendered":"Verschiedenes"},"content":{"rendered":"<div class=\"wpb-content-wrapper\"><p>[vc_row][vc_column width=&#8220;1\/4&#8243; css=&#8220;.vc_custom_1699485759868{background-color: #efcbef !important;}&#8220;][vc_row_inner][vc_column_inner][vc_empty_space height=&#8220;50px&#8220;][vc_column_text]<\/p>\n<p style=\"padding-left: 40px;\">Hier geht es zur<\/p>\n<p>[\/vc_column_text][vc_empty_space height=&#8220;32&#8243;][vc_single_image image=&#8220;4106&#8243; img_size=&#8220;130&#215;170&#8243; alignment=&#8220;center&#8220; onclick=&#8220;custom_link&#8220; link=&#8220;https:\/\/www.brustkrebs-selbsthilfe-mc.de\/index.php\/bibliothek\/&#8220;][vc_empty_space height=&#8220;50px&#8220;][vc_separator color=&#8220;peacoc&#8220; style=&#8220;shadow&#8220; border_width=&#8220;3&#8243;][\/vc_column_inner][\/vc_row_inner][vc_row_inner][vc_column_inner][vc_column_text]<\/p>\n<p style=\"text-align: left;\">Das <span style=\"font-family: Annie Use Your Telescope; font-size: 20px;\"><span style=\"color: #00ad8a;\"><strong>mamma CAMPY<\/strong><\/span><\/span>-Organisationsteam n\u00e4ht und bastelt zur Unterst\u00fctzung der Selbsthilfegruppe.<\/p>\n<p>[\/vc_column_text][vc_empty_space height=&#8220;50&#8243;][vc_column_text]Hier geht es in die N\u00e4hstube:[\/vc_column_text][vc_single_image image=&#8220;1712&#8243; img_size=&#8220;450&#215;150&#8243; alignment=&#8220;center&#8220; onclick=&#8220;custom_link&#8220; link=&#8220;http:\/\/www.brustkrebs-selbsthilfe-mc.de\/index.php\/mchens-stirnbandchic-co\/&#8220;][vc_empty_space height=&#8220;50&#8243;][vc_column_text]<\/p>\n<p style=\"text-align: left;\">Hier geht es zu den Schnullerketten und Baby-Accessoires:<\/p>\n<p>[\/vc_column_text][vc_single_image image=&#8220;3024&#8243; img_size=&#8220;400&#215;80&#8243; alignment=&#8220;center&#8220; onclick=&#8220;custom_link&#8220; link=&#8220;http:\/\/\/www.brustkrebs-selbsthilfe-mc.de\/index.php\/peggys-schatzinsel\/&#8220;][vc_empty_space height=&#8220;100px&#8220;][\/vc_column_inner][\/vc_row_inner][vc_empty_space height=&#8220;50px&#8220;][\/vc_column][vc_column width=&#8220;3\/4&#8243;][vc_row_inner][vc_column_inner width=&#8220;1\/4&#8243;][vc_column_text]<\/p>\n<h3><strong><span style=\"color: #c9346b;\">Veranstaltungs-Tipp<\/span><\/strong><\/h3>\n<p>[\/vc_column_text][vc_empty_space height=&#8220;50px&#8220;][vc_empty_space height=&#8220;50px&#8220;][vc_btn title=&#8220;Verzeichnis als PDF-Datei&#8220; style=&#8220;gradient-custom&#8220; gradient_custom_color_1=&#8220;#f339f9&#8243; gradient_custom_color_2=&#8220;#c41b9c&#8220; align=&#8220;center&#8220; link=&#8220;url:https%3A%2F%2Fwww.brustkrebs-selbsthilfe-mc.de%2Fwp-content%2Fuploads%2F2024%2F06%2FAerzteverzeichnis-Oberbergischer-Kreis.pdf|target:_blank&#8220;][vc_btn title=&#8220;Link zum Verzeichnis&#8220; style=&#8220;gradient-custom&#8220; gradient_custom_color_1=&#8220;#31bad6&#8243; gradient_custom_color_2=&#8220;#1b74c6&#8243; align=&#8220;center&#8220; link=&#8220;url:https%3A%2F%2Fwww.dentumed.de%2Fdefault-wAssets%2Fdocs%2Faerzteverzeichnisse%2FAerzteverzeichnis-Oberbergischer-Kreis.pdf|target:_blank&#8220;][\/vc_column_inner][vc_column_inner width=&#8220;1\/2&#8243;][vc_empty_space height=&#8220;50px&#8220;][vc_single_image image=&#8220;4315&#8243; img_size=&#8220;full&#8220; alignment=&#8220;center&#8220; onclick=&#8220;custom_link&#8220; link=&#8220;https:\/\/www.dentumed.de\/default-wAssets\/docs\/aerzteverzeichnisse\/Aerzteverzeichnis-Oberbergischer-Kreis.pdf&#8220;][\/vc_column_inner][vc_column_inner width=&#8220;1\/4&#8243;][vc_empty_space height=&#8220;50px&#8220;][\/vc_column_inner][\/vc_row_inner][vc_row_inner][vc_column_inner][vc_empty_space][vc_column_text]<span style=\"color: #808080;\"><em>Juni 2024<\/em><\/span>[\/vc_column_text][vc_empty_space height=&#8220;50px&#8220;][vc_separator color=&#8220;peacoc&#8220; style=&#8220;shadow&#8220; border_width=&#8220;3&#8243;][\/vc_column_inner][\/vc_row_inner][vc_row_inner][vc_column_inner width=&#8220;1\/4&#8243;][vc_column_text]<\/p>\n<h3><strong><span style=\"color: #c9346b;\">Veranstaltungs-Tipp<\/span><\/strong><\/h3>\n<p>[\/vc_column_text][vc_empty_space height=&#8220;50px&#8220;][vc_empty_space height=&#8220;50px&#8220;][vc_btn title=&#8220;Weitere Infos &#8230;&#8220; style=&#8220;gradient-custom&#8220; gradient_custom_color_1=&#8220;#f339f9&#8243; gradient_custom_color_2=&#8220;#c41b9c&#8220; align=&#8220;center&#8220; link=&#8220;url:https%3A%2F%2Fwww.gummersbach.de%2Fde%2Frathaus%2Fverwaltung%2Fdezernat-i%2FGleichstellungsstelle%2FVeranstaltungen%2Foberbergischer-frauentag-2024.html|target:_blank&#8220;][\/vc_column_inner][vc_column_inner width=&#8220;1\/2&#8243;][vc_empty_space height=&#8220;50px&#8220;][vc_single_image image=&#8220;4065&#8243; img_size=&#8220;full&#8220;][\/vc_column_inner][vc_column_inner width=&#8220;1\/4&#8243;][vc_empty_space height=&#8220;50px&#8220;][vc_single_image image=&#8220;4066&#8243; img_size=&#8220;medium&#8220; onclick=&#8220;img_link_large&#8220;][\/vc_column_inner][\/vc_row_inner][vc_row_inner][vc_column_inner][vc_empty_space][vc_column_text]<span style=\"color: #808080;\"><em>Februar 2024<\/em><\/span>[\/vc_column_text][vc_empty_space height=&#8220;50px&#8220;][vc_separator color=&#8220;peacoc&#8220; style=&#8220;shadow&#8220; border_width=&#8220;3&#8243;][\/vc_column_inner][\/vc_row_inner][vc_row_inner][vc_column_inner width=&#8220;1\/4&#8243;][vc_column_text]<\/p>\n<h3><strong><span style=\"color: #c9346b;\">Mediathek-Tipp<\/span><\/strong><\/h3>\n<p>[\/vc_column_text][vc_empty_space height=&#8220;50px&#8220;][vc_single_image image=&#8220;3764&#8243; img_size=&#8220;medium&#8220; alignment=&#8220;center&#8220;][vc_empty_space height=&#8220;50px&#8220;][vc_btn title=&#8220;Link zum Mediathek-Beitrag&#8220; style=&#8220;gradient-custom&#8220; gradient_custom_color_1=&#8220;#31bad6&#8243; gradient_custom_color_2=&#8220;#1b74c6&#8243; align=&#8220;center&#8220; link=&#8220;url:https%3A%2F%2Fwww.ardmediathek.de%2Fvideo%2Ffrau-tv%2Ffrau-tv-oder-diagnose-brustkrebs-und-jetzt%2Fwdr%2FY3JpZDovL3dkci5kZS9CZWl0cmFnLWMyZjlhMmRiLTg5ODQtNDc3Ni1iODVhLWU0Y2FhNDdmZThkOA|target:_blank&#8220;][\/vc_column_inner][vc_column_inner width=&#8220;1\/2&#8243;][vc_empty_space height=&#8220;50px&#8220;][vc_column_text]<\/p>\n<p class=\"b8blt7z\"><strong>Frau tv &#8211; Diagnose: Brustkrebs &#8211; und jetzt?<\/strong><\/p>\n<div class=\"b1ijebql\">\n<p class=\"b1fwsfcs\">19.10.2023 \u2219\u00a0<a href=\"https:\/\/www.ardmediathek.de\/sendung\/frau-tv\/Y3JpZDovL3dkci5kZS9mcmF1dHY\">Frau tv<\/a>\u00a0\u2219 WDR<\/p>\n<\/div>\n<p>[\/vc_column_text][vc_column_text]Themen:<\/p>\n<ul>\n<li>Schwere Entscheidungen: Brustkrebs in der Schwangerschaft<\/li>\n<li>Die echte Okka: Wie die Krankheit mich ver\u00e4ndert hat<\/li>\n<li>Brustkrebs und Partnerschaft: Intimit\u00e4t neu erfinden<\/li>\n<li>Zusammenhalt: Nach dem Krebs zur\u00fcck ins Leben<\/li>\n<\/ul>\n<p>[\/vc_column_text][\/vc_column_inner][vc_column_inner width=&#8220;1\/4&#8243;][vc_empty_space height=&#8220;50px&#8220;][\/vc_column_inner][\/vc_row_inner][vc_row_inner][vc_column_inner][vc_empty_space][vc_column_text]<span style=\"color: #808080;\"><em>November 2023<\/em><\/span>[\/vc_column_text][vc_empty_space height=&#8220;50px&#8220;][vc_separator color=&#8220;peacoc&#8220; style=&#8220;shadow&#8220; border_width=&#8220;3&#8243;][\/vc_column_inner][\/vc_row_inner][vc_row_inner][vc_column_inner][vc_column_text]<\/p>\n<h3><strong><span style=\"color: #c9346b;\">Buchempfehlung<\/span><\/strong><\/h3>\n<p>[\/vc_column_text][\/vc_column_inner][vc_row_inner][\/vc_row_inner][\/vc_row_inner][vc_column_inner width=&#8220;1\/4&#8243;][vc_single_image image=&#8220;2926&#8243; img_size=&#8220;medium&#8220; alignment=&#8220;center&#8220;][vc_empty_space height=&#8220;50px&#8220;][vc_btn title=&#8220;Link zur Facebook-Seite&#8220; style=&#8220;gradient-custom&#8220; gradient_custom_color_1=&#8220;#31bad6&#8243; gradient_custom_color_2=&#8220;#1b74c6&#8243; align=&#8220;center&#8220; link=&#8220;url:https%3A%2F%2Fwww.facebook.com%2FEANU.Berlin%2F|target:_blank&#8220;][vc_empty_space][\/vc_column_inner][vc_column_inner width=&#8220;1\/2&#8243;][vc_column_text]<\/p>\n<div class=\"wpb_text_column wpb_content_element \">\n<div class=\"wpb_wrapper\">\n<p><em>Ein Kapitel von vielen anderen aus dem Buch<\/em><\/p>\n<p><strong>Meine Begegnung mit dem Tod<\/strong><\/p>\n<p>Dr. med. Andreas Wasylewski<\/p>\n<\/div>\n<\/div>\n<div class=\"wpb_text_column wpb_content_element \">\n<div class=\"wpb_wrapper\">\n<p>Als junger Arzt mit Familie, Frau und 2 kleine Kindern, bin ich nach mehreren eitrigen Mandelentz\u00fcndungen der Empfehlung vom HNO-Kollegen gefolgt und habe mich f\u00fcr eine Mandeloperation entschieden. Die Operation sollte in einer Uni-Klinik stattfinden. Vor der Mandelentfernung sollte ich noch 2 x t\u00e4glich Penicillin als Injektion bekommen. Die vierte Dosis sollte abends erfolgen und einen Tag sp\u00e4ter vormittags war die Operation geplant.<\/p>\n<p>&nbsp;<\/p>\n<p>Es war bekannt, dass ich gegen Pollen von Gr\u00e4sern, Getreide und B\u00e4umen allergisch war. Abends ist eine Krankenschwester gekommen und hat mir die vierte und die letzte Penicillin Injektion gegeben. Etwa 15 Sekunden nach der Injektion hatte ich laute Ger\u00e4usche in beiden Ohren, die sich dann in ein stark pulsierendes tiefes Ger\u00e4usch in der Mitte meines Kopfes verwandelten. Und pl\u00f6tzlich herrschte v\u00f6llige Stille. Gleichzeitig habe ich kurz symbolische Bilder meines Lebens gesehen. Langsam trennte ich mich von meinem K\u00f6rper und war oben an der Zimmerdecke und schaute herunter. Ich konnte von dort mich und die Krankenschwester sehen, die in Panik versuchte, meine letzten Worte \u2013 Kortison und Adrenalin \u2013 umzusetzen. Als Arzt habe ich noch schnell die Diagnose gestellt: anaphylaktischer Schock! Die diensthabende Ober\u00e4rztin ist erst nach gef\u00fchlten 20 Minuten gekommen.<\/p>\n<p>&nbsp;<\/p>\n<p>Mit enormer Geschwindigkeit habe ich durch die Decke das Krankenhaus verlassen und bin in eine au\u00dfergew\u00f6hnliche Helligkeit gegangen. Dieser grenzenlose Raum war sehr hell er \u00fcberflutete und durchdrang mich, sodass ich in sehr kurzer Zeit\u00a0restlos gl\u00fccklich war. Keine Probleme belasteten mich. Ich sp\u00fcrte totalen Frieden \u2026<\/p>\n<p>&nbsp;<\/p>\n<p>Wie es mit der Geschichte weiter geht und wie sie endet erfahren Sie im Buch.<\/p>\n<\/div>\n<\/div>\n<p>[\/vc_column_text][\/vc_column_inner][vc_column_inner width=&#8220;1\/4&#8243;][vc_empty_space height=&#8220;50px&#8220;][vc_single_image image=&#8220;2932&#8243; img_size=&#8220;medium&#8220;][vc_single_image image=&#8220;2931&#8243; img_size=&#8220;medium&#8220;][\/vc_column_inner][vc_column_inner width=&#8220;1\/4&#8243;][\/vc_column_inner][vc_column_inner width=&#8220;1\/2&#8243;][vc_column_text]<span style=\"color: #808080;\"><em>Dezember 2023<\/em><\/span>[\/vc_column_text][\/vc_column_inner][vc_column_inner width=&#8220;1\/4&#8243;][\/vc_column_inner][\/vc_column][\/vc_row][vc_row][vc_column][vc_empty_space height=&#8220;50px&#8220;][vc_empty_space height=&#8220;50px&#8220;][vc_empty_space height=&#8220;50px&#8220;][\/vc_column][\/vc_row][vc_row][vc_column][vc_empty_space height=&#8220;50px&#8220;][vc_separator color=&#8220;peacoc&#8220; style=&#8220;shadow&#8220; border_width=&#8220;3&#8243;][\/vc_column][\/vc_row]<\/p>\n<\/div>","protected":false},"excerpt":{"rendered":"<p>[vc_row][vc_column width=&#8220;1\/4&#8243; css=&#8220;.vc_custom_1699485759868{background-color: #efcbef !important;}&#8220;][vc_row_inner][vc_column_inner][vc_empty_space height=&#8220;50px&#8220;][vc_column_text] Hier geht es zur [\/vc_column_text][vc_empty_space height=&#8220;32&#8243;][vc_single_image image=&#8220;4106&#8243; img_size=&#8220;130&#215;170&#8243; alignment=&#8220;center&#8220; onclick=&#8220;custom_link&#8220; link=&#8220;https:\/\/www.brustkrebs-selbsthilfe-mc.de\/index.php\/bibliothek\/&#8220;][vc_empty_space height=&#8220;50px&#8220;][vc_separator color=&#8220;peacoc&#8220; style=&#8220;shadow&#8220; border_width=&#8220;3&#8243;][\/vc_column_inner][\/vc_row_inner][vc_row_inner][vc_column_inner][vc_column_text] Das mamma CAMPY-Organisationsteam n\u00e4ht und bastelt zur Unterst\u00fctzung der Selbsthilfegruppe. [\/vc_column_text][vc_empty_space height=&#8220;50&#8243;][vc_column_text]Hier geht es in die N\u00e4hstube:[\/vc_column_text][vc_single_image image=&#8220;1712&#8243; img_size=&#8220;450&#215;150&#8243; alignment=&#8220;center&#8220; onclick=&#8220;custom_link&#8220; link=&#8220;http:\/\/www.brustkrebs-selbsthilfe-mc.de\/index.php\/mchens-stirnbandchic-co\/&#8220;][vc_empty_space height=&#8220;50&#8243;][vc_column_text] Hier geht es zu den Schnullerketten und Baby-Accessoires: [\/vc_column_text][vc_single_image image=&#8220;3024&#8243; img_size=&#8220;400&#215;80&#8243; [&hellip;]<\/p>\n","protected":false},"author":3,"featured_media":0,"parent":0,"menu_order":0,"comment_status":"closed","ping_status":"closed","template":"","meta":{"site-sidebar-layout":"no-sidebar","site-content-layout":"plain-container","ast-site-content-layout":"normal-width-container","site-content-style":"unboxed","site-sidebar-style":"unboxed","ast-global-header-display":"","ast-banner-title-visibility":"","ast-main-header-display":"","ast-hfb-above-header-display":"","ast-hfb-below-header-display":"","ast-hfb-mobile-header-display":"","site-post-title":"","ast-breadcrumbs-content":"","ast-featured-img":"disabled","footer-sml-layout":"","ast-disable-related-posts":"","theme-transparent-header-meta":"default","adv-header-id-meta":"","stick-header-meta":"","header-above-stick-meta":"","header-main-stick-meta":"","header-below-stick-meta":"","astra-migrate-meta-layouts":"set","ast-page-background-enabled":"default","ast-page-background-meta":{"desktop":{"background-color":"","background-image":"","background-repeat":"repeat","background-position":"center center","background-size":"auto","background-attachment":"scroll","background-type":"","background-media":"","overlay-type":"","overlay-color":"","overlay-opacity":"","overlay-gradient":""},"tablet":{"background-color":"","background-image":"","background-repeat":"repeat","background-position":"center center","background-size":"auto","background-attachment":"scroll","background-type":"","background-media":"","overlay-type":"","overlay-color":"","overlay-opacity":"","overlay-gradient":""},"mobile":{"background-color":"","background-image":"","background-repeat":"repeat","background-position":"center center","background-size":"auto","background-attachment":"scroll","background-type":"","background-media":"","overlay-type":"","overlay-color":"","overlay-opacity":"","overlay-gradient":""}},"ast-content-background-meta":{"desktop":{"background-color":"var(--ast-global-color-5)","background-image":"","background-repeat":"repeat","background-position":"center center","background-size":"auto","background-attachment":"scroll","background-type":"","background-media":"","overlay-type":"","overlay-color":"","overlay-opacity":"","overlay-gradient":""},"tablet":{"background-color":"var(--ast-global-color-5)","background-image":"","background-repeat":"repeat","background-position":"center center","background-size":"auto","background-attachment":"scroll","background-type":"","background-media":"","overlay-type":"","overlay-color":"","overlay-opacity":"","overlay-gradient":""},"mobile":{"background-color":"var(--ast-global-color-5)","background-image":"","background-repeat":"repeat","background-position":"center center","background-size":"auto","background-attachment":"scroll","background-type":"","background-media":"","overlay-type":"","overlay-color":"","overlay-opacity":"","overlay-gradient":""}},"footnotes":""},"class_list":["post-2923","page","type-page","status-publish","hentry"],"aioseo_notices":[],"_links":{"self":[{"href":"https:\/\/www.brustkrebs-selbsthilfe-mc.de\/index.php\/wp-json\/wp\/v2\/pages\/2923","targetHints":{"allow":["GET"]}}],"collection":[{"href":"https:\/\/www.brustkrebs-selbsthilfe-mc.de\/index.php\/wp-json\/wp\/v2\/pages"}],"about":[{"href":"https:\/\/www.brustkrebs-selbsthilfe-mc.de\/index.php\/wp-json\/wp\/v2\/types\/page"}],"author":[{"embeddable":true,"href":"https:\/\/www.brustkrebs-selbsthilfe-mc.de\/index.php\/wp-json\/wp\/v2\/users\/3"}],"replies":[{"embeddable":true,"href":"https:\/\/www.brustkrebs-selbsthilfe-mc.de\/index.php\/wp-json\/wp\/v2\/comments?post=2923"}],"version-history":[{"count":59,"href":"https:\/\/www.brustkrebs-selbsthilfe-mc.de\/index.php\/wp-json\/wp\/v2\/pages\/2923\/revisions"}],"predecessor-version":[{"id":4448,"href":"https:\/\/www.brustkrebs-selbsthilfe-mc.de\/index.php\/wp-json\/wp\/v2\/pages\/2923\/revisions\/4448"}],"wp:attachment":[{"href":"https:\/\/www.brustkrebs-selbsthilfe-mc.de\/index.php\/wp-json\/wp\/v2\/media?parent=2923"}],"curies":[{"name":"wp","href":"https:\/\/api.w.org\/{rel}","templated":true}]}}