{"id":2832,"date":"2022-10-19T19:04:25","date_gmt":"2022-10-19T17:04:25","guid":{"rendered":"https:\/\/www.brustkrebs-selbsthilfe-mc.de\/?page_id=2832"},"modified":"2024-06-19T00:50:00","modified_gmt":"2024-06-18T22:50:00","slug":"auf-veranstaltungen","status":"publish","type":"page","link":"https:\/\/www.brustkrebs-selbsthilfe-mc.de\/index.php\/auf-veranstaltungen\/","title":{"rendered":"&#8230; auf Veranstaltungen"},"content":{"rendered":"<div class=\"wpb-content-wrapper\"><p>[vc_row css=&#8220;.vc_custom_1641423155496{background-color: rgba(240,178,178,0.26) !important;*background-color: rgb(240,178,178) !important;}&#8220;][vc_column][vc_empty_space height=&#8220;100&#8243;][vc_column_text]<\/p>\n<h2 style=\"padding-left: 80px; text-align: center;\"><strong><span style=\"color: #00ad8a;\">mamma CAMPY beim Tag der Selbsthilfe 2024<\/span><\/strong><\/h2>\n<p>[\/vc_column_text][vc_empty_space height=&#8220;50&#8243;][vc_row_inner][vc_column_inner width=&#8220;1\/2&#8243;][vc_single_image image=&#8220;4300&#8243; img_size=&#8220;500&#215;400&#8243; alignment=&#8220;center&#8220; onclick=&#8220;img_link_large&#8220;][vc_gallery type=&#8220;image_grid&#8220; images=&#8220;4304,4305,4306,4307&#8243; img_size=&#8220;medium&#8220;][vc_empty_space height=&#8220;100&#8243;][vc_column_text]<\/p>\n<p style=\"padding-left: 40px;\"><span style=\"font-size: 16px; font-style: normal; font-weight: 400;\">Am 25. Mai 2024\u00a0<\/span><span style=\"font-size: 16px; font-style: normal; font-weight: 400;\">pr\u00e4sentierten wir<\/span><span style=\"font-size: 16px; font-style: normal; font-weight: 400;\"><span style=\"color: #00ad8a; font-family: Annie use your telescope; font-size: 18px;\"><strong>\u00a0mamma CAMPY<\/strong><\/span> \u00a0<\/span><span style=\"font-size: 16px; font-style: normal; font-weight: 400;\">b<\/span><span style=\"font-size: 16px;\">eim ersten Tag der Selbsthilfe<br \/>\nim Kreiskrankenhaus Gummersbach<\/span><span style=\"font-size: 16px;\">. \u2640\ufe0f<\/span><\/p>\n<p style=\"padding-left: 40px;\">Vielen Dank an die Organisatoren, dass wir dabei sein durften!<\/p>\n<p>[\/vc_column_text][\/vc_column_inner][vc_column_inner width=&#8220;1\/2&#8243;][vc_empty_space height=&#8220;50&#8243;][vc_single_image image=&#8220;4274&#8243; img_size=&#8220;large&#8220; alignment=&#8220;center&#8220;][vc_single_image image=&#8220;4272&#8243; img_size=&#8220;large&#8220; alignment=&#8220;center&#8220;][vc_empty_space height=&#8220;100&#8243;][vc_single_image image=&#8220;3412&#8243; img_size=&#8220;medium&#8220; alignment=&#8220;center&#8220;][\/vc_column_inner][\/vc_row_inner][vc_empty_space height=&#8220;150&#8243;][vc_separator color=&#8220;purple&#8220; style=&#8220;shadow&#8220;][vc_empty_space height=&#8220;32&#8243;][\/vc_column][\/vc_row][vc_row css=&#8220;.vc_custom_1641423155496{background-color: rgba(240,178,178,0.26) !important;*background-color: rgb(240,178,178) !important;}&#8220;][vc_column][vc_empty_space height=&#8220;100&#8243;][vc_column_text]<\/p>\n<h2 style=\"padding-left: 80px; text-align: center;\"><strong><span style=\"color: #00ad8a;\">mamma CAMPY beim Weltfrauentag 2024<\/span><\/strong><\/h2>\n<p>[\/vc_column_text][vc_empty_space height=&#8220;50&#8243;][vc_row_inner][vc_column_inner width=&#8220;1\/2&#8243;][vc_single_image image=&#8220;4143&#8243; img_size=&#8220;400&#215;400&#8243; alignment=&#8220;center&#8220; onclick=&#8220;img_link_large&#8220;][vc_gallery type=&#8220;image_grid&#8220; images=&#8220;4148,4145,4146,4147,4149,4150,4151,4144,4152&#8243; img_size=&#8220;medium&#8220;][\/vc_column_inner][vc_column_inner width=&#8220;1\/2&#8243;][vc_empty_space height=&#8220;50&#8243;][vc_single_image image=&#8220;4065&#8243; img_size=&#8220;large&#8220; alignment=&#8220;center&#8220;][vc_empty_space height=&#8220;100&#8243;][vc_column_text]Am Weltfrauentag, am 8. M\u00e4rz 2024, pr\u00e4sentierten wir zum zweiten Mal <span style=\"color: #00ad8a; font-family: Annie use your telescope; font-size: 18px;\"><strong> mamma CAMPY<\/strong><\/span><br \/>\n&#8211; diesmal in der Halle 32 in Gummersbach. \u2640\ufe0f<\/p>\n<p>Wir durften viele, nette Gespr\u00e4che f\u00fchren, lernten viele, wunderbare Frauen &#8211; und auch ein<br \/>\npaar M\u00e4nner &#8211; kennen und f\u00fchlten uns in der tollen Atmosph\u00e4re sehr wohl.<\/p>\n<p>&nbsp;<\/p>\n<p>Ein gro\u00dfes Dankesch\u00f6n an die Organisatoren![\/vc_column_text][vc_empty_space height=&#8220;100&#8243;][vc_single_image image=&#8220;3412&#8243; img_size=&#8220;medium&#8220; alignment=&#8220;center&#8220;][\/vc_column_inner][\/vc_row_inner][vc_empty_space height=&#8220;150&#8243;][vc_separator color=&#8220;purple&#8220; style=&#8220;shadow&#8220;][vc_empty_space height=&#8220;32&#8243;][\/vc_column][\/vc_row][vc_row css=&#8220;.vc_custom_1641423155496{background-color: rgba(240,178,178,0.26) !important;*background-color: rgb(240,178,178) !important;}&#8220;][vc_column][vc_empty_space height=&#8220;100&#8243;][vc_column_text]<\/p>\n<h2 style=\"text-align: left; padding-left: 80px;\"><strong><span style=\"color: #00ad8a;\">mamma CAMPY war dabei !<\/span><\/strong><\/h2>\n<p>[\/vc_column_text][vc_empty_space height=&#8220;100&#8243;][vc_single_image image=&#8220;2830&#8243; img_size=&#8220;large&#8220; alignment=&#8220;center&#8220;][vc_empty_space height=&#8220;150&#8243;][vc_separator color=&#8220;purple&#8220; style=&#8220;shadow&#8220;][vc_empty_space height=&#8220;32&#8243;][\/vc_column][\/vc_row][vc_row css=&#8220;.vc_custom_1641423155496{background-color: rgba(240,178,178,0.26) !important;*background-color: rgb(240,178,178) !important;}&#8220;][vc_column][vc_row_inner][vc_column_inner width=&#8220;1\/4&#8243;][vc_column_text]<\/p>\n<p style=\"text-align: right;\">30. November \/<br \/>\n1. Dezember 2019[\/vc_column_text][vc_empty_space height=&#8220;32&#8243;][vc_empty_space height=&#8220;32&#8243;][\/vc_column_inner][vc_column_inner width=&#8220;1\/2&#8243;][vc_column_text]Pr\u00e4sentation <span style=\"color: #00ad8a; font-family: Annie use your telescope; font-size: 18px;\"><strong> mamma CAMPY<\/strong><\/span>\u00a0 auf der Denklinger Burgweihnacht[\/vc_column_text][vc_empty_space height=&#8220;50&#8243;][\/vc_column_inner][vc_column_inner width=&#8220;1\/4&#8243;][\/vc_column_inner][vc_column_inner width=&#8220;1\/4&#8243;][\/vc_column_inner][\/vc_row_inner][vc_empty_space height=&#8220;150&#8243;][vc_separator color=&#8220;purple&#8220; style=&#8220;shadow&#8220;][vc_empty_space height=&#8220;32&#8243;][\/vc_column][\/vc_row][vc_row css=&#8220;.vc_custom_1641423155496{background-color: rgba(240,178,178,0.26) !important;*background-color: rgb(240,178,178) !important;}&#8220;][vc_column][vc_row_inner][vc_column_inner width=&#8220;1\/4&#8243;][vc_column_text]<\/p>\n<p style=\"text-align: right;\">22. September 2019<\/p>\n<p>[\/vc_column_text][vc_empty_space height=&#8220;32&#8243;][vc_empty_space height=&#8220;32&#8243;][\/vc_column_inner][vc_column_inner width=&#8220;1\/2&#8243;][vc_column_text]Pr\u00e4sentation <span style=\"color: #00ad8a; font-family: Annie use your telescope; font-size: 18px;\"><strong> mamma CAMPY\u00a0<\/strong><\/span>bei der SelbsthilfeTour NRW in Gummersbach[\/vc_column_text][vc_empty_space height=&#8220;50&#8243;][\/vc_column_inner][vc_column_inner width=&#8220;1\/4&#8243;][\/vc_column_inner][vc_column_inner width=&#8220;1\/4&#8243;][\/vc_column_inner][\/vc_row_inner][vc_empty_space height=&#8220;150&#8243;][vc_separator color=&#8220;purple&#8220; style=&#8220;shadow&#8220;][vc_empty_space height=&#8220;32&#8243;][\/vc_column][\/vc_row][vc_row css=&#8220;.vc_custom_1641423155496{background-color: rgba(240,178,178,0.26) !important;*background-color: rgb(240,178,178) !important;}&#8220;][vc_column][vc_row_inner][vc_column_inner width=&#8220;1\/4&#8243;][vc_column_text]<\/p>\n<p style=\"text-align: right;\">16.\/17. November 2019<\/p>\n<p>[\/vc_column_text][vc_empty_space height=&#8220;32&#8243;][vc_empty_space height=&#8220;32&#8243;][\/vc_column_inner][vc_column_inner width=&#8220;1\/2&#8243;][vc_column_text]Pr\u00e4sentation <span style=\"color: #00ad8a; font-family: Annie use your telescope; font-size: 18px;\"><strong> mamma CAMPY<\/strong><\/span>\u00a0 auf dem Werkkunstmarkt in N\u00fcmbrecht[\/vc_column_text][vc_empty_space height=&#8220;50&#8243;][\/vc_column_inner][vc_column_inner width=&#8220;1\/4&#8243;][\/vc_column_inner][vc_column_inner width=&#8220;1\/4&#8243;][\/vc_column_inner][\/vc_row_inner][vc_empty_space height=&#8220;150&#8243;][vc_separator color=&#8220;purple&#8220; style=&#8220;shadow&#8220;][vc_empty_space height=&#8220;32&#8243;][\/vc_column][\/vc_row][vc_row css=&#8220;.vc_custom_1641423155496{background-color: rgba(240,178,178,0.26) !important;*background-color: rgb(240,178,178) !important;}&#8220;][vc_column][vc_row_inner][vc_column_inner width=&#8220;1\/4&#8243;][vc_column_text]<\/p>\n<p style=\"text-align: right;\">22. M\u00e4rz 2019<\/p>\n<p>[\/vc_column_text][vc_empty_space height=&#8220;32&#8243;][vc_single_image image=&#8220;3262&#8243; img_size=&#8220;medium&#8220; alignment=&#8220;right&#8220; style=&#8220;vc_box_shadow_border_circle&#8220;][vc_empty_space height=&#8220;32&#8243;][\/vc_column_inner][vc_column_inner width=&#8220;1\/2&#8243;][vc_column_text]Pr\u00e4sentation <span style=\"color: #00ad8a; font-family: Annie use your telescope; font-size: 18px;\"><strong> mamma CAMPY<\/strong><\/span> beim Woman&#8217;s Day in Lindlar[\/vc_column_text][vc_empty_space height=&#8220;50&#8243;][vc_single_image image=&#8220;3263&#8243; img_size=&#8220;450&#215;350&#8243; alignment=&#8220;center&#8220; style=&#8220;vc_box_shadow_border&#8220;][\/vc_column_inner][vc_column_inner width=&#8220;1\/4&#8243;][\/vc_column_inner][vc_column_inner width=&#8220;1\/4&#8243;][\/vc_column_inner][\/vc_row_inner][vc_empty_space height=&#8220;150&#8243;][vc_separator color=&#8220;purple&#8220; style=&#8220;shadow&#8220;][vc_empty_space height=&#8220;150&#8243;][\/vc_column][\/vc_row]<\/p>\n<\/div>","protected":false},"excerpt":{"rendered":"<p>[vc_row css=&#8220;.vc_custom_1641423155496{background-color: rgba(240,178,178,0.26) !important;*background-color: rgb(240,178,178) !important;}&#8220;][vc_column][vc_empty_space height=&#8220;100&#8243;][vc_column_text] mamma CAMPY beim Tag der Selbsthilfe 2024 [\/vc_column_text][vc_empty_space height=&#8220;50&#8243;][vc_row_inner][vc_column_inner width=&#8220;1\/2&#8243;][vc_single_image image=&#8220;4300&#8243; img_size=&#8220;500&#215;400&#8243; alignment=&#8220;center&#8220; onclick=&#8220;img_link_large&#8220;][vc_gallery type=&#8220;image_grid&#8220; images=&#8220;4304,4305,4306,4307&#8243; img_size=&#8220;medium&#8220;][vc_empty_space height=&#8220;100&#8243;][vc_column_text] Am 25. Mai 2024\u00a0pr\u00e4sentierten wir\u00a0mamma CAMPY \u00a0beim ersten Tag der Selbsthilfe im Kreiskrankenhaus Gummersbach. \u2640\ufe0f Vielen Dank an die Organisatoren, dass wir dabei sein durften! [\/vc_column_text][\/vc_column_inner][vc_column_inner width=&#8220;1\/2&#8243;][vc_empty_space height=&#8220;50&#8243;][vc_single_image image=&#8220;4274&#8243; img_size=&#8220;large&#8220; [&hellip;]<\/p>\n","protected":false},"author":3,"featured_media":0,"parent":0,"menu_order":0,"comment_status":"closed","ping_status":"closed","template":"","meta":{"site-sidebar-layout":"default","site-content-layout":"default","ast-site-content-layout":"default","site-content-style":"default","site-sidebar-style":"default","ast-global-header-display":"","ast-banner-title-visibility":"","ast-main-header-display":"","ast-hfb-above-header-display":"","ast-hfb-below-header-display":"","ast-hfb-mobile-header-display":"","site-post-title":"disabled","ast-breadcrumbs-content":"","ast-featured-img":"","footer-sml-layout":"","ast-disable-related-posts":"","theme-transparent-header-meta":"default","adv-header-id-meta":"","stick-header-meta":"","header-above-stick-meta":"","header-main-stick-meta":"","header-below-stick-meta":"","astra-migrate-meta-layouts":"default","ast-page-background-enabled":"default","ast-page-background-meta":{"desktop":{"background-color":"","background-image":"","background-repeat":"repeat","background-position":"center center","background-size":"auto","background-attachment":"scroll","background-type":"","background-media":"","overlay-type":"","overlay-color":"","overlay-opacity":"","overlay-gradient":""},"tablet":{"background-color":"","background-image":"","background-repeat":"repeat","background-position":"center center","background-size":"auto","background-attachment":"scroll","background-type":"","background-media":"","overlay-type":"","overlay-color":"","overlay-opacity":"","overlay-gradient":""},"mobile":{"background-color":"","background-image":"","background-repeat":"repeat","background-position":"center center","background-size":"auto","background-attachment":"scroll","background-type":"","background-media":"","overlay-type":"","overlay-color":"","overlay-opacity":"","overlay-gradient":""}},"ast-content-background-meta":{"desktop":{"background-color":"var(--ast-global-color-5)","background-image":"","background-repeat":"repeat","background-position":"center center","background-size":"auto","background-attachment":"scroll","background-type":"","background-media":"","overlay-type":"","overlay-color":"","overlay-opacity":"","overlay-gradient":""},"tablet":{"background-color":"var(--ast-global-color-5)","background-image":"","background-repeat":"repeat","background-position":"center center","background-size":"auto","background-attachment":"scroll","background-type":"","background-media":"","overlay-type":"","overlay-color":"","overlay-opacity":"","overlay-gradient":""},"mobile":{"background-color":"var(--ast-global-color-5)","background-image":"","background-repeat":"repeat","background-position":"center center","background-size":"auto","background-attachment":"scroll","background-type":"","background-media":"","overlay-type":"","overlay-color":"","overlay-opacity":"","overlay-gradient":""}},"footnotes":""},"class_list":["post-2832","page","type-page","status-publish","hentry"],"aioseo_notices":[],"_links":{"self":[{"href":"https:\/\/www.brustkrebs-selbsthilfe-mc.de\/index.php\/wp-json\/wp\/v2\/pages\/2832","targetHints":{"allow":["GET"]}}],"collection":[{"href":"https:\/\/www.brustkrebs-selbsthilfe-mc.de\/index.php\/wp-json\/wp\/v2\/pages"}],"about":[{"href":"https:\/\/www.brustkrebs-selbsthilfe-mc.de\/index.php\/wp-json\/wp\/v2\/types\/page"}],"author":[{"embeddable":true,"href":"https:\/\/www.brustkrebs-selbsthilfe-mc.de\/index.php\/wp-json\/wp\/v2\/users\/3"}],"replies":[{"embeddable":true,"href":"https:\/\/www.brustkrebs-selbsthilfe-mc.de\/index.php\/wp-json\/wp\/v2\/comments?post=2832"}],"version-history":[{"count":19,"href":"https:\/\/www.brustkrebs-selbsthilfe-mc.de\/index.php\/wp-json\/wp\/v2\/pages\/2832\/revisions"}],"predecessor-version":[{"id":4309,"href":"https:\/\/www.brustkrebs-selbsthilfe-mc.de\/index.php\/wp-json\/wp\/v2\/pages\/2832\/revisions\/4309"}],"wp:attachment":[{"href":"https:\/\/www.brustkrebs-selbsthilfe-mc.de\/index.php\/wp-json\/wp\/v2\/media?parent=2832"}],"curies":[{"name":"wp","href":"https:\/\/api.w.org\/{rel}","templated":true}]}}