{"id":2686,"date":"2022-06-13T22:59:15","date_gmt":"2022-06-13T20:59:15","guid":{"rendered":"https:\/\/www.brustkrebs-selbsthilfe-mc.de\/?page_id=2686"},"modified":"2024-08-11T18:13:47","modified_gmt":"2024-08-11T16:13:47","slug":"sags-mit-blumen","status":"publish","type":"page","link":"https:\/\/www.brustkrebs-selbsthilfe-mc.de\/index.php\/sags-mit-blumen\/","title":{"rendered":"Sag&#8217;s mit Blumen"},"content":{"rendered":"<div class=\"wpb-content-wrapper\"><p>[vc_row css=&#8220;.vc_custom_1709503843811{background-color: rgba(129,231,0,0.4) !important;*background-color: rgb(129,231,0) !important;border-radius: 10px !important;}&#8220;][vc_column][vc_empty_space height=&#8220;150&#8243;][vc_column_text]<\/p>\n<h3 class=\"entry-title\" style=\"font-style: normal; text-align: center;\"><span style=\"color: #008000;\"><b>Zu einer gem\u00fctlichen Atmosph\u00e4re geh\u00f6ren auch Blumen.<br \/>\nPassend zur Jahreszeit dekorieren wir unsere Tische<br \/>\nbei unseren Selbsthilfegruppen-Treffen gerne mit sch\u00f6nen Blumenstr\u00e4u\u00dfen.<\/b><\/span><\/h3>\n<h3 class=\"entry-title\" style=\"font-style: normal; text-align: center;\"><span style=\"color: #008000;\"><b>Sie sind auch ein tolles Dankesch\u00f6n f\u00fcr unsere Referenten.<\/b><\/span><\/h3>\n<p>[\/vc_column_text][vc_empty_space height=&#8220;100&#8243;][vc_gallery type=&#8220;image_grid&#8220; images=&#8220;4394,4392,4358,4352,4259,4230,4120,4240&#8243; img_size=&#8220;medium&#8220;][vc_gallery type=&#8220;image_grid&#8220; images=&#8220;4050,3807,3809,3280,3668,3659,3543,3363,3291,3234,3144,2747,2680,2464,2238,2160,1477,654,651,652&#8243; img_size=&#8220;medium&#8220; css=&#8220;.vc_custom_1709503694551{margin-left: 30px !important;}&#8220;][vc_gallery type=&#8220;image_grid&#8220; images=&#8220;3181,2711,2714,2518,2713,3203,2698,2710,2709,2708,2707,2706,2705,2704,2703,2702,2701,2700,2699,740&#8243; img_size=&#8220;medium&#8220; css=&#8220;.vc_custom_1686349091042{margin-left: 30px !important;}&#8220;][vc_empty_space height=&#8220;150&#8243;][vc_row_inner][vc_column_inner width=&#8220;1\/4&#8243;][vc_single_image image=&#8220;3201&#8243; img_size=&#8220;200&#215;140&#8243; alignment=&#8220;center&#8220;][vc_empty_space height=&#8220;150&#8243;][\/vc_column_inner][vc_column_inner width=&#8220;1\/2&#8243;][vc_column_text]<\/p>\n<h4 class=\"entry-title\" style=\"font-style: normal; text-align: left;\"><span style=\"color: #008000;\"><strong>Wir bedanken uns sehr herzlich beim freundlichen<br \/>\nTeam vom Bl\u00fctenzauber, unserem N\u00fcmbrechter Blumengesch\u00e4ft,<br \/>\ndas uns schon bei vielen Treffen mit wundersch\u00f6nen Blumen versorgt hat!<\/strong><\/span><\/h4>\n<p>[\/vc_column_text][\/vc_column_inner][vc_column_inner width=&#8220;1\/4&#8243;][\/vc_column_inner][\/vc_row_inner][\/vc_column][\/vc_row]<\/p>\n<\/div>","protected":false},"excerpt":{"rendered":"<p>[vc_row css=&#8220;.vc_custom_1709503843811{background-color: rgba(129,231,0,0.4) !important;*background-color: rgb(129,231,0) !important;border-radius: 10px !important;}&#8220;][vc_column][vc_empty_space height=&#8220;150&#8243;][vc_column_text] Zu einer gem\u00fctlichen Atmosph\u00e4re geh\u00f6ren auch Blumen. Passend zur Jahreszeit dekorieren wir unsere Tische bei unseren Selbsthilfegruppen-Treffen gerne mit sch\u00f6nen Blumenstr\u00e4u\u00dfen. Sie sind auch ein tolles Dankesch\u00f6n f\u00fcr unsere Referenten. [\/vc_column_text][vc_empty_space height=&#8220;100&#8243;][vc_gallery type=&#8220;image_grid&#8220; images=&#8220;4394,4392,4358,4352,4259,4230,4120,4240&#8243; img_size=&#8220;medium&#8220;][vc_gallery type=&#8220;image_grid&#8220; images=&#8220;4050,3807,3809,3280,3668,3659,3543,3363,3291,3234,3144,2747,2680,2464,2238,2160,1477,654,651,652&#8243; img_size=&#8220;medium&#8220; css=&#8220;.vc_custom_1709503694551{margin-left: 30px !important;}&#8220;][vc_gallery type=&#8220;image_grid&#8220; images=&#8220;3181,2711,2714,2518,2713,3203,2698,2710,2709,2708,2707,2706,2705,2704,2703,2702,2701,2700,2699,740&#8243; img_size=&#8220;medium&#8220; css=&#8220;.vc_custom_1686349091042{margin-left: 30px [&hellip;]<\/p>\n","protected":false},"author":3,"featured_media":0,"parent":0,"menu_order":0,"comment_status":"closed","ping_status":"closed","template":"","meta":{"site-sidebar-layout":"default","site-content-layout":"default","ast-site-content-layout":"default","site-content-style":"default","site-sidebar-style":"default","ast-global-header-display":"","ast-banner-title-visibility":"","ast-main-header-display":"","ast-hfb-above-header-display":"","ast-hfb-below-header-display":"","ast-hfb-mobile-header-display":"","site-post-title":"","ast-breadcrumbs-content":"","ast-featured-img":"","footer-sml-layout":"","ast-disable-related-posts":"","theme-transparent-header-meta":"default","adv-header-id-meta":"","stick-header-meta":"","header-above-stick-meta":"","header-main-stick-meta":"","header-below-stick-meta":"","astra-migrate-meta-layouts":"set","ast-page-background-enabled":"default","ast-page-background-meta":{"desktop":{"background-color":"","background-image":"","background-repeat":"repeat","background-position":"center center","background-size":"auto","background-attachment":"scroll","background-type":"","background-media":"","overlay-type":"","overlay-color":"","overlay-opacity":"","overlay-gradient":""},"tablet":{"background-color":"","background-image":"","background-repeat":"repeat","background-position":"center center","background-size":"auto","background-attachment":"scroll","background-type":"","background-media":"","overlay-type":"","overlay-color":"","overlay-opacity":"","overlay-gradient":""},"mobile":{"background-color":"","background-image":"","background-repeat":"repeat","background-position":"center center","background-size":"auto","background-attachment":"scroll","background-type":"","background-media":"","overlay-type":"","overlay-color":"","overlay-opacity":"","overlay-gradient":""}},"ast-content-background-meta":{"desktop":{"background-color":"var(--ast-global-color-5)","background-image":"","background-repeat":"repeat","background-position":"center center","background-size":"auto","background-attachment":"scroll","background-type":"","background-media":"","overlay-type":"","overlay-color":"","overlay-opacity":"","overlay-gradient":""},"tablet":{"background-color":"var(--ast-global-color-5)","background-image":"","background-repeat":"repeat","background-position":"center center","background-size":"auto","background-attachment":"scroll","background-type":"","background-media":"","overlay-type":"","overlay-color":"","overlay-opacity":"","overlay-gradient":""},"mobile":{"background-color":"var(--ast-global-color-5)","background-image":"","background-repeat":"repeat","background-position":"center center","background-size":"auto","background-attachment":"scroll","background-type":"","background-media":"","overlay-type":"","overlay-color":"","overlay-opacity":"","overlay-gradient":""}},"footnotes":""},"class_list":["post-2686","page","type-page","status-publish","hentry"],"aioseo_notices":[],"_links":{"self":[{"href":"https:\/\/www.brustkrebs-selbsthilfe-mc.de\/index.php\/wp-json\/wp\/v2\/pages\/2686","targetHints":{"allow":["GET"]}}],"collection":[{"href":"https:\/\/www.brustkrebs-selbsthilfe-mc.de\/index.php\/wp-json\/wp\/v2\/pages"}],"about":[{"href":"https:\/\/www.brustkrebs-selbsthilfe-mc.de\/index.php\/wp-json\/wp\/v2\/types\/page"}],"author":[{"embeddable":true,"href":"https:\/\/www.brustkrebs-selbsthilfe-mc.de\/index.php\/wp-json\/wp\/v2\/users\/3"}],"replies":[{"embeddable":true,"href":"https:\/\/www.brustkrebs-selbsthilfe-mc.de\/index.php\/wp-json\/wp\/v2\/comments?post=2686"}],"version-history":[{"count":15,"href":"https:\/\/www.brustkrebs-selbsthilfe-mc.de\/index.php\/wp-json\/wp\/v2\/pages\/2686\/revisions"}],"predecessor-version":[{"id":4420,"href":"https:\/\/www.brustkrebs-selbsthilfe-mc.de\/index.php\/wp-json\/wp\/v2\/pages\/2686\/revisions\/4420"}],"wp:attachment":[{"href":"https:\/\/www.brustkrebs-selbsthilfe-mc.de\/index.php\/wp-json\/wp\/v2\/media?parent=2686"}],"curies":[{"name":"wp","href":"https:\/\/api.w.org\/{rel}","templated":true}]}}