{"id":224,"date":"2018-12-09T23:01:50","date_gmt":"2018-12-09T22:01:50","guid":{"rendered":"https:\/\/www.brustkrebs-selbsthilfe-mc.de\/?page_id=224"},"modified":"2025-03-05T11:52:17","modified_gmt":"2025-03-05T10:52:17","slug":"unsere-kraftquelle","status":"publish","type":"page","link":"https:\/\/www.brustkrebs-selbsthilfe-mc.de\/index.php\/unsere-kraftquelle\/","title":{"rendered":"Unsere Kraftquelle"},"content":{"rendered":"<div class=\"wpb-content-wrapper\"><p>[vc_row][vc_column][vc_column_text]<\/p>\n<header class=\"entry-header ast-no-thumbnail ast-no-meta\">\n<header class=\"entry-header ast-no-thumbnail ast-no-meta\">\n<header class=\"entry-header ast-no-thumbnail ast-no-meta\">\n<h1 class=\"entry-title\"><\/h1>\n<\/header>\n<div class=\"entry-content clear\">\n<p>Wir treffen uns einmal im Monat, um uns auszutauschen und uns Mut zu machen mit dem Ziel, wieder zu uns selbst zu finden.<\/p>\n<p>Der Abend besteht in der Regel aus zwei Teilen:<\/p>\n<p>&nbsp;<\/p>\n<p>&nbsp;<\/p>\n<p>Der <strong>erste Teil<\/strong> ist unsere &#8218;Kraftquelle&#8216;.<br \/>\nHier wollen wir uns gegenseitig aufbauen durch positive und sch\u00f6ne Aktivit\u00e4ten.<\/p>\n<p>Unsere Ziele:<\/p>\n<ul>\n<li>Den Boden unter den F\u00fc\u00dfen wiederfinden!<\/li>\n<li>Lebensfreude!<\/li>\n<\/ul>\n<p>&nbsp;<\/p>\n<p style=\"padding-left: 120px;\"><img loading=\"lazy\" decoding=\"async\" class=\"size-medium wp-image-236 alignleft\" src=\"https:\/\/www.brustkrebs-selbsthilfe-mc.de\/wp-content\/uploads\/2018\/12\/wiedDa-300x70.jpg\" sizes=\"auto, (max-width: 300px) 100vw, 300px\" srcset=\"https:\/\/www.brustkrebs-selbsthilfe-mc.de\/wp-content\/uploads\/2018\/12\/wiedDa-300x70.jpg 300w, https:\/\/www.brustkrebs-selbsthilfe-mc.de\/wp-content\/uploads\/2018\/12\/wiedDa.jpg 436w\" alt=\"\" width=\"300\" height=\"70\" \/><\/p>\n<\/div>\n<p>&nbsp;<\/p>\n<p>&nbsp;<\/p>\n<p>Im\u00a0<strong>zweiten Abschnitt<\/strong>\u00a0berichtet jede, die m\u00f6chte, \u00fcber ihre Krankheit und ihre Probleme und N\u00f6te, die damit einher gehen.<\/p>\n<h1 class=\"entry-title\"><\/h1>\n<\/header>\n<\/header>\n<p>[\/vc_column_text][vc_empty_space height=&#8220;32&#8243;][vc_column_text]<\/p>\n<h4><strong><span style=\"color: #c9346b;\">Beide Teile k\u00f6nnen nach Belieben v\u00f6llig unabh\u00e4ngig voneinander besucht werden:<\/span><\/strong><\/h4>\n<p>Hat jemand<\/p>\n<ul>\n<li>nur Lust, am Workshop oder am Vortrag teilzunehmen<\/li>\n<li>oder aber nur an der Gespr\u00e4chsrunde<\/li>\n<li>oder ist jemand an beiden interessiert?<\/li>\n<\/ul>\n<p>Das kann jede f\u00fcr sich selbst entscheiden.[\/vc_column_text][vc_empty_space height=&#8220;100px&#8220;][vc_separator color=&#8220;custom&#8220; style=&#8220;shadow&#8220;][\/vc_column][\/vc_row][vc_row][vc_column][vc_empty_space height=&#8220;50px&#8220;][vc_column_text]<\/p>\n<h3 style=\"padding-left: 40px;\"><a href=\"https:\/\/www.brustkrebs-selbsthilfe-mc.de\/index.php\/2025-2\/\"><span style=\"color: #c9346b;\"><strong>Das Jahr 2025<\/strong><\/span><\/a><\/h3>\n<p>[\/vc_column_text][vc_empty_space height=&#8220;50px&#8220;][vc_separator color=&#8220;custom&#8220; style=&#8220;shadow&#8220;][\/vc_column][\/vc_row][vc_row][vc_column][vc_empty_space height=&#8220;50px&#8220;][vc_column_text]<\/p>\n<h3 style=\"padding-left: 40px;\"><a title=\"2024\" href=\"https:\/\/www.brustkrebs-selbsthilfe-mc.de\/index.php\/2024-2\/\"><span style=\"color: #c9346b;\"><strong>Das Jahr 2024<\/strong><\/span><\/a><\/h3>\n<p>[\/vc_column_text][vc_empty_space height=&#8220;50px&#8220;][vc_separator color=&#8220;custom&#8220; style=&#8220;shadow&#8220;][\/vc_column][\/vc_row][vc_row][vc_column][vc_empty_space height=&#8220;50px&#8220;][vc_column_text]<\/p>\n<h3 style=\"padding-left: 40px;\"><a href=\"https:\/\/www.brustkrebs-selbsthilfe-mc.de\/index.php\/2023-2\/\"><span style=\"color: #c9346b;\"><strong>Das Jahr 2023<\/strong><\/span><\/a><\/h3>\n<p>[\/vc_column_text][vc_empty_space height=&#8220;50px&#8220;][vc_separator color=&#8220;custom&#8220; style=&#8220;shadow&#8220;][\/vc_column][\/vc_row][vc_row][vc_column][vc_empty_space height=&#8220;50px&#8220;][vc_column_text]<\/p>\n<h3 style=\"padding-left: 40px;\"><span style=\"color: #c9346b;\"><strong><a style=\"color: #c9346b;\" href=\"https:\/\/www.brustkrebs-selbsthilfe-mc.de\/index.php\/2022-2\/\">Das Jahr 2022<\/a><\/strong><\/span><\/h3>\n<p>[\/vc_column_text][vc_empty_space height=&#8220;50px&#8220;][vc_separator color=&#8220;custom&#8220; style=&#8220;shadow&#8220;][\/vc_column][\/vc_row][vc_row][vc_column][vc_empty_space height=&#8220;50px&#8220;][vc_empty_space height=&#8220;50px&#8220;][vc_column_text]<\/p>\n<h3 style=\"padding-left: 40px;\"><a href=\"https:\/\/www.brustkrebs-selbsthilfe-mc.de\/index.php\/2021-2\/\"><span style=\"color: #c9346b;\"><strong>Das Jahr 2021<\/strong><\/span><\/a><\/h3>\n<p>[\/vc_column_text][vc_empty_space height=&#8220;50px&#8220;][vc_separator color=&#8220;custom&#8220; style=&#8220;shadow&#8220;][\/vc_column][\/vc_row][vc_row][vc_column][vc_empty_space height=&#8220;50px&#8220;][vc_column_text]<\/p>\n<h3 style=\"padding-left: 40px;\"><a href=\"https:\/\/www.brustkrebs-selbsthilfe-mc.de\/index.php\/2020-2\/\"><span style=\"color: #c9346b;\"><strong>Das Jahr 2020<\/strong><\/span><\/a><\/h3>\n<p>[\/vc_column_text][vc_empty_space height=&#8220;50px&#8220;][vc_separator color=&#8220;custom&#8220; style=&#8220;shadow&#8220;][\/vc_column][\/vc_row][vc_row][vc_column][vc_empty_space height=&#8220;50px&#8220;][vc_column_text]<\/p>\n<h3 style=\"padding-left: 40px;\"><a href=\"https:\/\/www.brustkrebs-selbsthilfe-mc.de\/index.php\/2018-2019\/\"><span style=\"color: #c9346b;\"><strong>Das Jahr 2019<\/strong><\/span><\/a><\/h3>\n<p>[\/vc_column_text][vc_empty_space height=&#8220;50px&#8220;][vc_separator color=&#8220;custom&#8220; style=&#8220;shadow&#8220;][\/vc_column][\/vc_row][vc_row][vc_column][vc_empty_space height=&#8220;50px&#8220;][vc_column_text]<\/p>\n<h3 style=\"padding-left: 40px;\"><span style=\"color: #c9346b;\"><strong><a style=\"color: #c9346b;\" href=\"https:\/\/www.brustkrebs-selbsthilfe-mc.de\/index.php\/2018-2\/\">Das Jahr 2018<\/a><\/strong><\/span><\/h3>\n<p>[\/vc_column_text][vc_empty_space height=&#8220;50px&#8220;][vc_separator color=&#8220;custom&#8220; style=&#8220;shadow&#8220; accent_color=&#8220;#bfbfbf&#8220;][vc_empty_space height=&#8220;150px&#8220;][\/vc_column][\/vc_row]<\/p>\n<\/div>","protected":false},"excerpt":{"rendered":"<p>[vc_row][vc_column][vc_column_text] Wir treffen uns einmal im Monat, um uns auszutauschen und uns Mut zu machen mit dem Ziel, wieder zu uns selbst zu finden. Der Abend besteht in der Regel aus zwei Teilen: &nbsp; &nbsp; Der erste Teil ist unsere &#8218;Kraftquelle&#8216;. Hier wollen wir uns gegenseitig aufbauen durch positive und sch\u00f6ne Aktivit\u00e4ten. Unsere Ziele: Den [&hellip;]<\/p>\n","protected":false},"author":3,"featured_media":0,"parent":0,"menu_order":0,"comment_status":"closed","ping_status":"closed","template":"","meta":{"site-sidebar-layout":"no-sidebar","site-content-layout":"plain-container","ast-site-content-layout":"normal-width-container","site-content-style":"unboxed","site-sidebar-style":"unboxed","ast-global-header-display":"","ast-banner-title-visibility":"","ast-main-header-display":"","ast-hfb-above-header-display":"","ast-hfb-below-header-display":"","ast-hfb-mobile-header-display":"","site-post-title":"","ast-breadcrumbs-content":"","ast-featured-img":"disabled","footer-sml-layout":"","ast-disable-related-posts":"","theme-transparent-header-meta":"default","adv-header-id-meta":"","stick-header-meta":"","header-above-stick-meta":"","header-main-stick-meta":"","header-below-stick-meta":"","astra-migrate-meta-layouts":"set","ast-page-background-enabled":"default","ast-page-background-meta":{"desktop":{"background-color":"","background-image":"","background-repeat":"repeat","background-position":"center center","background-size":"auto","background-attachment":"scroll","background-type":"","background-media":"","overlay-type":"","overlay-color":"","overlay-opacity":"","overlay-gradient":""},"tablet":{"background-color":"","background-image":"","background-repeat":"repeat","background-position":"center center","background-size":"auto","background-attachment":"scroll","background-type":"","background-media":"","overlay-type":"","overlay-color":"","overlay-opacity":"","overlay-gradient":""},"mobile":{"background-color":"","background-image":"","background-repeat":"repeat","background-position":"center center","background-size":"auto","background-attachment":"scroll","background-type":"","background-media":"","overlay-type":"","overlay-color":"","overlay-opacity":"","overlay-gradient":""}},"ast-content-background-meta":{"desktop":{"background-color":"var(--ast-global-color-5)","background-image":"","background-repeat":"repeat","background-position":"center center","background-size":"auto","background-attachment":"scroll","background-type":"","background-media":"","overlay-type":"","overlay-color":"","overlay-opacity":"","overlay-gradient":""},"tablet":{"background-color":"var(--ast-global-color-5)","background-image":"","background-repeat":"repeat","background-position":"center center","background-size":"auto","background-attachment":"scroll","background-type":"","background-media":"","overlay-type":"","overlay-color":"","overlay-opacity":"","overlay-gradient":""},"mobile":{"background-color":"var(--ast-global-color-5)","background-image":"","background-repeat":"repeat","background-position":"center center","background-size":"auto","background-attachment":"scroll","background-type":"","background-media":"","overlay-type":"","overlay-color":"","overlay-opacity":"","overlay-gradient":""}},"footnotes":""},"class_list":["post-224","page","type-page","status-publish","hentry"],"aioseo_notices":[],"_links":{"self":[{"href":"https:\/\/www.brustkrebs-selbsthilfe-mc.de\/index.php\/wp-json\/wp\/v2\/pages\/224","targetHints":{"allow":["GET"]}}],"collection":[{"href":"https:\/\/www.brustkrebs-selbsthilfe-mc.de\/index.php\/wp-json\/wp\/v2\/pages"}],"about":[{"href":"https:\/\/www.brustkrebs-selbsthilfe-mc.de\/index.php\/wp-json\/wp\/v2\/types\/page"}],"author":[{"embeddable":true,"href":"https:\/\/www.brustkrebs-selbsthilfe-mc.de\/index.php\/wp-json\/wp\/v2\/users\/3"}],"replies":[{"embeddable":true,"href":"https:\/\/www.brustkrebs-selbsthilfe-mc.de\/index.php\/wp-json\/wp\/v2\/comments?post=224"}],"version-history":[{"count":154,"href":"https:\/\/www.brustkrebs-selbsthilfe-mc.de\/index.php\/wp-json\/wp\/v2\/pages\/224\/revisions"}],"predecessor-version":[{"id":4991,"href":"https:\/\/www.brustkrebs-selbsthilfe-mc.de\/index.php\/wp-json\/wp\/v2\/pages\/224\/revisions\/4991"}],"wp:attachment":[{"href":"https:\/\/www.brustkrebs-selbsthilfe-mc.de\/index.php\/wp-json\/wp\/v2\/media?parent=224"}],"curies":[{"name":"wp","href":"https:\/\/api.w.org\/{rel}","templated":true}]}}