{"id":1836,"date":"2021-01-21T23:06:22","date_gmt":"2021-01-21T22:06:22","guid":{"rendered":"https:\/\/www.brustkrebs-selbsthilfe-mc.de\/?page_id=1836"},"modified":"2021-06-28T23:59:32","modified_gmt":"2021-06-28T21:59:32","slug":"5-juli-2021","status":"publish","type":"page","link":"https:\/\/www.brustkrebs-selbsthilfe-mc.de\/index.php\/5-juli-2021\/","title":{"rendered":"5. Juli 2021"},"content":{"rendered":"<div class=\"wpb-content-wrapper\"><p>[vc_row][vc_column][vc_column_text css=&#8220;.vc_custom_1624917563783{background-color: #e8e8e8 !important;border-radius: 10px !important;}&#8220;]<\/p>\n<h2><\/h2>\n<p>&nbsp;<\/p>\n<h2 style=\"padding-left: 40px;\"><span style=\"color: #c9346b;\"><strong>Achtung!<\/strong><\/span><\/h2>\n<div dir=\"auto\" style=\"padding-left: 40px;\">\n<p style=\"padding-left: 40px;\">\n<\/div>\n<h3><\/h3>\n<h3 style=\"padding-left: 40px;\"><strong><span style=\"color: #c9346b;\">\u27a2 <\/span><\/strong><strong><span style=\"color: #ff0000;\">Das Treffen findet dieses Mal bei einer anderen Adresse statt:<\/span><\/strong><\/h3>\n<p style=\"padding-left: 80px;\"><strong><span style=\"font-size: large;\">Dr. Becker Rhein-Sieg-Klinik<\/span><\/strong><\/p>\n<p style=\"padding-left: 80px;\"><strong><span style=\"font-size: large;\">H\u00f6henstr. 30<\/span><span style=\"font-size: large;\"><br \/>\n<\/span><\/strong><span style=\"font-size: large;\"><strong>51588 N\u00fcmbrecht<\/strong>.<\/span><\/p>\n<h4 style=\"padding-left: 80px;\"><strong><span style=\"color: #ff0000;\">Achtung! Die Adresse wurde nochmal ge\u00e4ndert!<\/span><\/strong><\/h4>\n<p>&nbsp;<\/p>\n<h3 style=\"padding-left: 40px;\"><strong><span style=\"color: #c9346b;\">\u27a2<\/span> \u00dcber unsere Hygienema\u00dfnahmen informieren wir hier zeitnah.\u00a0<\/strong><\/h3>\n<h3 style=\"padding-left: 40px;\"><span style=\"color: #c9346b;\"><strong>\u27a2 <\/strong><\/span><strong>Auch <a href=\"https:\/\/www.brustkrebs-selbsthilfe-mc.de\/index.php\/kontakt\/\"><span style=\"color: #c9346b;\">von der Krankheit nicht direkt Betroffene<\/span><\/a> sind diesmal herzlich willkommen.<\/strong><\/h3>\n<p>&nbsp;<\/p>\n<h3 style=\"padding-left: 40px;\"><\/h3>\n<h3 style=\"padding-left: 40px;\"><\/h3>\n<p>[\/vc_column_text][\/vc_column][\/vc_row][vc_row css=&#8220;.vc_custom_1616673421221{background-color: #4f78a1 !important;border-radius: 10px !important;}&#8220;][vc_column][vc_empty_space height=&#8220;50px&#8220;][vc_column_text css=&#8220;.vc_custom_1616629377062{background-color: #e8e8e8 !important;border-radius: 10px !important;}&#8220;]<\/p>\n<div dir=\"auto\" style=\"padding-left: 40px;\">\n<h3 dir=\"auto\"><strong><span style=\"color: #00ad8a;\">Atemp\u00e4dagogik-Workshop mit <a href=\"https:\/\/atembewegung.de\/\"><span style=\"color: #4f78a1;\">Josefine Dripke<\/span><\/a>.<\/span><\/strong><\/h3>\n<\/div>\n<p>[\/vc_column_text][vc_empty_space height=&#8220;50px&#8220;][vc_row_inner][vc_column_inner width=&#8220;1\/4&#8243;][vc_single_image image=&#8220;1966&#8243; img_size=&#8220;medium&#8220; style=&#8220;vc_box_shadow_border_circle&#8220;][\/vc_column_inner][vc_column_inner width=&#8220;3\/4&#8243;][vc_empty_space height=&#8220;100px&#8220;][vc_column_text]<\/p>\n<p style=\"font-size: 12pt;\"><span style=\"color: #e8e8e8;\">Ab 1985 begann f\u00fcr Frau Dripke die dreij\u00e4hrige Ausbildungszeit am Ilse-Middendorf-Institut<\/span><br \/>\n<span style=\"color: #e8e8e8;\">zur Atemp\u00e4dagogin im \u201cErfahrbaren Atem\u201d.<\/span><\/p>\n<p style=\"font-size: 12pt;\"><span style=\"color: #e8e8e8;\">In der Teilnahme an weiteren Seminaren, in der eigenen \u00dcbung und durch die Weitergabe<\/span><br \/>\n<span style=\"color: #e8e8e8;\">vertieft sie diesen Weg seither weiter.<\/span>[\/vc_column_text][\/vc_column_inner][\/vc_row_inner][vc_empty_space height=&#8220;50px&#8220;][vc_column_text]<\/p>\n<p style=\"font-size: 12pt; padding-left: 40px;\"><span style=\"color: #e8e8e8;\">Atemarbeit nach Middenorf<\/span><\/p>\n<p style=\"font-size: 12pt; padding-left: 40px;\"><span style=\"color: #e8e8e8;\">Atem bedeutet Leben. Die Atemarbeit nach Ilse Middendorf er\u00f6ffnet einen kontemplativen \u00dcbungsweg, auf das Leben in uns selbst zu lauschen<br \/>\nund uns der str\u00f6menden Kraft des Atems anzuvertrauen,<\/span><br \/>\n<span style=\"color: #e8e8e8;\">uns davon bewegen und beleben zu lassen, zur Ruhe zu kommen, Boden unter den F\u00fc\u00dfen zu sp\u00fcren und ganz bei uns selbst anzukommen.<\/span><br \/>\n<span style=\"color: #e8e8e8;\">Somit sind Sie eingeladen, in liebevoller Achtsamkeit mit allem, was Sie gerade sind, sich selbst wahrzunehmen, im Vertrauen darauf,<br \/>\ndass der lebendige Atem das Leben immer wieder in Fluss bringt, <\/span><span style=\"color: #e8e8e8;\">heilt und verwandelt.<\/span>[\/vc_column_text][vc_empty_space height=&#8220;50px&#8220;][vc_column_text]<\/p>\n<h4 style=\"padding-left: 40px;\"><span style=\"color: #95ff00;\"><strong>Bitte bringt bequeme Kleidung und dicke Socken mit.<\/strong><\/span><\/h4>\n<p>[\/vc_column_text][vc_empty_space height=&#8220;50px&#8220;][vc_column_text]<\/p>\n<blockquote>\n<p><span style=\"color: #e8e8e8;\">Vor lauter Lauschen und Staunen sei still,<\/span><br \/>\n<span style=\"color: #e8e8e8;\">du mein tieftiefes Leben;<\/span><br \/>\n<span style=\"color: #e8e8e8;\">dass du wei\u00dft, was der Wind\u00a0 dir will,<\/span><br \/>\n<span style=\"color: #e8e8e8;\">eh noch die Birken beben.<\/span><\/p>\n<p>&nbsp;<\/p>\n<p><span style=\"color: #e8e8e8;\">Und wenn dir einmal das Schweigen sprach,<\/span><br \/>\n<span style=\"color: #e8e8e8;\">lass deine Sinne besiegen.<\/span><br \/>\n<span style=\"color: #e8e8e8;\">Jedem Hauch gib dich, gib nach,<\/span><br \/>\n<span style=\"color: #e8e8e8;\">er wird dich lieben und wiegen.<\/span><\/p>\n<p>&nbsp;<\/p>\n<p><span style=\"color: #e8e8e8;\">Und dann meine Seele sei weit, sei weit,<\/span><br \/>\n<span style=\"color: #e8e8e8;\">dass dir das Leben gelinge,<\/span><br \/>\n<span style=\"color: #e8e8e8;\">breite dich wie ein Federkleid<\/span><br \/>\n<span style=\"color: #e8e8e8;\">\u00fcber die sinnenden Dinge.<\/span><\/p>\n<p>&nbsp;<\/p>\n<p><span style=\"color: #e8e8e8;\">Rainer Maria Rilke<\/span><\/p>\n<\/blockquote>\n<p>[\/vc_column_text][vc_empty_space height=&#8220;100px&#8220;][vc_column_text css=&#8220;.vc_custom_1616710204257{background-color: #e8e8e8 !important;border-radius: 10px !important;}&#8220;]&nbsp;<\/p>\n<p style=\"padding-left: 40px;\"><a style=\"color: #ff00ff;\" href=\"https:\/\/www.brustkrebs-selbsthilfe-mc.de\/index.php\/kontakt\/\"><strong>Wir bitten um eine Anmeldung:<\/strong><\/a><\/p>\n<p style=\"padding-left: 40px;\"><strong>Telefon<\/strong>\u00a0 \u00a0 \u00a0 \u00a0 \u00a0 \u00a0 \u00a0 \u00a00170 \u2013 289 02 97<br \/>\n<strong>E-Mail<\/strong>\u00a0 \u00a0 \u00a0 \u00a0 \u00a0 \u00a0 \u00a0 \u00a0 \u00a0mamma.campy@gmail.com<\/p>\n<p>&nbsp;[\/vc_column_text][vc_empty_space height=&#8220;100px&#8220;][vc_column_text]<\/p>\n<h3 style=\"text-align: center;\"><span style=\"color: #95ff00;\"><strong>Zahlreiche Interessentinnen sind herzlich willkommen!<\/strong><\/span><\/h3>\n<p>[\/vc_column_text][vc_empty_space height=&#8220;70px&#8220;][\/vc_column][\/vc_row][vc_row][vc_column][vc_empty_space height=&#8220;150px&#8220;][\/vc_column][\/vc_row]<\/p>\n<\/div>","protected":false},"excerpt":{"rendered":"<p>[vc_row][vc_column][vc_column_text css=&#8220;.vc_custom_1624917563783{background-color: #e8e8e8 !important;border-radius: 10px !important;}&#8220;] &nbsp; Achtung! \u27a2 Das Treffen findet dieses Mal bei einer anderen Adresse statt: Dr. Becker Rhein-Sieg-Klinik H\u00f6henstr. 30 51588 N\u00fcmbrecht. Achtung! Die Adresse wurde nochmal ge\u00e4ndert! &nbsp; \u27a2 \u00dcber unsere Hygienema\u00dfnahmen informieren wir hier zeitnah.\u00a0 \u27a2 Auch von der Krankheit nicht direkt Betroffene sind diesmal herzlich willkommen. &nbsp; [\/vc_column_text][\/vc_column][\/vc_row][vc_row [&hellip;]<\/p>\n","protected":false},"author":3,"featured_media":0,"parent":0,"menu_order":0,"comment_status":"closed","ping_status":"closed","template":"","meta":{"site-sidebar-layout":"no-sidebar","site-content-layout":"plain-container","ast-site-content-layout":"default","site-content-style":"default","site-sidebar-style":"default","ast-global-header-display":"","ast-banner-title-visibility":"","ast-main-header-display":"","ast-hfb-above-header-display":"","ast-hfb-below-header-display":"","ast-hfb-mobile-header-display":"","site-post-title":"","ast-breadcrumbs-content":"","ast-featured-img":"disabled","footer-sml-layout":"","ast-disable-related-posts":"","theme-transparent-header-meta":"default","adv-header-id-meta":"","stick-header-meta":"","header-above-stick-meta":"","header-main-stick-meta":"","header-below-stick-meta":"","astra-migrate-meta-layouts":"default","ast-page-background-enabled":"default","ast-page-background-meta":{"desktop":{"background-color":"","background-image":"","background-repeat":"repeat","background-position":"center center","background-size":"auto","background-attachment":"scroll","background-type":"","background-media":"","overlay-type":"","overlay-color":"","overlay-opacity":"","overlay-gradient":""},"tablet":{"background-color":"","background-image":"","background-repeat":"repeat","background-position":"center center","background-size":"auto","background-attachment":"scroll","background-type":"","background-media":"","overlay-type":"","overlay-color":"","overlay-opacity":"","overlay-gradient":""},"mobile":{"background-color":"","background-image":"","background-repeat":"repeat","background-position":"center center","background-size":"auto","background-attachment":"scroll","background-type":"","background-media":"","overlay-type":"","overlay-color":"","overlay-opacity":"","overlay-gradient":""}},"ast-content-background-meta":{"desktop":{"background-color":"var(--ast-global-color-5)","background-image":"","background-repeat":"repeat","background-position":"center center","background-size":"auto","background-attachment":"scroll","background-type":"","background-media":"","overlay-type":"","overlay-color":"","overlay-opacity":"","overlay-gradient":""},"tablet":{"background-color":"var(--ast-global-color-5)","background-image":"","background-repeat":"repeat","background-position":"center center","background-size":"auto","background-attachment":"scroll","background-type":"","background-media":"","overlay-type":"","overlay-color":"","overlay-opacity":"","overlay-gradient":""},"mobile":{"background-color":"var(--ast-global-color-5)","background-image":"","background-repeat":"repeat","background-position":"center center","background-size":"auto","background-attachment":"scroll","background-type":"","background-media":"","overlay-type":"","overlay-color":"","overlay-opacity":"","overlay-gradient":""}},"footnotes":""},"class_list":["post-1836","page","type-page","status-publish","hentry"],"aioseo_notices":[],"_links":{"self":[{"href":"https:\/\/www.brustkrebs-selbsthilfe-mc.de\/index.php\/wp-json\/wp\/v2\/pages\/1836","targetHints":{"allow":["GET"]}}],"collection":[{"href":"https:\/\/www.brustkrebs-selbsthilfe-mc.de\/index.php\/wp-json\/wp\/v2\/pages"}],"about":[{"href":"https:\/\/www.brustkrebs-selbsthilfe-mc.de\/index.php\/wp-json\/wp\/v2\/types\/page"}],"author":[{"embeddable":true,"href":"https:\/\/www.brustkrebs-selbsthilfe-mc.de\/index.php\/wp-json\/wp\/v2\/users\/3"}],"replies":[{"embeddable":true,"href":"https:\/\/www.brustkrebs-selbsthilfe-mc.de\/index.php\/wp-json\/wp\/v2\/comments?post=1836"}],"version-history":[{"count":19,"href":"https:\/\/www.brustkrebs-selbsthilfe-mc.de\/index.php\/wp-json\/wp\/v2\/pages\/1836\/revisions"}],"predecessor-version":[{"id":2140,"href":"https:\/\/www.brustkrebs-selbsthilfe-mc.de\/index.php\/wp-json\/wp\/v2\/pages\/1836\/revisions\/2140"}],"wp:attachment":[{"href":"https:\/\/www.brustkrebs-selbsthilfe-mc.de\/index.php\/wp-json\/wp\/v2\/media?parent=1836"}],"curies":[{"name":"wp","href":"https:\/\/api.w.org\/{rel}","templated":true}]}}