{"id":1638,"date":"2020-10-14T10:19:59","date_gmt":"2020-10-14T08:19:59","guid":{"rendered":"https:\/\/www.brustkrebs-selbsthilfe-mc.de\/?page_id=1638"},"modified":"2024-03-26T00:42:47","modified_gmt":"2024-03-25T23:42:47","slug":"2018-2","status":"publish","type":"page","link":"https:\/\/www.brustkrebs-selbsthilfe-mc.de\/index.php\/2018-2\/","title":{"rendered":"2018"},"content":{"rendered":"<div class=\"wpb-content-wrapper\"><p>[vc_row][vc_column][vc_column_text]<\/p>\n<header class=\"entry-header ast-no-thumbnail ast-no-meta\">\n<h1 class=\"entry-title\"><\/h1>\n<\/header>\n<div class=\"entry-content clear\">\n<p>Wir treffen uns einmal im Monat, um uns auszutauschen und uns Mut zu machen mit dem Ziel, wieder zu uns selbst zu finden.<\/p>\n<p>Der Abend besteht in der Regel aus zwei Teilen:<\/p>\n<p>Im\u00a0<strong>ersten Abschnitt<\/strong>\u00a0berichtet jede, die m\u00f6chte, \u00fcber ihre Krankheit und ihre Probleme und N\u00f6te, die damit einher gehen.<\/p>\n<p>&nbsp;<\/p>\n<p>Es versteht sich von selbst, dass alles in der Gruppe bleibt!<\/p>\n<p>&nbsp;<\/p>\n<p>Im\u00a0<strong>zweiten Teil<\/strong>\u00a0wollen wir uns gegenseitig aufbauen durch positive und sch\u00f6ne Aktivit\u00e4ten.<\/p>\n<p>Unsere Ziele:<\/p>\n<ul>\n<li>Den Boden unter den F\u00fc\u00dfen wiederfinden!<\/li>\n<li>Lebensfreude!<\/li>\n<\/ul>\n<p><img loading=\"lazy\" decoding=\"async\" class=\"size-medium wp-image-236 alignleft\" src=\"https:\/\/www.brustkrebs-selbsthilfe-mc.de\/wp-content\/uploads\/2018\/12\/wiedDa-300x70.jpg\" sizes=\"auto, (max-width: 300px) 100vw, 300px\" srcset=\"https:\/\/www.brustkrebs-selbsthilfe-mc.de\/wp-content\/uploads\/2018\/12\/wiedDa-300x70.jpg 300w, https:\/\/www.brustkrebs-selbsthilfe-mc.de\/wp-content\/uploads\/2018\/12\/wiedDa.jpg 436w\" alt=\"\" width=\"300\" height=\"70\" \/><\/div>\n<p>[\/vc_column_text][vc_empty_space height=&#8220;100px&#8220;][vc_separator color=&#8220;mulled_wine&#8220; style=&#8220;shadow&#8220;][vc_row_inner][vc_column_inner][vc_empty_space height=&#8220;20&#8243;][vc_column_text]<\/p>\n<div class=\"n2-ss-layer n2-ow n-uc-141df4d515f78\" data-pm=\"normal\" data-sstype=\"layer\">\n<h3 id=\"n2-ss-37item7\" class=\"n2-font-622dc7c20b79e8fe4656514496877714-hover n2-style-f20c151d99d31877cae787392751ca24-heading n2-ss-item-content n2-ss-text n2-ow\" style=\"text-align: center;\"><span style=\"color: #c9346b;\"><strong>Uns geh\u00f6rt die Stunde. <\/strong><\/span><span style=\"color: #c9346b;\"><strong>Und eine Stunde, wenn sie gl\u00fccklich ist, ist viel.<\/strong><\/span><\/h3>\n<\/div>\n<p>[\/vc_column_text][vc_empty_space height=&#8220;20&#8243;][\/vc_column_inner][\/vc_row_inner][vc_text_separator title=&#8220;Theodor Fontane&#8220; color=&#8220;mulled_wine&#8220; style=&#8220;shadow&#8220;][vc_empty_space height=&#8220;100&#8243;][\/vc_column][\/vc_row][vc_row][vc_column][vc_column_text]<\/p>\n<header class=\"entry-header ast-no-thumbnail ast-no-meta\">\n<h1 class=\"entry-title\">3. Dezember 2018<\/h1>\n<\/header>\n<div class=\"entry-content clear\">\n<p>Nach unserer Gespr\u00e4chsrunde im ersten Teil &#8230;<\/p>\n<p>&nbsp;<\/p>\n<p><img loading=\"lazy\" decoding=\"async\" class=\"alignnone wp-image-697\" src=\"https:\/\/www.brustkrebs-selbsthilfe-mc.de\/wp-content\/uploads\/2019\/04\/CK031-300x174.jpg\" alt=\"\" width=\"648\" height=\"375\" srcset=\"https:\/\/www.brustkrebs-selbsthilfe-mc.de\/wp-content\/uploads\/2019\/04\/CK031-300x174.jpg 300w, https:\/\/www.brustkrebs-selbsthilfe-mc.de\/wp-content\/uploads\/2019\/04\/CK031-768x445.jpg 768w, https:\/\/www.brustkrebs-selbsthilfe-mc.de\/wp-content\/uploads\/2019\/04\/CK031-1024x594.jpg 1024w, https:\/\/www.brustkrebs-selbsthilfe-mc.de\/wp-content\/uploads\/2019\/04\/CK031.jpg 1168w\" sizes=\"auto, (max-width: 648px) 100vw, 648px\" \/><\/p>\n<\/div>\n<p>&nbsp;<\/p>\n<p>&nbsp;<\/p>\n<div class=\"entry-content clear\">\n<p>&#8230; \u00a0luden wir i<span style=\"font-size: 16px; font-style: normal; font-weight: normal;\">m zweiten Teil unseres Treffens <\/span><span style=\"font-size: 16px;\">zu einem kreativen Filzabend in der Vorweihnachtszeit ein.<\/span><\/p>\n<\/div>\n<p>&nbsp;<\/p>\n<p>&nbsp;<\/p>\n<div class=\"entry-content clear\">\n<p><img loading=\"lazy\" decoding=\"async\" class=\"alignnone wp-image-674 \" src=\"https:\/\/www.brustkrebs-selbsthilfe-mc.de\/wp-content\/uploads\/2019\/04\/CK002-1-300x200.jpg\" alt=\"\" width=\"464\" height=\"309\" srcset=\"https:\/\/www.brustkrebs-selbsthilfe-mc.de\/wp-content\/uploads\/2019\/04\/CK002-1-300x200.jpg 300w, https:\/\/www.brustkrebs-selbsthilfe-mc.de\/wp-content\/uploads\/2019\/04\/CK002-1-768x511.jpg 768w, https:\/\/www.brustkrebs-selbsthilfe-mc.de\/wp-content\/uploads\/2019\/04\/CK002-1-1024x681.jpg 1024w\" sizes=\"auto, (max-width: 464px) 100vw, 464px\" \/> Wir\u00a0filzten kleine Wichtel und Pinguine\u00a0mit der Nadel .<\/p>\n<\/div>\n<p>&nbsp;<\/p>\n<p>&nbsp;<\/p>\n<p><img loading=\"lazy\" decoding=\"async\" class=\"alignnone wp-image-686\" src=\"https:\/\/www.brustkrebs-selbsthilfe-mc.de\/wp-content\/uploads\/2019\/04\/CK034-198x300.jpg\" alt=\"\" width=\"273\" height=\"414\" srcset=\"https:\/\/www.brustkrebs-selbsthilfe-mc.de\/wp-content\/uploads\/2019\/04\/CK034-198x300.jpg 198w, https:\/\/www.brustkrebs-selbsthilfe-mc.de\/wp-content\/uploads\/2019\/04\/CK034.jpg 527w\" sizes=\"auto, (max-width: 273px) 100vw, 273px\" \/><span style=\"font-size: 16px;\">F\u00fcr Unerfahrene stand unsere Anja zur Verf\u00fcgung, die viel Erfahrung mit der Trockenfilztechnik mitbringt.<\/span><\/p>\n<div class=\"entry-content clear\">\n<p>&nbsp;<\/p>\n<h3><span style=\"color: #00ad8a;\"><strong>Ein gro\u00dfes Dankesch\u00f6n f\u00fcr ihre ausgezeichnete Anleitung und ihre Geduld!<\/strong><\/span><\/h3>\n<\/div>\n<p>&nbsp;<\/p>\n<p>&nbsp;<\/p>\n<p><img loading=\"lazy\" decoding=\"async\" class=\"alignnone wp-image-685\" style=\"font-weight: inherit;\" src=\"https:\/\/www.brustkrebs-selbsthilfe-mc.de\/wp-content\/uploads\/2019\/04\/CK033-204x300.jpg\" alt=\"\" width=\"275\" height=\"404\" srcset=\"https:\/\/www.brustkrebs-selbsthilfe-mc.de\/wp-content\/uploads\/2019\/04\/CK033-204x300.jpg 204w, https:\/\/www.brustkrebs-selbsthilfe-mc.de\/wp-content\/uploads\/2019\/04\/CK033.jpg 565w\" sizes=\"auto, (max-width: 275px) 100vw, 275px\" \/> <img loading=\"lazy\" decoding=\"async\" class=\"alignnone wp-image-684\" style=\"font-style: inherit; font-weight: inherit;\" src=\"https:\/\/www.brustkrebs-selbsthilfe-mc.de\/wp-content\/uploads\/2019\/04\/CK035-209x300.jpg\" alt=\"\" width=\"283\" height=\"407\" \/><\/p>\n<p>&nbsp;<\/p>\n<p>&nbsp;<\/p>\n<div class=\"entry-content clear\">\n<p>Unsere gesammelten Werke: <img loading=\"lazy\" decoding=\"async\" class=\"alignnone wp-image-680\" style=\"font-style: inherit; font-weight: inherit;\" src=\"https:\/\/www.brustkrebs-selbsthilfe-mc.de\/wp-content\/uploads\/2019\/04\/CK030-300x208.jpg\" alt=\"\" width=\"431\" height=\"299\" srcset=\"https:\/\/www.brustkrebs-selbsthilfe-mc.de\/wp-content\/uploads\/2019\/04\/CK030-300x208.jpg 300w, https:\/\/www.brustkrebs-selbsthilfe-mc.de\/wp-content\/uploads\/2019\/04\/CK030-768x532.jpg 768w, https:\/\/www.brustkrebs-selbsthilfe-mc.de\/wp-content\/uploads\/2019\/04\/CK030-1024x710.jpg 1024w, https:\/\/www.brustkrebs-selbsthilfe-mc.de\/wp-content\/uploads\/2019\/04\/CK030.jpg 1167w\" sizes=\"auto, (max-width: 431px) 100vw, 431px\" \/><\/p>\n<\/div>\n<p>&nbsp;<\/p>\n<p>&nbsp;<\/p>\n<p>&nbsp;<\/p>\n<p>Zum Schluss gab es f\u00fcr jeden einen kleinen Weihnachtsgru\u00df:<\/p>\n<p>&nbsp;<\/p>\n<p><img loading=\"lazy\" decoding=\"async\" class=\"alignnone size-medium wp-image-688\" src=\"https:\/\/www.brustkrebs-selbsthilfe-mc.de\/wp-content\/uploads\/2019\/04\/CK032-295x300.jpg\" alt=\"\" width=\"295\" height=\"300\" srcset=\"https:\/\/www.brustkrebs-selbsthilfe-mc.de\/wp-content\/uploads\/2019\/04\/CK032-295x300.jpg 295w, https:\/\/www.brustkrebs-selbsthilfe-mc.de\/wp-content\/uploads\/2019\/04\/CK032.jpg 421w\" sizes=\"auto, (max-width: 295px) 100vw, 295px\" \/><\/p>\n<p>&nbsp;<\/p>\n<p>&nbsp;<\/p>\n<div class=\"entry-content clear\">\n<blockquote>\n<p><span style=\"color: #00ad8a;\"><strong>Trockenfilzen oder Nadelfilzen<\/strong><\/span><\/p>\n<p>Filznadeln sind Nadeln mit Widerhaken. So \u00e4hnlich wie bei einer Harpune, nur viel kleiner und die Haken zeigen in zwei Richtungen.<br \/>\nBeim Einstechen und Herausziehen der Nadel werden die Wollfasern mitgezogen und miteinander \u201cverhakt\u201d, also verfilzt.<\/p>\n<\/blockquote>\n<\/div>\n<p>&nbsp;<\/p>\n<p>&nbsp;<\/p>\n<p>&nbsp;<\/p>\n<hr \/>\n<header class=\"entry-header ast-no-thumbnail ast-no-meta\">\n<h1 class=\"entry-title\">5. November 2018<\/h1>\n<\/header>\n<div class=\"entry-content clear\">\n<p>Nach unserer Gespr\u00e4chsrunde\u00a0hatten wir viel Spa\u00df bei unserer<\/p>\n<h3><span style=\"color: #c9346b;\"><strong>Orientalischen Tanzstunde<\/strong><\/span><\/h3>\n<p><img loading=\"lazy\" decoding=\"async\" class=\"alignnone size-medium wp-image-676\" src=\"https:\/\/www.brustkrebs-selbsthilfe-mc.de\/wp-content\/uploads\/2019\/04\/CK011-230x300.jpg\" alt=\"\" width=\"230\" height=\"300\" srcset=\"https:\/\/www.brustkrebs-selbsthilfe-mc.de\/wp-content\/uploads\/2019\/04\/CK011-230x300.jpg 230w, https:\/\/www.brustkrebs-selbsthilfe-mc.de\/wp-content\/uploads\/2019\/04\/CK011-768x1002.jpg 768w, https:\/\/www.brustkrebs-selbsthilfe-mc.de\/wp-content\/uploads\/2019\/04\/CK011-785x1024.jpg 785w\" sizes=\"auto, (max-width: 230px) 100vw, 230px\" \/>Mit der Hilfe von Chris studierten wir eine kleine, einfache Choreografie ein.<\/p>\n<\/div>\n<p>&nbsp;<\/p>\n<p>Tanzen ist wie Tr\u00e4umen mit den F\u00fc\u00dfen:<\/p>\n<p>Bei sch\u00f6ner Musik den K\u00f6rper sp\u00fcren und zu seiner Weiblichkeit zur\u00fcck finden.<\/p>\n<p>Beim orientalischen Tanz gelangt der K\u00f6rper in den Einklang mit der Seele, ist wohltuend f\u00fcr R\u00fccken- und Schulterprobleme.<\/p>\n<p>Alle &#8211; auch die absoluten Anf\u00e4nger &#8211; waren begeistert und hatten gro\u00dfes Vergn\u00fcgen!<\/p>\n<p>&nbsp;<\/p>\n<h3><strong><span style=\"color: #00ad8a;\">Vielen Dank Chris&#8230;.<\/span><\/strong><\/h3>\n<p>&nbsp;<\/p>\n<p>&nbsp;<\/p>\n<hr \/>\n<h1 class=\"entry-title\">1. Oktober 2018<\/h1>\n<p>Bei unserem Er\u00f6ffnungstreffen waren wir alle aufgeregt.<\/p>\n<p>&nbsp;<\/p>\n<p><img loading=\"lazy\" decoding=\"async\" class=\"alignnone wp-image-604\" src=\"https:\/\/www.brustkrebs-selbsthilfe-mc.de\/wp-content\/uploads\/2019\/04\/CK001-300x184.jpg\" alt=\"\" width=\"435\" height=\"267\" srcset=\"https:\/\/www.brustkrebs-selbsthilfe-mc.de\/wp-content\/uploads\/2019\/04\/CK001-300x184.jpg 300w, https:\/\/www.brustkrebs-selbsthilfe-mc.de\/wp-content\/uploads\/2019\/04\/CK001-768x470.jpg 768w, https:\/\/www.brustkrebs-selbsthilfe-mc.de\/wp-content\/uploads\/2019\/04\/CK001.jpg 781w\" sizes=\"auto, (max-width: 435px) 100vw, 435px\" \/><\/p>\n<p>&nbsp;<\/p>\n<p>Wir freuten uns sehr dar\u00fcber, dass die ersten Damen den Weg zu uns gefunden haben.<\/p>\n<p>Alles war noch neu und ein bisschen chaotisch. Aber wir hatten eine gelungene Gespr\u00e4chsrunde.[\/vc_column_text][\/vc_column][\/vc_row]<\/p>\n<\/div>","protected":false},"excerpt":{"rendered":"<p>[vc_row][vc_column][vc_column_text] Wir treffen uns einmal im Monat, um uns auszutauschen und uns Mut zu machen mit dem Ziel, wieder zu uns selbst zu finden. Der Abend besteht in der Regel aus zwei Teilen: Im\u00a0ersten Abschnitt\u00a0berichtet jede, die m\u00f6chte, \u00fcber ihre Krankheit und ihre Probleme und N\u00f6te, die damit einher gehen. &nbsp; Es versteht sich von [&hellip;]<\/p>\n","protected":false},"author":3,"featured_media":0,"parent":0,"menu_order":0,"comment_status":"closed","ping_status":"closed","template":"","meta":{"site-sidebar-layout":"no-sidebar","site-content-layout":"plain-container","ast-site-content-layout":"default","site-content-style":"default","site-sidebar-style":"default","ast-global-header-display":"","ast-banner-title-visibility":"","ast-main-header-display":"","ast-hfb-above-header-display":"","ast-hfb-below-header-display":"","ast-hfb-mobile-header-display":"","site-post-title":"","ast-breadcrumbs-content":"","ast-featured-img":"disabled","footer-sml-layout":"","ast-disable-related-posts":"","theme-transparent-header-meta":"default","adv-header-id-meta":"","stick-header-meta":"","header-above-stick-meta":"","header-main-stick-meta":"","header-below-stick-meta":"","astra-migrate-meta-layouts":"default","ast-page-background-enabled":"default","ast-page-background-meta":{"desktop":{"background-color":"","background-image":"","background-repeat":"repeat","background-position":"center center","background-size":"auto","background-attachment":"scroll","background-type":"","background-media":"","overlay-type":"","overlay-color":"","overlay-opacity":"","overlay-gradient":""},"tablet":{"background-color":"","background-image":"","background-repeat":"repeat","background-position":"center center","background-size":"auto","background-attachment":"scroll","background-type":"","background-media":"","overlay-type":"","overlay-color":"","overlay-opacity":"","overlay-gradient":""},"mobile":{"background-color":"","background-image":"","background-repeat":"repeat","background-position":"center center","background-size":"auto","background-attachment":"scroll","background-type":"","background-media":"","overlay-type":"","overlay-color":"","overlay-opacity":"","overlay-gradient":""}},"ast-content-background-meta":{"desktop":{"background-color":"var(--ast-global-color-5)","background-image":"","background-repeat":"repeat","background-position":"center center","background-size":"auto","background-attachment":"scroll","background-type":"","background-media":"","overlay-type":"","overlay-color":"","overlay-opacity":"","overlay-gradient":""},"tablet":{"background-color":"var(--ast-global-color-5)","background-image":"","background-repeat":"repeat","background-position":"center center","background-size":"auto","background-attachment":"scroll","background-type":"","background-media":"","overlay-type":"","overlay-color":"","overlay-opacity":"","overlay-gradient":""},"mobile":{"background-color":"var(--ast-global-color-5)","background-image":"","background-repeat":"repeat","background-position":"center center","background-size":"auto","background-attachment":"scroll","background-type":"","background-media":"","overlay-type":"","overlay-color":"","overlay-opacity":"","overlay-gradient":""}},"footnotes":""},"class_list":["post-1638","page","type-page","status-publish","hentry"],"aioseo_notices":[],"_links":{"self":[{"href":"https:\/\/www.brustkrebs-selbsthilfe-mc.de\/index.php\/wp-json\/wp\/v2\/pages\/1638","targetHints":{"allow":["GET"]}}],"collection":[{"href":"https:\/\/www.brustkrebs-selbsthilfe-mc.de\/index.php\/wp-json\/wp\/v2\/pages"}],"about":[{"href":"https:\/\/www.brustkrebs-selbsthilfe-mc.de\/index.php\/wp-json\/wp\/v2\/types\/page"}],"author":[{"embeddable":true,"href":"https:\/\/www.brustkrebs-selbsthilfe-mc.de\/index.php\/wp-json\/wp\/v2\/users\/3"}],"replies":[{"embeddable":true,"href":"https:\/\/www.brustkrebs-selbsthilfe-mc.de\/index.php\/wp-json\/wp\/v2\/comments?post=1638"}],"version-history":[{"count":10,"href":"https:\/\/www.brustkrebs-selbsthilfe-mc.de\/index.php\/wp-json\/wp\/v2\/pages\/1638\/revisions"}],"predecessor-version":[{"id":4166,"href":"https:\/\/www.brustkrebs-selbsthilfe-mc.de\/index.php\/wp-json\/wp\/v2\/pages\/1638\/revisions\/4166"}],"wp:attachment":[{"href":"https:\/\/www.brustkrebs-selbsthilfe-mc.de\/index.php\/wp-json\/wp\/v2\/media?parent=1638"}],"curies":[{"name":"wp","href":"https:\/\/api.w.org\/{rel}","templated":true}]}}