{"id":1061,"date":"2019-12-13T01:32:13","date_gmt":"2019-12-13T00:32:13","guid":{"rendered":"https:\/\/www.brustkrebs-selbsthilfe-mc.de\/?page_id=1061"},"modified":"2020-09-10T00:31:24","modified_gmt":"2020-09-09T22:31:24","slug":"5-oktober-2020","status":"publish","type":"page","link":"https:\/\/www.brustkrebs-selbsthilfe-mc.de\/index.php\/5-oktober-2020\/","title":{"rendered":"5. Oktober 2020"},"content":{"rendered":"<div class=\"wpb-content-wrapper\"><p>[vc_row][vc_column][vc_column_text]<\/p>\n<h3><span style=\"color: #00ad8a;\"><strong>Karin L\u00f6rsch bietet den Workshop &#8218;Ich bin stark &#8211; Selbstf\u00fcrsorge statt Opferrolle&#8216; an.<\/strong><\/span><\/h3>\n<p>[\/vc_column_text][vc_empty_space height=&#8220;100px&#8220;][\/vc_column][\/vc_row][vc_row css=&#8220;.vc_custom_1592431813411{background-color: #5ca1b2 !important;border-radius: 20px !important;}&#8220;][vc_column width=&#8220;1\/2&#8243;][vc_empty_space][vc_column_text]<\/p>\n<p style=\"padding-left: 40px;\"><span style=\"color: #e6e3e3;\">Karin L\u00f6rsch ist Inhaberin der Praxis f\u00fcr psychologische Beratung und Betreuung<\/span> <span style=\"color: #e05307;\"><strong><a style=\"color: #e05307;\" href=\"https:\/\/www.vivadrenalin.de\/\">Vivadrenalin<\/a><\/strong><\/span> <span style=\"color: #e6e3e3;\">in Waldbr\u00f6l.<\/span><\/p>\n<p>&nbsp;<\/p>\n<p style=\"padding-left: 40px;\"><span style=\"color: #e6e3e3;\">Frauen mit\u00a0 der Diagnose Brustkrebs erleben bei Diagnosestellung fast immer eine gro\u00dfe Ersch\u00fctterung.<br \/>\n<\/span><span style=\"color: #e6e3e3;\">Gef\u00fchle wie Verzweiflung, Angst, Trauer etc. stellen das bisherige Leben auf den Kopf.<\/span><\/p>\n<p style=\"padding-left: 40px;\"><span style=\"color: #e6e3e3;\">Doch wie es weitergeht, liegt an Ihnen!<\/span><\/p>\n<blockquote>\n<p style=\"padding-left: 40px;\"><span style=\"color: #e6e3e3;\">&#8222;Dass die V\u00f6gel des Kummers und der Sorge \u00fcber dir kreisen,<br \/>\nkannst du nicht \u00e4ndern.<br \/>\nDass sie auf deinem Kopf aber Nester bauen, das kannst du verhindern&#8220;.<\/span><\/p>\n<\/blockquote>\n<p>[\/vc_column_text][\/vc_column][vc_column width=&#8220;1\/2&#8243;][vc_single_image image=&#8220;1428&#8243; img_size=&#8220;medium&#8220; style=&#8220;vc_box_shadow_border_circle&#8220;][\/vc_column][\/vc_row][vc_row css=&#8220;.vc_custom_1592431791393{background-color: #5ca1b2 !important;border-radius: 20px !important;}&#8220;][vc_column width=&#8220;1\/4&#8243;][vc_single_image image=&#8220;1434&#8243; img_size=&#8220;medium&#8220; alignment=&#8220;right&#8220;][\/vc_column][vc_column width=&#8220;1\/2&#8243;][vc_column_text]<\/p>\n<p style=\"padding-left: 40px;\"><span style=\"color: #e6e3e3;\">Karin L\u00f6rsch, psychologischer Coach, NLP-Practitioner und Kunsttherapeutin, hat diesen Kontrollverlust<br \/>\nbei Brustkrebs vor 20 Jahren selbst erlebt und wei\u00df, mit einer geh\u00f6rigen Portion Selbstf\u00fcrsorge und der passenden Einstellung lebt es sich ges\u00fcnder.<\/span><\/p>\n<p style=\"padding-left: 40px;\"><span style=\"color: #e6e3e3;\">In diesem Impuls-Workshop wird die Opferrolle inkl. unerw\u00fcnschter Nebenwirkungen anschaulich und mit Augenzwinkern beleuchtet. <\/span><\/p>\n<p style=\"padding-left: 40px;\"><span style=\"color: #e6e3e3;\">Gemeinsam entwickeln wir erste Ideen, warum ein\u00a0 &#8222;Mutanfall&#8220; wirksam ist und welche Haltung Ihre Genesung unterst\u00fctzt.<\/span><\/p>\n<p>[\/vc_column_text][\/vc_column][vc_column width=&#8220;1\/4&#8243;][\/vc_column][\/vc_row][vc_row][vc_column][vc_empty_space height=&#8220;100px&#8220;][vc_column_text css=&#8220;.vc_custom_1599690261387{background-color: #e8e8e8 !important;border-radius: 10px !important;}&#8220;]<\/p>\n<h2 style=\"padding-left: 40px;\"><span style=\"color: #c9346b;\"><strong>Achtung!<\/strong><\/span><\/h2>\n<div dir=\"auto\" style=\"padding-left: 40px;\">\n<p style=\"padding-left: 40px;\">\n<\/div>\n<h3 style=\"padding-left: 40px;\"><strong><span style=\"color: #c9346b;\">\u27a2<\/span> Eine <a href=\"https:\/\/www.brustkrebs-selbsthilfe-mc.de\/index.php\/kontakt\/\"><span style=\"color: #c9346b;\">Anmeldung<\/span><\/a><\/strong><strong> ist dringend bis zum 1.10.2020 notwendig!<\/strong><\/h3>\n<p style=\"padding-left: 80px;\"><strong>Telefon<\/strong>\u00a0 \u00a0 \u00a0 \u00a0 \u00a0 \u00a0 \u00a0 \u00a00170 \u2013 289 02 97<br \/>\n<strong>E-Mail<\/strong>\u00a0 \u00a0 \u00a0 \u00a0 \u00a0 \u00a0 \u00a0 \u00a0 \u00a0mamma.campy@gmail.com<\/p>\n<p>&nbsp;[\/vc_column_text][vc_empty_space height=&#8220;100px&#8220;][vc_column_text]<\/p>\n<h3 style=\"text-align: center;\"><span style=\"color: #00ad8a;\"><strong>Zahlreiche Interessenten und Interessentinnen sind herzlich willkommen!<\/strong><\/span><\/h3>\n<p>[\/vc_column_text][vc_empty_space height=&#8220;100px&#8220;][vc_column_text]&nbsp;<\/p>\n<div dir=\"auto\" style=\"padding-left: 40px;\">\n<h3 dir=\"auto\"><span style=\"color: #ff6600;\"><strong>Folgendes ist bei dieser Veranstaltung zu beachten:<\/strong><\/span><\/h3>\n<div dir=\"auto\"><\/div>\n<div dir=\"auto\"><img decoding=\"async\" class=\"CToWUd\" src=\"https:\/\/mail.google.com\/mail\/e\/1f4cc\" alt=\"\ud83d\udccc\" data-goomoji=\"1f4cc\" data-image-whitelisted=\"\" \/>\u00a0 \u00a0 Bitte mit Mundschutz eintreten. <img decoding=\"async\" class=\"CToWUd\" src=\"https:\/\/mail.google.com\/mail\/e\/1f637\" alt=\"\ud83d\ude37\" data-goomoji=\"1f637\" data-image-whitelisted=\"\" \/><\/div>\n<div dir=\"auto\"><img decoding=\"async\" class=\"CToWUd\" src=\"https:\/\/mail.google.com\/mail\/e\/1f4cc\" alt=\"\ud83d\udccc\" data-goomoji=\"1f4cc\" data-image-whitelisted=\"\" \/>\u00a0 \u00a0 Bitte Abstand halten. <img decoding=\"async\" class=\"CToWUd\" src=\"https:\/\/mail.google.com\/mail\/e\/270b\" alt=\"\u270b\" data-goomoji=\"270b\" data-image-whitelisted=\"\" \/><\/div>\n<div dir=\"auto\"><img decoding=\"async\" class=\"CToWUd\" src=\"https:\/\/mail.google.com\/mail\/e\/1f4cc\" alt=\"\ud83d\udccc\" data-goomoji=\"1f4cc\" data-image-whitelisted=\"\" \/>\u00a0 \u00a0 Desinfektionsmittel ist vor Ort. \ud83e\uddf4<\/div>\n<div dir=\"auto\"><img decoding=\"async\" class=\"CToWUd\" src=\"https:\/\/mail.google.com\/mail\/e\/1f4cc\" alt=\"\ud83d\udccc\" data-goomoji=\"1f4cc\" data-image-whitelisted=\"\" \/>\u00a0 \u00a0 Bitte Getr\u00e4nke und Knabbereien selbst mitbringen. <img decoding=\"async\" class=\"CToWUd\" src=\"https:\/\/mail.google.com\/mail\/e\/1f376\" alt=\"\ud83c\udf76\" data-goomoji=\"1f376\" data-image-whitelisted=\"\" \/><img decoding=\"async\" class=\"CToWUd\" src=\"https:\/\/mail.google.com\/mail\/e\/1f36b\" alt=\"\ud83c\udf6b\" data-goomoji=\"1f36b\" data-image-whitelisted=\"\" \/><\/div>\n<div dir=\"auto\">\u00a0 \u00a0 \u00a0 \u00a0 \u00a0 \u00a0 \u00a0 \u00a0 \u00a0(Leider d\u00fcrfen wir nichts anbieten.)<\/div>\n<\/div>\n<p>&nbsp;[\/vc_column_text][\/vc_column][\/vc_row][vc_row][vc_column][vc_empty_space height=&#8220;150px&#8220;][\/vc_column][\/vc_row]<\/p>\n<\/div>","protected":false},"excerpt":{"rendered":"<p>[vc_row][vc_column][vc_column_text] Karin L\u00f6rsch bietet den Workshop &#8218;Ich bin stark &#8211; Selbstf\u00fcrsorge statt Opferrolle&#8216; an. [\/vc_column_text][vc_empty_space height=&#8220;100px&#8220;][\/vc_column][\/vc_row][vc_row css=&#8220;.vc_custom_1592431813411{background-color: #5ca1b2 !important;border-radius: 20px !important;}&#8220;][vc_column width=&#8220;1\/2&#8243;][vc_empty_space][vc_column_text] Karin L\u00f6rsch ist Inhaberin der Praxis f\u00fcr psychologische Beratung und Betreuung Vivadrenalin in Waldbr\u00f6l. &nbsp; Frauen mit\u00a0 der Diagnose Brustkrebs erleben bei Diagnosestellung fast immer eine gro\u00dfe Ersch\u00fctterung. Gef\u00fchle wie Verzweiflung, Angst, Trauer [&hellip;]<\/p>\n","protected":false},"author":3,"featured_media":0,"parent":0,"menu_order":0,"comment_status":"closed","ping_status":"closed","template":"","meta":{"site-sidebar-layout":"default","site-content-layout":"default","ast-site-content-layout":"default","site-content-style":"default","site-sidebar-style":"default","ast-global-header-display":"","ast-banner-title-visibility":"","ast-main-header-display":"","ast-hfb-above-header-display":"","ast-hfb-below-header-display":"","ast-hfb-mobile-header-display":"","site-post-title":"","ast-breadcrumbs-content":"","ast-featured-img":"","footer-sml-layout":"","ast-disable-related-posts":"","theme-transparent-header-meta":"default","adv-header-id-meta":"","stick-header-meta":"","header-above-stick-meta":"","header-main-stick-meta":"","header-below-stick-meta":"","astra-migrate-meta-layouts":"default","ast-page-background-enabled":"default","ast-page-background-meta":{"desktop":{"background-color":"","background-image":"","background-repeat":"repeat","background-position":"center center","background-size":"auto","background-attachment":"scroll","background-type":"","background-media":"","overlay-type":"","overlay-color":"","overlay-opacity":"","overlay-gradient":""},"tablet":{"background-color":"","background-image":"","background-repeat":"repeat","background-position":"center center","background-size":"auto","background-attachment":"scroll","background-type":"","background-media":"","overlay-type":"","overlay-color":"","overlay-opacity":"","overlay-gradient":""},"mobile":{"background-color":"","background-image":"","background-repeat":"repeat","background-position":"center center","background-size":"auto","background-attachment":"scroll","background-type":"","background-media":"","overlay-type":"","overlay-color":"","overlay-opacity":"","overlay-gradient":""}},"ast-content-background-meta":{"desktop":{"background-color":"var(--ast-global-color-5)","background-image":"","background-repeat":"repeat","background-position":"center center","background-size":"auto","background-attachment":"scroll","background-type":"","background-media":"","overlay-type":"","overlay-color":"","overlay-opacity":"","overlay-gradient":""},"tablet":{"background-color":"var(--ast-global-color-5)","background-image":"","background-repeat":"repeat","background-position":"center center","background-size":"auto","background-attachment":"scroll","background-type":"","background-media":"","overlay-type":"","overlay-color":"","overlay-opacity":"","overlay-gradient":""},"mobile":{"background-color":"var(--ast-global-color-5)","background-image":"","background-repeat":"repeat","background-position":"center center","background-size":"auto","background-attachment":"scroll","background-type":"","background-media":"","overlay-type":"","overlay-color":"","overlay-opacity":"","overlay-gradient":""}},"footnotes":""},"class_list":["post-1061","page","type-page","status-publish","hentry"],"aioseo_notices":[],"_links":{"self":[{"href":"https:\/\/www.brustkrebs-selbsthilfe-mc.de\/index.php\/wp-json\/wp\/v2\/pages\/1061","targetHints":{"allow":["GET"]}}],"collection":[{"href":"https:\/\/www.brustkrebs-selbsthilfe-mc.de\/index.php\/wp-json\/wp\/v2\/pages"}],"about":[{"href":"https:\/\/www.brustkrebs-selbsthilfe-mc.de\/index.php\/wp-json\/wp\/v2\/types\/page"}],"author":[{"embeddable":true,"href":"https:\/\/www.brustkrebs-selbsthilfe-mc.de\/index.php\/wp-json\/wp\/v2\/users\/3"}],"replies":[{"embeddable":true,"href":"https:\/\/www.brustkrebs-selbsthilfe-mc.de\/index.php\/wp-json\/wp\/v2\/comments?post=1061"}],"version-history":[{"count":11,"href":"https:\/\/www.brustkrebs-selbsthilfe-mc.de\/index.php\/wp-json\/wp\/v2\/pages\/1061\/revisions"}],"predecessor-version":[{"id":1565,"href":"https:\/\/www.brustkrebs-selbsthilfe-mc.de\/index.php\/wp-json\/wp\/v2\/pages\/1061\/revisions\/1565"}],"wp:attachment":[{"href":"https:\/\/www.brustkrebs-selbsthilfe-mc.de\/index.php\/wp-json\/wp\/v2\/media?parent=1061"}],"curies":[{"name":"wp","href":"https:\/\/api.w.org\/{rel}","templated":true}]}}